{"id":999,"date":"2021-07-19T18:11:36","date_gmt":"2021-07-19T18:11:36","guid":{"rendered":"https:\/\/500lifestudies.org\/?page_id=999"},"modified":"2021-09-22T09:58:19","modified_gmt":"2021-09-22T09:58:19","slug":"hitos","status":"publish","type":"page","link":"https:\/\/500lifestudies.org\/es\/hitos\/","title":{"rendered":"Recompensas por hitos"},"content":{"rendered":"<h1>\n\t\tHITO <br> RECOMPENSAS\n\t<\/h1>\n\t<p>Reciba obsequios especiales al completar los hitos de lectura como est\u00edmulo.<\/p>\n\t\t\t<a href=\"https:\/\/500lifestudies.org\/es\/inscribirse\/\" target=\"_self\" role=\"button\" rel=\"noopener\">\n\t\t\t\t\t\t\tCOMENZAR\n\t\t\t\t\t<\/a>\n\t\t\t<a href=\"https:\/\/500lifestudies.org\/es\/premio\/\" target=\"_self\" role=\"button\" rel=\"noopener\">\n\t\t\t\t\t\t\tRegistro\n\t\t\t\t\t<\/a>\n<h2>\n\t\t50 estudios de vida\n\t<\/h2>\n\t<p>Recibe un marcap\u00e1ginas de pl\u00e1stico de edici\u00f3n limitada al terminar de leer los 50 mensajes del Estudio-vida. El marcap\u00e1ginas te recuerda consejos \u00fatiles mientras lees.<\/p>\n\t\t\t\t<img decoding=\"async\" src=\"http:\/\/500lifestudies.org\/wp-content\/uploads\/2021\/07\/bookmarks_1.svg\" alt=\"marcadores_1\" itemprop=\"image\" title=\"marcadores_1\" onerror=\"this.style.display='none'\">\n<h2>\n\t\t100, 200, 300, 400 y 500 estudios de vida\n\t<\/h2>\n\t<p>Recibe imanes de edici\u00f3n limitada al completar la lectura de 100, 200, 300, 400 y 500 mensajes del Estudio-vida. Colecci\u00f3nalos todos y col\u00f3calos en tu refrigerador.<\/p>\n\t\t\t\t<img decoding=\"async\" src=\"http:\/\/500lifestudies.org\/wp-content\/uploads\/2021\/07\/magnets_1.svg\" alt=\"imanes_1\" itemprop=\"image\" title=\"imanes_1\" onerror=\"this.style.display='none'\">","protected":false},"excerpt":{"rendered":"<p>RECOMPENSAS POR HITOS DE LECTURA Recibe regalos especiales como incentivo al completar los hitos de lectura. COMIENZA. Registra 50 Estudios de Vida. Recibe un marcap\u00e1ginas de pl\u00e1stico de edici\u00f3n limitada al completar 50 mensajes de Estudios de Vida. El marcap\u00e1ginas te recuerda consejos \u00fatiles mientras lees. 100, 200, 300, 400 y 500 Estudios de Vida. Recibe imanes de edici\u00f3n limitada al\u2026<\/p>","protected":false},"author":10,"featured_media":0,"parent":0,"menu_order":0,"comment_status":"closed","ping_status":"closed","template":"","meta":{"inline_featured_image":false,"_monsterinsights_skip_tracking":false,"_monsterinsights_sitenote_active":false,"_monsterinsights_sitenote_note":"","_monsterinsights_sitenote_category":0,"footnotes":""},"class_list":["post-999","page","type-page","status-publish","hentry"],"_links":{"self":[{"href":"https:\/\/500lifestudies.org\/es\/wp-json\/wp\/v2\/pages\/999","targetHints":{"allow":["GET"]}}],"collection":[{"href":"https:\/\/500lifestudies.org\/es\/wp-json\/wp\/v2\/pages"}],"about":[{"href":"https:\/\/500lifestudies.org\/es\/wp-json\/wp\/v2\/types\/page"}],"author":[{"embeddable":true,"href":"https:\/\/500lifestudies.org\/es\/wp-json\/wp\/v2\/users\/10"}],"replies":[{"embeddable":true,"href":"https:\/\/500lifestudies.org\/es\/wp-json\/wp\/v2\/comments?post=999"}],"version-history":[{"count":0,"href":"https:\/\/500lifestudies.org\/es\/wp-json\/wp\/v2\/pages\/999\/revisions"}],"wp:attachment":[{"href":"https:\/\/500lifestudies.org\/es\/wp-json\/wp\/v2\/media?parent=999"}],"curies":[{"name":"wp","href":"https:\/\/api.w.org\/{rel}","templated":true}]}}