{"id":728,"date":"2021-07-11T03:16:43","date_gmt":"2021-07-11T03:16:43","guid":{"rendered":"https:\/\/500lifestudies.org\/?page_id=728"},"modified":"2021-07-15T20:56:31","modified_gmt":"2021-07-15T20:56:31","slug":"premio-gracias","status":"publish","type":"page","link":"https:\/\/500lifestudies.org\/es\/premio-gracias\/","title":{"rendered":"Registro de premios Gracias"},"content":{"rendered":"<h1>\u00a1GRACIAS!<\/h1>\t\t\t\n\t\t\t\t<p>\u00a0<\/p>\n<p>Gracias por registrarte para recibir regalos y premios por tu progreso. Recibir\u00e1s un correo electr\u00f3nico de confirmaci\u00f3n y, si proporcionaste tu n\u00famero de tel\u00e9fono, tambi\u00e9n un SMS de confirmaci\u00f3n.<\/p>\n<p>Por favor, revise su carpeta de correo no deseado o de promociones si nuestro correo electr\u00f3nico no aparece pronto en su bandeja de entrada. Para mejorar la entrega de nuestros correos, agregue info@500lifestudies.org a su lista de contactos haciendo clic a continuaci\u00f3n:<\/p>\n\t\t\t<a href=\"\/wp-content\/uploads\/500lifestudies.org.vcf\" target=\"_self\" role=\"button\" aria-label=\"DESCARGAR CONTACTO\" rel=\"noopener\">\n\t\t\t\t\t\t\tDESCARGAR CONTACTO\n\t\t<\/a>","protected":false},"excerpt":{"rendered":"<p>\u00a1GRACIAS! Gracias por registrarte para recibir regalos y premios por tu progreso. Recibir\u00e1s un correo electr\u00f3nico de confirmaci\u00f3n y, si proporcionaste tu n\u00famero de tel\u00e9fono, tambi\u00e9n un SMS de confirmaci\u00f3n. Revisa tu carpeta de correo no deseado o promociones si nuestro correo no llega pronto. Para\u2026<\/p>","protected":false},"author":1,"featured_media":0,"parent":0,"menu_order":0,"comment_status":"closed","ping_status":"closed","template":"","meta":{"inline_featured_image":false,"_monsterinsights_skip_tracking":false,"_monsterinsights_sitenote_active":false,"_monsterinsights_sitenote_note":"","_monsterinsights_sitenote_category":0,"footnotes":""},"class_list":["post-728","page","type-page","status-publish","hentry"],"_links":{"self":[{"href":"https:\/\/500lifestudies.org\/es\/wp-json\/wp\/v2\/pages\/728","targetHints":{"allow":["GET"]}}],"collection":[{"href":"https:\/\/500lifestudies.org\/es\/wp-json\/wp\/v2\/pages"}],"about":[{"href":"https:\/\/500lifestudies.org\/es\/wp-json\/wp\/v2\/types\/page"}],"author":[{"embeddable":true,"href":"https:\/\/500lifestudies.org\/es\/wp-json\/wp\/v2\/users\/1"}],"replies":[{"embeddable":true,"href":"https:\/\/500lifestudies.org\/es\/wp-json\/wp\/v2\/comments?post=728"}],"version-history":[{"count":0,"href":"https:\/\/500lifestudies.org\/es\/wp-json\/wp\/v2\/pages\/728\/revisions"}],"wp:attachment":[{"href":"https:\/\/500lifestudies.org\/es\/wp-json\/wp\/v2\/media?parent=728"}],"curies":[{"name":"wp","href":"https:\/\/api.w.org\/{rel}","templated":true}]}}