{"id":637,"date":"2021-07-07T14:51:08","date_gmt":"2021-07-07T14:51:08","guid":{"rendered":"https:\/\/500-lifestudies.local\/?page_id=637"},"modified":"2021-08-16T21:21:44","modified_gmt":"2021-08-16T21:21:44","slug":"premio","status":"publish","type":"page","link":"https:\/\/500lifestudies.org\/es\/premio\/","title":{"rendered":"Reg\u00edstrese para obtener recompensas Milestone"},"content":{"rendered":"<h2>\n\t\tReg\u00edstrese para obtener recompensas Milestone\n\t<\/h2>\n\t<p>Reg\u00edstrate para <a href=\"https:\/\/500lifestudies.org\/es\/hitos\/\">recompensas por hitos<\/a>. S\u00f3lo aquellos que residen en los Estados Unidos son elegibles.<\/p>\n\t\t\t<form action=\"\">\n\t\t\t\t\t\t<label><\/label>\n\t\t\t\t\t<label for=\"uabb-lf-name\"><\/label>\n\t\t\t\t\t<input type=\"text\" name=\"uabb-lf-name\" aria-label=\"nombre de usuario\" value=\"\" placeholder=\"Direcci\u00f3n de correo electr\u00f3nico\" required \/>\n\t\t\t\t\t<label for=\"uabb-lf-password\"> <\/label>\n\t\t\t\t\t<input type=\"password\" id=\"uabb-password-field\" name=\"uabb-lf-password\" aria-label=\"contrase\u00f1a\" value=\"\" placeholder=\"Contrase\u00f1a\" required \/>\n\t\t\t\t\t\t\t<label for=\"uabb-lf-checkbox-\">\n\t\t\t\t\t\t\t\t<input type=\"checkbox\" id=\"uabb-lf-checkbox-\" name=\"uabb-lf-checkbox\" value=\"1\" \/>\n\t\t\t\t\t\t\t\t\tAcu\u00e9rdate de m\u00ed\t\t\t\t\t\t\t\t\n\t\t\t\t\t\t\t<\/label>\n\t\t\t\t\t\t<button type=\"submit\" name=\"uabb-lf-login-submit\">Acceso<\/button>\n\t\t\t\t\t\t\t<a href=\"https:\/\/500lifestudies.org\/es\/inscribirse\/\"> Registrarse | \t\t\t\t\t\t\t<\/a>\n\t\t\t\t\t\t\t<a href=\"\t\t\t\t\t\t\t\t\t\t\t\t\t\t\thttps:\/\/500lifestudies.org\/wp-login.php?action=lostpassword\t\t\t\t\t\t\t\t\"> \u00bfPerdiste tu contrase\u00f1a?\t\t\t\t\t\t\t<\/a>\n\t\t\t\t\t\t\t<input type=\"hidden\" name=\"trp-form-language\" value=\"es\"\/><\/form>","protected":false},"excerpt":{"rendered":"<p>Reg\u00edstrate para obtener las recompensas Milestone. Solo quienes residen en Estados Unidos pueden participar. Recu\u00e9rdame. Iniciar sesi\u00f3n. Registrarse | \u00bfOlvidaste tu contrase\u00f1a?<\/p>","protected":false},"author":1,"featured_media":0,"parent":0,"menu_order":0,"comment_status":"closed","ping_status":"closed","template":"","meta":{"inline_featured_image":false,"_monsterinsights_skip_tracking":false,"_monsterinsights_sitenote_active":false,"_monsterinsights_sitenote_note":"","_monsterinsights_sitenote_category":0,"footnotes":""},"class_list":["post-637","page","type-page","status-publish","hentry"],"_links":{"self":[{"href":"https:\/\/500lifestudies.org\/es\/wp-json\/wp\/v2\/pages\/637","targetHints":{"allow":["GET"]}}],"collection":[{"href":"https:\/\/500lifestudies.org\/es\/wp-json\/wp\/v2\/pages"}],"about":[{"href":"https:\/\/500lifestudies.org\/es\/wp-json\/wp\/v2\/types\/page"}],"author":[{"embeddable":true,"href":"https:\/\/500lifestudies.org\/es\/wp-json\/wp\/v2\/users\/1"}],"replies":[{"embeddable":true,"href":"https:\/\/500lifestudies.org\/es\/wp-json\/wp\/v2\/comments?post=637"}],"version-history":[{"count":0,"href":"https:\/\/500lifestudies.org\/es\/wp-json\/wp\/v2\/pages\/637\/revisions"}],"wp:attachment":[{"href":"https:\/\/500lifestudies.org\/es\/wp-json\/wp\/v2\/media?parent=637"}],"curies":[{"name":"wp","href":"https:\/\/api.w.org\/{rel}","templated":true}]}}