{"id":636,"date":"2021-07-07T14:18:31","date_gmt":"2021-07-07T14:18:31","guid":{"rendered":"https:\/\/500-lifestudies.local\/?page_id=636"},"modified":"2022-10-01T18:00:16","modified_gmt":"2022-10-01T18:00:16","slug":"gracias","status":"publish","type":"page","link":"https:\/\/500lifestudies.org\/es\/gracias\/","title":{"rendered":"Reg\u00edstrate Gracias"},"content":{"rendered":"<h1>\u00a1gracias!<\/h1>\t\t\t\n\t\t\t\t<p>You will start receiving email updates from info@500lifestudies.org. Please check your spam or promotions folders if you do not see our email in your inbox. You may also add our email address to your contacts by clicking <a href=\"\/wp-content\/uploads\/500lifestudies.org.vcf\">aqu\u00ed<\/a>.<\/p>","protected":false},"excerpt":{"rendered":"<p>\u00a1Gracias! Comenzar\u00e1s a recibir actualizaciones por correo electr\u00f3nico desde info@500lifestudies.org. Revisa tu carpeta de correo no deseado o promociones si no ves nuestro correo electr\u00f3nico en tu bandeja de entrada. Tambi\u00e9n puedes agregar nuestra direcci\u00f3n de correo electr\u00f3nico a tus contactos haciendo clic aqu\u00ed.<\/p>","protected":false},"author":1,"featured_media":0,"parent":0,"menu_order":0,"comment_status":"closed","ping_status":"closed","template":"","meta":{"inline_featured_image":false,"_monsterinsights_skip_tracking":false,"_monsterinsights_sitenote_active":false,"_monsterinsights_sitenote_note":"","_monsterinsights_sitenote_category":0,"footnotes":""},"class_list":["post-636","page","type-page","status-publish","hentry"],"_links":{"self":[{"href":"https:\/\/500lifestudies.org\/es\/wp-json\/wp\/v2\/pages\/636","targetHints":{"allow":["GET"]}}],"collection":[{"href":"https:\/\/500lifestudies.org\/es\/wp-json\/wp\/v2\/pages"}],"about":[{"href":"https:\/\/500lifestudies.org\/es\/wp-json\/wp\/v2\/types\/page"}],"author":[{"embeddable":true,"href":"https:\/\/500lifestudies.org\/es\/wp-json\/wp\/v2\/users\/1"}],"replies":[{"embeddable":true,"href":"https:\/\/500lifestudies.org\/es\/wp-json\/wp\/v2\/comments?post=636"}],"version-history":[{"count":0,"href":"https:\/\/500lifestudies.org\/es\/wp-json\/wp\/v2\/pages\/636\/revisions"}],"wp:attachment":[{"href":"https:\/\/500lifestudies.org\/es\/wp-json\/wp\/v2\/media?parent=636"}],"curies":[{"name":"wp","href":"https:\/\/api.w.org\/{rel}","templated":true}]}}