{"id":37,"date":"2021-04-27T20:38:57","date_gmt":"2021-04-27T20:38:57","guid":{"rendered":"https:\/\/500-lifestudies.local\/?page_id=37"},"modified":"2025-11-06T00:03:48","modified_gmt":"2025-11-06T00:03:48","slug":"home","status":"publish","type":"page","link":"https:\/\/500lifestudies.org\/es\/","title":{"rendered":"Hogar"},"content":{"rendered":"<h1 class=\"translation-block\"><span class=\"fl-heading-text\">LEER 500<br> ESTUDIOS-VIDA<\/span><\/h1>\n\t<p>Desarrolle el h\u00e1bito de leer los Estudios-vida para su nutrici\u00f3n y crecimiento espiritual en Cristo.<\/p>\n<h2>\n\t\tINTRODUCCI\u00d3N\n\t<\/h2>\n\t<p class=\"translation-block\">500 Estudios-vida <span class=\"ui-provider vi b c d e f g h i j k l m n o p q r s t u v w x y z ab ac ae af ag ah ai aj ak\" dir=\"ltr\">tiene como objetivo ayudar y animar a los creyentes a entrar en la verdad mediante el uso del <em><strong><a href=\"https:\/\/www.lifestudy.com\/\" target=\"_blank\" rel=\"noopener\">Estudio-vida de la Biblia<\/a><\/strong><\/em> . Los \"500\" provienen del \u00e1nimo de Witness Lee a los creyentes buscadores de que lean al menos 500 mensajes del Estudio Vida para su alimentaci\u00f3n espiritual y crecimiento.<\/span> (ver la cita a continuaci\u00f3n).<\/p>\n\t\t\t\t\t<img decoding=\"async\" src=\"https:\/\/500lifestudies.org\/wp-content\/uploads\/2022\/04\/lifestudy.jpg\" alt=\"\"\/>\n\t<p class=\"translation-block\">Durante los \u00faltimos diez a\u00f1os hemos publicado aproximadamente mil doscientos mensajes del Estudio-vida. Puedo afirmar con plena certeza que todo aquel que haya le\u00eddo de forma apropiada quinientos <strong><span style=\"color: #228e58\">mensajes del Estudio-vida<\/span><\/strong>, ha llegado a ser un creyente excelente.<\/p>\n\t<p>Witness Lee, <em>Capacitaci\u00f3n de ancianos, Libro 3: La manera de llevar a cabo la visi\u00f3n<\/em>, cap. 10, p\u00e1g. 106<\/p>\n<h2>\n\t\tAPLICACI\u00d3N MOVIL\n\t<\/h2>\n\t<ul>\n<li>Cree horarios personalizados de lectura de estudio de vida<\/li>\n<li class=\"translation-block\">Lea en la aplicaci\u00f3n a trav\u00e9s de un lector simple o la integraci\u00f3n de <a href=\"https:\/\/www.ministrybooks.org\/\" target=\"_blank\" rel=\"noopener\">Ministrybooks.org<\/a><\/li>\n<li>Realice un seguimiento de su progreso hacia diferentes metas<\/li>\n<\/ul>\n\t\t\t<a href=\"https:\/\/500lifestudies.org\/es\/aplicacion-movil\/\" target=\"_self\" rel=\"noopener\">\n\t\t\t\t\t\t\tAPRENDE M\u00c1S\n\t\t\t\t\t<\/a>\n\t\t\t\t<img decoding=\"async\" src=\"http:\/\/500lifestudies.org\/wp-content\/uploads\/2023\/03\/1.jpg\" alt=\"1\" title=\"1\" itemprop=\"image\"\/>\n\t<p class=\"translation-block\">Si los j\u00f3venes asimilan esta palabra, se producir\u00e1 un gran traslado dispensacional en el recobro. Por tanto, animo a los j\u00f3venes a que inviertan el tiempo requerido para digerir todos los <span style=\"color: #228e58\">mensajes de los estudios-vida<\/span> en los pr\u00f3ximos a\u00f1os.<\/p>\n\t<p class=\"translation-block\">Witness Lee, <em>Estudio-vida de Hechos<\/em> , msg. 55, p\u00e1g. 477<\/p>\n<h2>\n\t\tDESCARGUE LA APLICACI\u00d3N\n\t<\/h2>\n\t<p>Descarga la aplicaci\u00f3n 500 Life-studies en tu tel\u00e9fono o tableta. Est\u00e1 disponible para descarga gratuita para iOS y Android. <a href=\"https:\/\/500lifestudies.org\/es\/phone-app\/\">M\u00e1s informaci\u00f3n<\/a><\/p>\n\t\t\t\t<img decoding=\"async\" src=\"http:\/\/500lifestudies.org\/wp-content\/uploads\/2023\/03\/500LS-app-store-QR-code.png\" alt=\"C\u00f3digo QR de la tienda de aplicaciones 500LS\" title=\"C\u00f3digo QR de la tienda de aplicaciones 500LS\" itemprop=\"image\"\/>","protected":false},"excerpt":{"rendered":"<p>LEA 500 ESTUDIOS-VIDA Desarrolle el h\u00e1bito de leer los Estudios-vida para su nutrici\u00f3n espiritual y crecimiento en Cristo. INTRODUCCI\u00d3N 500 Estudios-vida tiene como objetivo ayudar y alentar a los creyentes a adentrarse en la verdad mediante el uso del Estudio-vida de la Biblia. El \u201c500\u201d proviene del est\u00edmulo de Witness Lee a los creyentes que buscan leer al menos 500 mensajes del Estudio-vida para\u2026<\/p>","protected":false},"author":2,"featured_media":0,"parent":0,"menu_order":0,"comment_status":"closed","ping_status":"closed","template":"","meta":{"inline_featured_image":false,"_monsterinsights_skip_tracking":false,"_monsterinsights_sitenote_active":false,"_monsterinsights_sitenote_note":"","_monsterinsights_sitenote_category":0,"footnotes":""},"class_list":["post-37","page","type-page","status-publish","hentry"],"_links":{"self":[{"href":"https:\/\/500lifestudies.org\/es\/wp-json\/wp\/v2\/pages\/37","targetHints":{"allow":["GET"]}}],"collection":[{"href":"https:\/\/500lifestudies.org\/es\/wp-json\/wp\/v2\/pages"}],"about":[{"href":"https:\/\/500lifestudies.org\/es\/wp-json\/wp\/v2\/types\/page"}],"author":[{"embeddable":true,"href":"https:\/\/500lifestudies.org\/es\/wp-json\/wp\/v2\/users\/2"}],"replies":[{"embeddable":true,"href":"https:\/\/500lifestudies.org\/es\/wp-json\/wp\/v2\/comments?post=37"}],"version-history":[{"count":0,"href":"https:\/\/500lifestudies.org\/es\/wp-json\/wp\/v2\/pages\/37\/revisions"}],"wp:attachment":[{"href":"https:\/\/500lifestudies.org\/es\/wp-json\/wp\/v2\/media?parent=37"}],"curies":[{"name":"wp","href":"https:\/\/api.w.org\/{rel}","templated":true}]}}