{"id":3,"date":"2021-04-27T15:47:32","date_gmt":"2021-04-27T15:47:32","guid":{"rendered":"http:\/\/500-lifestudies.local\/?page_id=3"},"modified":"2023-03-24T21:40:48","modified_gmt":"2023-03-24T21:40:48","slug":"politica-de-privacidad","status":"publish","type":"page","link":"https:\/\/500lifestudies.org\/es\/politica-de-privacidad\/","title":{"rendered":"Pol\u00edtica de privacidad"},"content":{"rendered":"<h1>Pol\u00edtica de privacidad<\/h1>\n\t<p>500 Life-studies (500LS) se complace en brindar informaci\u00f3n a los visitantes de nuestro sitio web sobre nuestra Pol\u00edtica de privacidad en l\u00ednea. Su privacidad es importante para nosotros, y nuestra Pol\u00edtica de privacidad en l\u00ednea tiene como objetivo proteger y asegurar cualquier informaci\u00f3n de identificaci\u00f3n personal (&quot;Informaci\u00f3n personal&quot;) que usted proporciona a 500LS en l\u00ednea cuando visita y utiliza cualquiera de los sitios web, servicios, canales de redes sociales o aplicaciones m\u00f3viles (colectivamente \u201cSitios\u201d).<\/p>\n<p>Esta Pol\u00edtica de Privacidad permanecer\u00e1 en pleno vigor y efecto mientras usted sea usuario de cualquiera de los Sitios de 500LS. Al visitar o utilizar cualquiera de los Sitios de 500LS, usted acepta las pr\u00e1cticas descritas en esta Pol\u00edtica de Privacidad. Si no est\u00e1 de acuerdo con esta Pol\u00edtica de Privacidad, no debe participar en ninguna de las actividades de los Sitios que requieran que proporcione su Informaci\u00f3n Personal.<\/p>\n<p>Revisamos peri\u00f3dicamente y, cuando es necesario, actualizamos nuestra Pol\u00edtica de Privacidad. Todas las actualizaciones y modificaciones entran en vigor de inmediato y se le notificar\u00e1 sobre cualquier cambio aplicable al visitar nuestros Sitios.<\/p>\n<p>&nbsp;<\/p>\n<h3>INFORMACI\u00d3N QUE RECOPILAMOS<\/h3>\n<p>La informaci\u00f3n personal que recopilamos la proporciona usted voluntariamente cuando:<\/p>\n<ul>\n<li>Solicitar informaci\u00f3n del 500LS<\/li>\n<li>Solicite productos de 500LS<\/li>\n<li>Reg\u00edstrese en uno de los servicios de 500LS, como horarios de lectura personalizados o env\u00edo de publicaciones de blog por correo electr\u00f3nico.<\/li>\n<li>Haga una contribuci\u00f3n en l\u00ednea a 500LS<\/li>\n<\/ul>\n<p>La Informaci\u00f3n personal que recopilamos puede incluir su nombre y apellido, direcci\u00f3n, n\u00famero de tel\u00e9fono y\/o direcci\u00f3n de correo electr\u00f3nico.<\/p>\n<p>Adem\u00e1s, recopilamos datos demogr\u00e1ficos y de intereses no identificables a trav\u00e9s de los informes demogr\u00e1ficos y de intereses de Google Analytics. Los visitantes pueden optar por no participar en Google Analytics para publicidad gr\u00e1fica a trav\u00e9s de la Configuraci\u00f3n de anuncios de Google o mediante el complemento de exclusi\u00f3n voluntaria del navegador de Google Analytics, que se puede encontrar en <a href=\"http:\/\/tools.google.com\/dlpage\/gaoptout\" target=\"_blank\" rel=\"noopener\">herramientas.google.com\/dlpage\/gaoptout<\/a>.<\/p>\n<p>&nbsp;<\/p>\n<h3>C\u00d3MO SE UTILIZA LA INFORMACI\u00d3N<\/h3>\n<p>Su informaci\u00f3n personal se utilizar\u00e1 para enviarle la informaci\u00f3n o los productos que solicite y cualquier literatura adicional relacionada con la Biblia y las actividades de 500LS.<\/p>\n<p>500LS no vende, intercambia, alquila, arrienda ni divulga de otro modo su informaci\u00f3n personal a terceros comercializadores, personas u organizaciones. No utilizamos su informaci\u00f3n personal para ning\u00fan prop\u00f3sito comercial.<\/p>\n<p>500LS se reserva el derecho de utilizar o divulgar cualquier informaci\u00f3n seg\u00fan sea necesario para cumplir con cualquier ley, reglamento o solicitud legal para proteger la integridad de los Sitios; para cumplir con sus solicitudes; cooperar en cualquier investigaci\u00f3n policial o cualquier investigaci\u00f3n sobre un asunto de seguridad p\u00fablica; o para hacer cumplir los T\u00e9rminos de uso.<\/p>\n<p>Los datos demogr\u00e1ficos y de intereses recopilados a trav\u00e9s de los informes demogr\u00e1ficos y de intereses de Google Analytics sirven para analizar tendencias en conjunto y nunca se combinan con informaci\u00f3n de identificaci\u00f3n personal.<\/p>\n<p>Usamos customer.io para enviar correos electr\u00f3nicos masivos a los usuarios que se suscriben para recibirlos. Puede revisar la pol\u00edtica de privacidad de customer.io para obtener informaci\u00f3n sobre c\u00f3mo administran los datos de los usuarios visitando <a href=\"https:\/\/customer.io\/legal\/privacy-policy\/\" target=\"_blank\" rel=\"noopener\">client.io\/legal\/privacy-policy<\/a>. Puede cancelar la suscripci\u00f3n a cualquier correo electr\u00f3nico que le enviemos a trav\u00e9s de customer.io haciendo clic en el enlace integrado &quot;cancelar suscripci\u00f3n&quot;.<\/p>\n<p>Tambi\u00e9n le brindamos la oportunidad de revisar, actualizar o eliminar su informaci\u00f3n personal recopilada por los Sitios. Revise la secci\u00f3n &quot;Cambio de informaci\u00f3n personal&quot; de esta Pol\u00edtica de privacidad a continuaci\u00f3n.<\/p>\n<p>&nbsp;<\/p>\n<h3>ENV\u00cdOS DE USUARIOS<\/h3>\n<p>Las preguntas, comentarios y observaciones que usted transmita a 500LS a trav\u00e9s de cualquiera de sus Sitios o por cualquier otro medio, incluidos, entre otros, correo electr\u00f3nico, correo postal, correo de voz, tel\u00e9fono o fax, se tratar\u00e1n como no confidenciales y no propietarios.<\/p>\n<p>500LS se reserva el derecho de editar, usar o no usar, a su entera discreci\u00f3n, cualquier env\u00edo realizado por los usuarios por cualquier medio en los Sitios de 500LS o en el material impreso de 500LS.<\/p>\n<p>&nbsp;<\/p>\n<h3>CU\u00c1NTO TIEMPO CONSERVAMOS SU INFORMACI\u00d3N PERSONAL<\/h3>\n<p>Cuando su informaci\u00f3n personal se utiliza con su consentimiento para cualquier servicio, la conservaremos indefinidamente, aunque usted puede cancelar su suscripci\u00f3n en cualquier momento.<\/p>\n<p>&nbsp;<\/p>\n<h3>C\u00d3MO PROTEGEMOS SU INFORMACI\u00d3N PERSONAL<\/h3>\n<p>Hacemos todo lo posible para proteger su privacidad. Como tal, hemos implementado sistemas y procedimientos de seguridad est\u00e1ndar de la industria para proteger su informaci\u00f3n personal contra divulgaci\u00f3n no autorizada, uso indebido o destrucci\u00f3n.<\/p>\n<p>&nbsp;<\/p>\n<h3>CAMBIAR INFORMACI\u00d3N PERSONAL<\/h3>\n<p>Puede revisar, actualizar o solicitar la eliminaci\u00f3n de su Informaci\u00f3n personal recopilada por los Sitios. Para hacerlo, env\u00ede un correo electr\u00f3nico al Administrador de informaci\u00f3n a info@500lifestudies.org con su solicitud. Se le pedir\u00e1 que verifique su identidad antes de realizar cualquier cambio. Nos reservamos el derecho de negar el acceso a cualquier usuario si creemos que hay dudas sobre la identidad del usuario.<\/p>\n<p>&nbsp;<\/p>\n<h3>POL\u00cdTICA DE PRIVACIDAD RELACIONADA CON MENORES<\/h3>\n<p>Los usuarios de los Sitios de 500LS deben tener al menos 14 a\u00f1os de edad para poder solicitar materiales o participar en cualquier actividad que requiera el env\u00edo de Informaci\u00f3n personal. Al solicitar materiales de 500LS o participar en nuestros Sitios, usted certifica que tiene al menos 14 a\u00f1os de edad. Todos los usuarios de los Sitios deben proporcionar informaci\u00f3n personal verdadera, actual, completa y precisa cuando se les solicite, y rechazaremos y eliminaremos cualquier entrada que creamos de buena fe que es falsa o fraudulenta.<\/p>\n<p>No aceptamos intencionadamente Informaci\u00f3n personal de ninguna persona menor de 14 a\u00f1os y autom\u00e1ticamente rechazaremos y eliminaremos la Informaci\u00f3n personal de cualquier persona que creamos de buena fe que es menor de 14 a\u00f1os. Los materiales destinados a menores deben ser solicitados por y en nombre del el padre o tutor del menor que tenga 14 a\u00f1os o m\u00e1s.<\/p>\n<p>&nbsp;<\/p>\n<h3>ENLACES A OTROS SITIOS WEB<\/h3>\n<p>Los Sitios de 500LS proporcionan enlaces a sitios web de terceros que podr\u00edan ser de inter\u00e9s para nuestros usuarios. 500LS no opera estos sitios web y no es responsable de las pol\u00edticas y pr\u00e1cticas de otras empresas y sus sitios web.<\/p>\n<p>&nbsp;<\/p>\n<h3>GALLETAS<\/h3>\n<p>Una cookie es un peque\u00f1o archivo de texto que los sitios web crean y almacenan en la computadora de un usuario y que contiene datos como informaci\u00f3n de identificaci\u00f3n de la computadora del usuario, preferencias personalizadas o actividades mientras visita un sitio web. 500LS no divulga a terceros ninguna informaci\u00f3n de cookies creada por nuestro sitio web, excepto cuando sea necesario para cumplir con cualquier ley, reglamento o solicitud legal. 500LS no es responsable de la creaci\u00f3n o almacenamiento de cookies en su computadora por parte de otras compa\u00f1\u00edas o sitios web. Puede optar por rechazar o desactivar las cookies ajustando la configuraci\u00f3n de seguridad de su navegador de Internet.<\/p>\n<p>&nbsp;<\/p>\n<h3>CONTACTARNOS<\/h3>\n<p>Si tiene alguna pregunta o inquietud, puede enviarnos una nota en el <a href=\"https:\/\/500lifestudies.org\/es\/contactenos\/\">Cont\u00e1ctenos<\/a>&nbsp;p\u00e1gina o env\u00edenos un correo electr\u00f3nico a <a href=\"mailto:info@500lifestudies.org\">info@500lifestudies.org<\/a>.<\/p>","protected":false},"excerpt":{"rendered":"<p>Pol\u00edtica de privacidad 500 Life-studies (500LS) se complace en brindar informaci\u00f3n a los visitantes de nuestro sitio web sobre nuestra Pol\u00edtica de privacidad en l\u00ednea. Su privacidad es importante para nosotros, y nuestra Pol\u00edtica de Privacidad en l\u00ednea tiene como objetivo proteger y asegurar cualquier informaci\u00f3n de identificaci\u00f3n personal (&quot;Informaci\u00f3n Personal&quot;) que usted proporcione a 500LS en l\u00ednea cuando visita y utiliza cualquiera de 500LS...<\/p>","protected":false},"author":1,"featured_media":0,"parent":0,"menu_order":0,"comment_status":"closed","ping_status":"open","template":"","meta":{"inline_featured_image":false,"_monsterinsights_skip_tracking":false,"_monsterinsights_sitenote_active":false,"_monsterinsights_sitenote_note":"","_monsterinsights_sitenote_category":0,"footnotes":""},"class_list":["post-3","page","type-page","status-publish","hentry"],"_links":{"self":[{"href":"https:\/\/500lifestudies.org\/es\/wp-json\/wp\/v2\/pages\/3","targetHints":{"allow":["GET"]}}],"collection":[{"href":"https:\/\/500lifestudies.org\/es\/wp-json\/wp\/v2\/pages"}],"about":[{"href":"https:\/\/500lifestudies.org\/es\/wp-json\/wp\/v2\/types\/page"}],"author":[{"embeddable":true,"href":"https:\/\/500lifestudies.org\/es\/wp-json\/wp\/v2\/users\/1"}],"replies":[{"embeddable":true,"href":"https:\/\/500lifestudies.org\/es\/wp-json\/wp\/v2\/comments?post=3"}],"version-history":[{"count":0,"href":"https:\/\/500lifestudies.org\/es\/wp-json\/wp\/v2\/pages\/3\/revisions"}],"wp:attachment":[{"href":"https:\/\/500lifestudies.org\/es\/wp-json\/wp\/v2\/media?parent=3"}],"curies":[{"name":"wp","href":"https:\/\/api.w.org\/{rel}","templated":true}]}}