{"id":266,"date":"2021-06-17T17:15:14","date_gmt":"2021-06-17T17:15:14","guid":{"rendered":"https:\/\/500-lifestudies.local\/?page_id=266"},"modified":"2023-03-24T17:00:34","modified_gmt":"2023-03-24T17:00:34","slug":"manera-de-estudiar","status":"publish","type":"page","link":"https:\/\/500lifestudies.org\/es\/manera-de-estudiar\/","title":{"rendered":"Manera de estudiar"},"content":{"rendered":"<h1>\n\t\tManera de estudiar\n\t<\/h1>\n\t<p>Obtenga m\u00e1s de su lectura practicando los puntos sugeridos a continuaci\u00f3n.<\/p>\n<h2>\n\t\tUna manera de utilizar un mensaje de estudio-vida para estudiar la Biblia\n\t<\/h2>\n\t\t\t\t<img loading=\"lazy\" decoding=\"async\" src=\"https:\/\/500lifestudies.org\/wp-content\/uploads\/2021\/06\/one.svg\" alt=\"uno\" itemprop=\"image\" height=\"263\" width=\"466\" title=\"uno\" onerror=\"this.style.display='none'\"  \/>\n\t\t\n\t\t\t<p class=\"translation-block\"><span style=\"font-size: 18px\"><strong><span style=\"color: #199065\">Primero, ora para abrirte al Se\u00f1or <b>y vuelve tu coraz\u00f3n al Se\u00f1or<\/b> .<\/span><\/strong> Ora brevemente para ser pobre en esp\u00edritu y puro de coraz\u00f3n, sin velos que te cubran (Mateo 5:3, 8; 2 Corintios 3:16).<\/span><\/p>\n\t\t\t\t<img loading=\"lazy\" decoding=\"async\" src=\"https:\/\/500lifestudies.org\/wp-content\/uploads\/2021\/06\/two.svg\" alt=\"dos\" itemprop=\"image\" height=\"263\" width=\"466\" title=\"dos\" onerror=\"this.style.display='none'\"  \/>\n\t\t\n\t\t\t<p class=\"translation-block\"><span style=\"font-size: 18px\"><strong><span style=\"color: #199065\">Segundo, <b>lea y ore-lea algunos vers\u00edculos clave.<\/b><\/span><\/strong> De esta manera saborear\u00e1s al Se\u00f1or en Su palabra y recibir\u00e1s alimento espiritual en tu estudio (Ef. 6:17-18; 1 Tim. 4:6).<\/span><\/p>\n\t\t\t\t<img loading=\"lazy\" decoding=\"async\" src=\"https:\/\/500lifestudies.org\/wp-content\/uploads\/2021\/06\/three.svg\" alt=\"tres\" itemprop=\"image\" height=\"263\" width=\"466\" title=\"tres\" onerror=\"this.style.display='none'\"  \/>\n\t\t\n\t\t\t<p class=\"translation-block\"><span style=\"font-size: 18px\"><strong><span style=\"color: #199065\">Tercero, lea <b>el t\u00edtulo del mensaje y los subt\u00edtulos<\/b><\/span><\/strong> para obtener una descripci\u00f3n general del mensaje. Convi\u00e9rtelos en preguntas para que puedas buscar las respuestas en tu lectura.<\/span><\/p>\n\t\t\t\t<img loading=\"lazy\" decoding=\"async\" src=\"https:\/\/500lifestudies.org\/wp-content\/uploads\/2021\/06\/four.svg\" alt=\"cuatro\" itemprop=\"image\" height=\"263\" width=\"466\" title=\"cuatro\" onerror=\"this.style.display='none'\"  \/>\n\t\t\n\t\t\t<p class=\"translation-block\"><span style=\"font-size: 18px\"><strong><span style=\"color: #199065\"><b>Cuarto, ubique los puntos principales<\/b><\/span><\/strong> del pasaje b\u00edblico. Conecte el t\u00edtulo y los subt\u00edtulos con los vers\u00edculos de las Escrituras. Al relacionar los vers\u00edculos con los puntos, ver\u00e1 los puntos en las Escrituras y tambi\u00e9n se dar\u00e1 cuenta de cu\u00e1les son los puntos cruciales del pasaje (Hechos 17:11).<\/span><\/p>\n\t\t\t\t<img loading=\"lazy\" decoding=\"async\" src=\"https:\/\/500lifestudies.org\/wp-content\/uploads\/2021\/06\/five.svg\" alt=\"cinco\" itemprop=\"image\" height=\"263\" width=\"466\" title=\"cinco\" onerror=\"this.style.display='none'\"  \/>\n\t\t\n\t\t\t<p class=\"translation-block\"><span style=\"font-size: 18px\"><strong><span style=\"color: #199065\"><b>Quinto, lea el texto del mensaje del Estudio-vida secci\u00f3n por secci\u00f3n y resalte o subraye<\/b><\/span><\/strong> los puntos cruciales que se relacionen con el t\u00edtulo o el subt\u00edtulo correspondiente.<\/span><\/p>\n\t\t\t\t<img loading=\"lazy\" decoding=\"async\" src=\"https:\/\/500lifestudies.org\/wp-content\/uploads\/2021\/06\/six.svg\" alt=\"seis\" itemprop=\"image\" height=\"263\" width=\"466\" title=\"seis\" onerror=\"this.style.display='none'\"  \/>\n\t\t\n\t\t\t<p class=\"translation-block\"><span style=\"font-size: 18px\"><strong><span style=\"color: #199065\"><b>Sexto, haga una pausa para orar sobre los puntos cruciales mientras lee<\/b> <strong>.<\/strong><\/span><\/strong> \u00c1brete al Se\u00f1or con estos puntos en confesi\u00f3n y en comuni\u00f3n para que \u00c9l pueda hacer que la esencia de estos puntos sea una realidad divina para ti.<\/span><\/p>\n\t\t\t\t<img loading=\"lazy\" decoding=\"async\" src=\"https:\/\/500lifestudies.org\/wp-content\/uploads\/2021\/06\/seven.svg\" alt=\"Siete\" itemprop=\"image\" height=\"263\" width=\"466\" title=\"Siete\" onerror=\"this.style.display='none'\"  \/>\n\t\t\n\t\t\t<p class=\"translation-block\"><span style=\"font-size: 18px\"><strong><span style=\"color: #199065\"><b>S\u00e9ptimo, escriba algunas oraciones que resuman el punto importante de cada secci\u00f3n<\/b> <strong>.<\/strong><\/span><\/strong> Escribir los puntos importantes mantendr\u00e1 su mente enfocada en su lectura y asegurar\u00e1 que capte y pueda recordar el punto de la secci\u00f3n (2 Timoteo 1:13).<\/span><\/p>\n\t\t\t\t<img loading=\"lazy\" decoding=\"async\" src=\"https:\/\/500lifestudies.org\/wp-content\/uploads\/2021\/06\/eight.svg\" alt=\"ocho\" itemprop=\"image\" height=\"263\" width=\"466\" title=\"ocho\" onerror=\"this.style.display='none'\"  \/>\n\t\t\n\t\t\t<p><strong><b>Octavo, al final del mensaje, redacte un breve resumen <\/b><\/strong>de lo que te ha sido revelado en los versos.\u00a0<\/p>\n\t\t\t\t<img loading=\"lazy\" decoding=\"async\" src=\"https:\/\/500lifestudies.org\/wp-content\/uploads\/2021\/06\/nine.svg\" alt=\"nueve\" itemprop=\"image\" height=\"263\" width=\"466\" title=\"nueve\" onerror=\"this.style.display='none'\"  \/>\n\t\t\n\t\t\t<p class=\"translation-block\"><span style=\"font-size: 18px\"><strong><span style=\"color: #199065\"><b>Noveno, orar con la carga del mensaje<\/b> <strong>.<\/strong><\/span><\/strong><\/span> <span style=\"font-size: 18px\">Esto te ayudar\u00e1 a asimilar los puntos principales y har\u00e1 que el mensaje sea subjetivo para ti.<\/span><\/p>\n\t\t\t\t<img loading=\"lazy\" decoding=\"async\" src=\"https:\/\/500lifestudies.org\/wp-content\/uploads\/2021\/06\/ten.svg\" alt=\"diez\" itemprop=\"image\" height=\"263\" width=\"466\" title=\"diez\" onerror=\"this.style.display='none'\"  \/>\n\t\t\n\t\t\t<p class=\"translation-block\"><span style=\"font-size: 18px\"><strong><span style=\"color: #199065\"><b>D\u00e9cimo, habla con otros sobre lo que has visto<\/b> <strong>.<\/strong><\/span><\/strong> Encuentre un compa\u00f1ero con el que pueda hablar mutuamente la verdad de manera regular (Efesios 4:25). Puede usar su resumen como una profec\u00eda en la reuni\u00f3n del D\u00eda del Se\u00f1or (1 Corintios 14:26, 31).<\/span><\/p>\n\t\t\t<p>Puede modificar o simplificar estos puntos para que se adapten mejor a sus necesidades. Recuerde mezclar su lectura y estudio con mucha oraci\u00f3n y compartir su disfrute con los dem\u00e1s. Ejercita todo tu ser para estudiar la Palabra de Dios.\u00a0 \u00a0 \u00a0 \u00a0 \u00a0 \u00a0 \u00a0 \u00a0 \u00a0 \u00a0 \u00a0 \u00a0 \u00a0 \u00a0 \u00a0 \u00a0 \u00a0 \u00a0 \u00a0 \u00a0 \u00a0 \u00a0 \u00a0 \u00a0 \u00a0 \u00a0 \u00a0 \u00a0 \u00a0 \u00a0 \u00a0 \u00a0 \u00a0 \u00a0 \u00a0 \u00a0 \u00a0 \u00a0 \u00a0 \u00a0 \u00a0 \u00a0 \u00a0 \u00a0 \u00a0 \u00a0 \u00a0 \u00a0\u00a0<\/p>\n<p>(Estos puntos est\u00e1n adaptados de<i> Libro de lecciones, Nivel 6: La Biblia-La Palabra de Dios<\/i>\u00a0por Witness Lee, publicado por Living Stream Ministry.)<\/p>","protected":false},"excerpt":{"rendered":"<p>Manera de estudiar Saque m\u00e1s provecho de su lectura practicando los puntos sugeridos a continuaci\u00f3n. Una manera de utilizar un mensaje de estudio-vida para estudiar la Biblia Primero, ore para abrirse al Se\u00f1or y volver su coraz\u00f3n al Se\u00f1or. Ora brevemente para ser pobre de esp\u00edritu y puro de coraz\u00f3n, sin velos que lo cubran\u2026<\/p>","protected":false},"author":1,"featured_media":0,"parent":0,"menu_order":0,"comment_status":"closed","ping_status":"closed","template":"","meta":{"inline_featured_image":false,"_monsterinsights_skip_tracking":false,"_monsterinsights_sitenote_active":false,"_monsterinsights_sitenote_note":"","_monsterinsights_sitenote_category":0,"footnotes":""},"class_list":["post-266","page","type-page","status-publish","hentry"],"_links":{"self":[{"href":"https:\/\/500lifestudies.org\/es\/wp-json\/wp\/v2\/pages\/266","targetHints":{"allow":["GET"]}}],"collection":[{"href":"https:\/\/500lifestudies.org\/es\/wp-json\/wp\/v2\/pages"}],"about":[{"href":"https:\/\/500lifestudies.org\/es\/wp-json\/wp\/v2\/types\/page"}],"author":[{"embeddable":true,"href":"https:\/\/500lifestudies.org\/es\/wp-json\/wp\/v2\/users\/1"}],"replies":[{"embeddable":true,"href":"https:\/\/500lifestudies.org\/es\/wp-json\/wp\/v2\/comments?post=266"}],"version-history":[{"count":0,"href":"https:\/\/500lifestudies.org\/es\/wp-json\/wp\/v2\/pages\/266\/revisions"}],"wp:attachment":[{"href":"https:\/\/500lifestudies.org\/es\/wp-json\/wp\/v2\/media?parent=266"}],"curies":[{"name":"wp","href":"https:\/\/api.w.org\/{rel}","templated":true}]}}