{"id":2445,"date":"2023-03-24T21:42:35","date_gmt":"2023-03-24T21:42:35","guid":{"rendered":"https:\/\/500lifestudies.org\/?page_id=2445"},"modified":"2024-01-12T10:29:01","modified_gmt":"2024-01-12T10:29:01","slug":"derechos-de-autor","status":"publish","type":"page","link":"https:\/\/500lifestudies.org\/es\/derechos-de-autor\/","title":{"rendered":"derechos de autor"},"content":{"rendered":"<h1>Derechos de autor<\/h1>\n\t<p>El contenido de la aplicaci\u00f3n 500 Life-studies est\u00e1 tomado de <i>Estudio-vida del Antiguo Testamento<\/i> y <i>Estudio-vida del Nuevo Testamento <\/i>por el testigo Lee.<\/p>\n<p>&nbsp;<\/p>\n<p>Lee, Testigo. <i>Estudio-vida del Antiguo y Nuevo Testamento<\/i>. 32 vols. Anaheim, California. (c) 1984-1996 Ministerio Living Stream<\/p>\n<p>&nbsp;<\/p>\n<p>Aplicaci\u00f3n 500 Life-studies (c) Living Stream Ministry<\/p>\n<p>&nbsp;<\/p>\n<p>Reservados todos los derechos. Ninguna parte de estas obras puede reproducirse ni transmitirse de ninguna forma ni por ning\u00fan medio (gr\u00e1fico, electr\u00f3nico o mec\u00e1nico, incluidas fotocopias, grabaciones o sistemas de almacenamiento y recuperaci\u00f3n de informaci\u00f3n) sin el permiso escrito del editor.<\/p>\n<p>&nbsp;<\/p>\n<p>Nuestra pol\u00edtica de derechos de autor completa se puede encontrar en <a href=\"https:\/\/www.lsm.org\/copyright-policy.html\">https:\/\/www.lsm.org\/copyright-policy.html<\/a><\/p>","protected":false},"excerpt":{"rendered":"<p>Derechos de autor El contenido de la aplicaci\u00f3n 500 Estudios-vida est\u00e1 tomado de Estudio-vida del Antiguo Testamento y Estudio-vida del Nuevo Testamento de Witness Lee.  Lee, Testigo. Estudio-vida del Antiguo y Nuevo Testamento. 32 vols. Anaheim, California. (c) 1984-1996 Living Stream Ministry 500 Aplicaci\u00f3n de estudios de vida (c) Living Stream Ministry Todos los derechos...<\/p>","protected":false},"author":103,"featured_media":0,"parent":0,"menu_order":0,"comment_status":"closed","ping_status":"closed","template":"","meta":{"inline_featured_image":false,"_monsterinsights_skip_tracking":false,"_monsterinsights_sitenote_active":false,"_monsterinsights_sitenote_note":"","_monsterinsights_sitenote_category":0,"footnotes":""},"class_list":["post-2445","page","type-page","status-publish","hentry"],"_links":{"self":[{"href":"https:\/\/500lifestudies.org\/es\/wp-json\/wp\/v2\/pages\/2445","targetHints":{"allow":["GET"]}}],"collection":[{"href":"https:\/\/500lifestudies.org\/es\/wp-json\/wp\/v2\/pages"}],"about":[{"href":"https:\/\/500lifestudies.org\/es\/wp-json\/wp\/v2\/types\/page"}],"author":[{"embeddable":true,"href":"https:\/\/500lifestudies.org\/es\/wp-json\/wp\/v2\/users\/103"}],"replies":[{"embeddable":true,"href":"https:\/\/500lifestudies.org\/es\/wp-json\/wp\/v2\/comments?post=2445"}],"version-history":[{"count":0,"href":"https:\/\/500lifestudies.org\/es\/wp-json\/wp\/v2\/pages\/2445\/revisions"}],"wp:attachment":[{"href":"https:\/\/500lifestudies.org\/es\/wp-json\/wp\/v2\/media?parent=2445"}],"curies":[{"name":"wp","href":"https:\/\/api.w.org\/{rel}","templated":true}]}}