{"id":207,"date":"2021-06-03T01:34:45","date_gmt":"2021-06-03T01:34:45","guid":{"rendered":"https:\/\/500-lifestudies.local\/?page_id=207"},"modified":"2023-03-24T16:59:15","modified_gmt":"2023-03-24T16:59:15","slug":"empezando","status":"publish","type":"page","link":"https:\/\/500lifestudies.org\/es\/empezando\/","title":{"rendered":"Iniciando"},"content":{"rendered":"<h1>\n\t\tIniciando\n\t<\/h1>\n\t<p>Los siguientes puntos son sugerencias pr\u00e1cticas que pueden serle de ayuda en la lectura de los Estudios-vida. No deben tomarse como legalidades o un est\u00e1ndar.<\/p>\n<h2>\n\t\t1. CONSAGRACI\u00d3N\n\t<\/h2>\n\t<p>Comience por llevar el tema de la lectura de los Estudios-vida al Se\u00f1or, pidi\u00e9ndole Su gracia, Su luz y Su bendici\u00f3n. Cons\u00e1grase usted mismo y su lectura de los Estudios-vida a \u00c9l, no prometiendo llevar a cabo esto por su propia fuerza, sino entreg\u00e1ndose a usted mismo y este asunto a \u00c9l para la edificaci\u00f3n de Su Cuerpo y el cumplimiento de Su prop\u00f3sito.<\/p>\n<h2>\n\t\t2. Consistencia\n\t<\/h2>\n\t<p>Leer una peque\u00f1a cantidad todos los d\u00edas de forma constante es mucho mejor que leer una gran cantidad de forma espor\u00e1dica. No lea seg\u00fan el estado de \u00e1nimo o la inspiraci\u00f3n, sino seg\u00fan la necesidad de la vida espiritual. Aunque ciertamente no deber\u00edamos ser legales en un sentido religioso, en las cosas de la vida \u2013como comer, hacer ejercicio y cuidar nuestra salud en general\u2013 s\u00ed necesitamos ser \u201clegales\u201d, en cierto sentido, ejercitarnos para cuidar de estas cosas. cosas de una manera consistente y regular independientemente de nuestros sentimientos fluctuantes. Lo mismo ocurre con las cosas de nuestra vida espiritual. Debemos estar seguros de que, independientemente de que \u201csintamos\u201d algo mientras leemos o no, hay ricos \u201cnutrientes\u201d espirituales en cada mensaje del Estudio-vida, y nuestra participaci\u00f3n en el ministerio con oraci\u00f3n siempre es beneficiosa y nunca un desperdicio.<\/p>\n<p class=\"translation-block\"><span style=\"color: #228e58\"><span class=\"ui-provider gp b c d e f g h i j k l m n o p q r s t u v w x y z ab ac ae af ag ah ai aj ak\" dir=\"ltr\">(V\u00e9ase <i>The Collected Works of Witness Lee, 1978,<\/i> vol. 2, \u201cLife Messages Volume 1\u201d, cap. 3, pp. 184-186 y <i>CWWL, 1984,<\/i> vol. 1, \u201cSer edificados en la verdad y crecer en Vida para la difusi\u00f3n del testimonio del Se\u00f1or\u201d, cap\u00edtulo 4, p\u00e1g. 66.)<\/span><\/span><\/p>\n<h2>\n\t\t3. Regularidad\n\t<\/h2>\n\t<p>Lea de forma habitual. Considere, de acuerdo con su capacidad y situaci\u00f3n, (1) cu\u00e1l ser\u00eda el mejor momento del d\u00eda para leer con regularidad, el momento en que es m\u00e1s probable que est\u00e9 libre y sin interrupciones; (2) cu\u00e1l ser\u00eda la mejor cantidad de tiempo para leer cada d\u00eda regularmente; y (3) cu\u00e1l ser\u00eda el mejor lugar para leer regularmente, un lugar que sea relativamente silencioso, tranquilo y libre de distracciones.<\/p>\n<h2>\n\t\t4. Planificaci\u00f3n\n\t<\/h2>\n\t<p>Vaya al Se\u00f1or y b\u00fasquelo acerca de c\u00f3mo crear un plan personal y un horario para leer los Estudios-vida. Lo mejor es crear un plan que sea realista y no demasiado ambicioso, de acuerdo con su capacidad y situaci\u00f3n.<\/p>\n<p class=\"translation-block\">Puede crear un horario de lectura personalizado utilizando la <a href=\"http:\/\/500lifestudies.org\/es\/aplicacion-movil\/\" target=\"_self\">aplicaci\u00f3n m\u00f3vil<\/a> de los 500 Estudios-vida.<\/p>\n<h2>\n\t\t5. Copia F\u00edsica\n\t<\/h2>\n\t<p class=\"translation-block\">Considere leer una copia f\u00edsica de los Estudios-vida. Esto no debe tomarse como una legalidad, y la opci\u00f3n digital puede ser bastante \u00fatil, especialmente en situaciones donde las copias f\u00edsicas no est\u00e1n disponibles o no son pr\u00e1cticas. Al mismo tiempo, la experiencia de muchos santos confirma que puede ser m\u00e1s f\u00e1cil absorber el contenido espiritual de los Estudios de vida leyendo una copia f\u00edsica, que puede obtener de Living Stream Ministry <a href=\"https:\/\/www.livingstream.com\/en\/36-life-study-of-the-bible#\/language-english\" target=\"_blank\" rel=\"noopener\">aqu\u00ed<\/a> .<\/p>\n<h2>\n\t\t6. Oraci\u00f3n\n\t<\/h2>\n\t<p>Practique ejercitar su esp\u00edritu mientras lee, respirando al Se\u00f1or al invocar Su nombre. A medida que el Se\u00f1or lo toca con ciertos puntos en el mensaje, siga la unci\u00f3n para orarle estos puntos. Ore para que el Se\u00f1or abra sus ojos para ver los preciosos puntos de la verdad, y ore tambi\u00e9n para que haga de cada uno de estos puntos su experiencia.<\/p>\n<p class=\"translation-block\"><span style=\"color: #228e58\">( <span class=\"ui-provider gp b c d e f g h i j k l m n o p q r s t u v w x y z ab ac ae af ag ah ai aj ak\" dir=\"ltr\">V\u00e9ase <i>The Collected Works of Witness Lee, 1984,<\/i> vol. 5, \u201cPautas para la propagaci\u00f3n del recobro del Se\u00f1or\u201d, cap. 1, p\u00e1g. 109.)<\/span><\/span><\/p>\n<h2>\n\t\t7. Compa\u00f1eros\n\t<\/h2>\n\t<p>Considere tener un compa\u00f1ero para chequear el progreso y apoyarse mutuamente. Muchos santos encuentran esto como una gran ayuda. Tambi\u00e9n puede ser un gran beneficio practicar hablar los puntos de los mensajes que ley\u00f3 recientemente a sus compa\u00f1eros y a otras personas.<\/p>\n<h2>\n\t\t8. Persistencia\n\t<\/h2>\n\t<p>Aunque podemos esforzarnos por poner en pr\u00e1ctica todos los puntos anteriores, todos tenemos d\u00edas (a veces incluso semanas y meses) en los que perdemos nuestro tiempo de lectura y nos encontramos fuera de horario. Nunca debemos sentirnos desanimados o condenados; en cambio, debemos ser animados por el Se\u00f1or, d\u00e1ndonos cuenta de que \u00e9sta es una experiencia universal. Simplemente deber\u00edamos continuar donde lo dejamos, sin importar cu\u00e1nto tiempo haya pasado desde la \u00faltima vez que le\u00edmos.<\/p>","protected":false},"excerpt":{"rendered":"<p>Primeros pasos Los siguientes puntos son sugerencias pr\u00e1cticas que pueden resultarle \u00fatiles en la lectura de los Estudios-vida. No deben tomarse como legalidades o como norma. 1. CONSAGRACI\u00d3N Comience por presentarle al Se\u00f1or el tema de la lectura de los Estudios-vida, pidi\u00e9ndole Su gracia, Su luz y Su bendici\u00f3n. Cons\u00e1grate y\u2026<\/p>","protected":false},"author":2,"featured_media":0,"parent":0,"menu_order":0,"comment_status":"closed","ping_status":"closed","template":"","meta":{"inline_featured_image":false,"_monsterinsights_skip_tracking":false,"_monsterinsights_sitenote_active":false,"_monsterinsights_sitenote_note":"","_monsterinsights_sitenote_category":0,"footnotes":""},"class_list":["post-207","page","type-page","status-publish","hentry"],"_links":{"self":[{"href":"https:\/\/500lifestudies.org\/es\/wp-json\/wp\/v2\/pages\/207","targetHints":{"allow":["GET"]}}],"collection":[{"href":"https:\/\/500lifestudies.org\/es\/wp-json\/wp\/v2\/pages"}],"about":[{"href":"https:\/\/500lifestudies.org\/es\/wp-json\/wp\/v2\/types\/page"}],"author":[{"embeddable":true,"href":"https:\/\/500lifestudies.org\/es\/wp-json\/wp\/v2\/users\/2"}],"replies":[{"embeddable":true,"href":"https:\/\/500lifestudies.org\/es\/wp-json\/wp\/v2\/comments?post=207"}],"version-history":[{"count":0,"href":"https:\/\/500lifestudies.org\/es\/wp-json\/wp\/v2\/pages\/207\/revisions"}],"wp:attachment":[{"href":"https:\/\/500lifestudies.org\/es\/wp-json\/wp\/v2\/media?parent=207"}],"curies":[{"name":"wp","href":"https:\/\/api.w.org\/{rel}","templated":true}]}}