{"id":1932,"date":"2022-03-01T17:55:18","date_gmt":"2022-03-01T17:55:18","guid":{"rendered":"https:\/\/500lifestudies.org\/study-questions\/the-minor-prophets\/"},"modified":"2022-06-29T04:34:53","modified_gmt":"2022-06-29T04:34:53","slug":"los-profetas-menores","status":"publish","type":"page","link":"https:\/\/500lifestudies.org\/es\/preguntas-de-estudio\/los-profetas-menores\/","title":{"rendered":"Los profetas menores"},"content":{"rendered":"<h2>\n\t\tPreguntas de estudio\n\t<\/h2>\n\t<p>Estudio de vida de <\/p>\n<h4>1. Una palabra introductoria acerca de los profetas menores<\/h4>\n<ol>\n<li>\u00bfCu\u00e1l es el contenido de los Profetas Menores? En particular, \u00bfcu\u00e1les son los puntos cruciales sobre Cristo que se revelan en estos libros?<\/li>\n<li>\u00bfCu\u00e1les son algunos de los puntos cruciales de los Profetas Menores? \u00bfCu\u00e1l es el \u00e9nfasis crucial de la revelaci\u00f3n revelada por todos los profetas desde Isa\u00edas hasta Malaqu\u00edas?<\/li>\n<\/ol>\n<h4>2. Sobre Oseas (1) La palabra introductoria y el s\u00edmbolo de una esposa de prostituci\u00f3n (1)<\/h4>\n<ol>\n<li>\u00bfCu\u00e1l es el tema y la idea central de Oseas? \u00bfCu\u00e1l es la revelaci\u00f3n de Cristo que se encuentra en este libro?<\/li>\n<li>\u00bfCu\u00e1l es la doble lecci\u00f3n que debemos aprender del cap\u00edtulo 1 de Oseas?<\/li>\n<\/ol>\n<h4>3. Sobre Oseas (2) El s\u00edmbolo de una esposa de prostituci\u00f3n (2)<\/h4>\n<ol>\n<li>\u00bfC\u00f3mo pueden las palabras acerca de Israel en Oseas 2:2-3:5 aplicarse a nuestra vida cristiana hoy?<\/li>\n<li>\u00bfCu\u00e1les son los cuatro temas que se mencionan repetidamente en los Profetas Menores? \u00bfC\u00f3mo vemos esto en el libro de Oseas?<\/li>\n<\/ol>\n<h4>4. Sobre Oseas (3) Los pecados del pueblo ap\u00f3stata, los castigos de Jehov\u00e1 y el regreso del pueblo ap\u00f3stata<\/h4>\n<ol>\n<li>\u00bfCu\u00e1l es el significado de las palabras de Oseas en 5:15\u20136:3, 11 respecto al regreso del pueblo ap\u00f3stata?<\/li>\n<li>\u00bfQu\u00e9 queremos decir con el t\u00e9rmino \u00abla manifestaci\u00f3n de Cristo\u00bb? \u00bfC\u00f3mo se relaciona este asunto con nuestra vida cristiana y de iglesia en el recobro del Se\u00f1or hoy?<\/li>\n<\/ol>\n<h4>5. Sobre Oseas (4) Los pecados de Israel al abandonar a Jehov\u00e1 y los castigos de Jehov\u00e1 sobre Israel debido a su abandono de \u00c9l<\/h4>\n<ol>\n<li>\u00bfCu\u00e1les son los puntos claves respecto a los pecados de Israel al abandonar a Jehov\u00e1?<\/li>\n<li>\u00bfCu\u00e1l es el significado de las tres cosas con las que se compar\u00f3 a Efra\u00edn: una torta sin remover, una paloma tonta y un arco enga\u00f1oso?<\/li>\n<\/ol>\n<h4>6. Sobre Oseas (5) La idolatr\u00eda de Israel contra Jehov\u00e1 y los castigos de Jehov\u00e1 sobre Israel<\/h4>\n<ol>\n<li>\u00bfC\u00f3mo podemos ver la uni\u00f3n org\u00e1nica entre Dios y su pueblo, incluso en este pasaje de Oseas? \u00bfCu\u00e1l fue la raz\u00f3n de los pecados de Israel en su vida social?<\/li>\n<li>\u00bfCu\u00e1l es el significado del mandato de Jehov\u00e1 a Israel de sembrar para justicia para s\u00ed mismos, cosechar seg\u00fan bondad amorosa y romper su barbecho?<\/li>\n<\/ol>\n<h4>7. Sobre Oseas (6) El amor inmutable de Jehov\u00e1 frente a la obstinada incastidad de Israel (1)<\/h4>\n<ol>\n<li>\u00bfCu\u00e1l es la mayor virtud de una esposa adecuada? \u00bfC\u00f3mo se relaciona esto con la relaci\u00f3n entre Dios y su pueblo?<\/li>\n<li>Prepare una breve palabra, basada en las Escrituras, acerca de la importancia crucial de profetizar para el desarrollo de la econom\u00eda de Dios en la era de la iglesia.<\/li>\n<\/ol>\n<h4>8. Sobre Oseas (7) El amor inmutable de Jehov\u00e1 frente a la obstinada incastidad de Israel (2)<\/h4>\n<ol>\n<li>\u00bfQu\u00e9 significa decir que el amor eterno de Dios no es un amor en afecto, como el amor de un esposo hacia su esposa, sino un amor en la vida, como el amor de un padre hacia un hijo?<\/li>\n<li>\u00bfCu\u00e1l es el significado de cada uno de los detalles concernientes a la restauraci\u00f3n de Israel en Oseas 14?<\/li>\n<\/ol>\n<h4>9. Sobre Oseas (8) Tres implicaciones acerca de Cristo<\/h4>\n<ol>\n<li>\u00bfCu\u00e1les son las tres implicaciones sobre Cristo en Oseas 11:1-4? Expl\u00edquelas con m\u00e1s detalle, citando las Escrituras del Nuevo Testamento.<\/li>\n<li>\u00bfQu\u00e9 significa afirmar que el amor eterno de Dios est\u00e1 totalmente en Cristo, con Cristo, por Cristo y para Cristo, y que aparte de Cristo su amor eterno no podr\u00eda prevalecer?<\/li>\n<\/ol>\n<h4>10. Sobre Joel (1) La Palabra Introductoria y el D\u00eda de Jehov\u00e1<\/h4>\n<ol>\n<li>\u00bfCu\u00e1l es el tema, pensamiento central y revelaci\u00f3n de Cristo en el libro de Joel?<\/li>\n<li>\u00bfDe qu\u00e9 d\u00eda del Se\u00f1or se habla en el libro de Joel, y c\u00f3mo se relaciona con las profec\u00edas del Apocalipsis? \u00bfPara qu\u00e9 sirve el d\u00eda del Se\u00f1or?<\/li>\n<\/ol>\n<h4>11. Sobre Joel (2) El Contenido (1)<\/h4>\n<ol>\n<li>\u00bfCu\u00e1les son los tres puntos principales del libro de Joel?<\/li>\n<li>\u00bfCu\u00e1l es el significado de los cuatro tipos de langostas que se revelan en el libro de Joel? \u00bfPara qu\u00e9 sirven?<\/li>\n<\/ol>\n<h4>12. Sobre Joel (3) El Contenido (2)<\/h4>\n<ol>\n<li>\u00bfC\u00f3mo describe este libro el cambio de actitud de Jehov\u00e1 hacia sus elegidos, Israel? \u00bfCu\u00e1ndo ocurrir\u00e1 este cambio? Adem\u00e1s, \u00bfcu\u00e1ndo y c\u00f3mo se cumple la profec\u00eda de Joel sobre el derramamiento del Esp\u00edritu?<\/li>\n<li>\u00bfC\u00f3mo revela este libro el juicio de Cristo sobre las naciones, su victoria con sus vencedores y su reinado entre Israel en la era de la restauraci\u00f3n?<\/li>\n<\/ol>\n<h4>13. Sobre Joel (4) La profec\u00eda controladora de las cuatro langostas en el libro de Joel<\/h4>\n<ol>\n<li>\u00bfCu\u00e1l es la relaci\u00f3n y la diferencia entre las profec\u00edas de Daniel y Joel? \u00bfC\u00f3mo usa Dios las langostas para llevar a cabo su econom\u00eda?<\/li>\n<li>\u00bfCu\u00e1les son las tres cosas que est\u00e1n sucediendo en la tierra hoy en d\u00eda, cu\u00e1les son los tres asuntos acerca de los cuales necesitamos una visi\u00f3n clara y qu\u00e9 camino debemos tomar hoy?<\/li>\n<\/ol>\n<h4>14. Sobre Joel (5) Los cuatro factores en el libro de Joel<\/h4>\n<ol>\n<li>\u00bfCu\u00e1les son los cuatro factores en el libro de Joel?<\/li>\n<li>\u00bfCu\u00e1l es el prop\u00f3sito de Dios con respecto al segundo factor y cu\u00e1l es su uso del primer factor?<\/li>\n<\/ol>\n<h4>15. Sobre Joel (6) La Historia Universal seg\u00fan la Econom\u00eda de Dios: la Historia Divina dentro de la Historia Humana<\/h4>\n<ol>\n<li>\u00bfCu\u00e1l es la relaci\u00f3n entre la historia divina y la historia humana? Presente una breve descripci\u00f3n de la historia divina.<\/li>\n<li>\u00bfPor qu\u00e9 es crucial para nosotros tener una visi\u00f3n clara de las dos historias?<\/li>\n<\/ol>\n<h4>16. Sobre Joel (7) La historia con el hombre y la historia de Dios en el hombre<\/h4>\n<ol>\n<li>\u00bfPor qu\u00e9 podemos decir que los Profetas Menores son una clave para entender la Biblia?<\/li>\n<li>\u00bfCu\u00e1l es la historia de Dios en la Biblia y cu\u00e1les son sus lecciones para nosotros hoy?<\/li>\n<\/ol>\n<h4>17. Sobre Am\u00f3s (1) La palabra introductoria, el juicio de Jehov\u00e1 sobre las naciones circundantes y sus juicios sobre Jud\u00e1 e Israel<\/h4>\n<ol>\n<li>\u00bfCu\u00e1l es el tema y el pensamiento central del libro de Am\u00f3s?<\/li>\n<li>\u00bfCu\u00e1l es la revelaci\u00f3n acerca de Cristo en el libro de Am\u00f3s?<\/li>\n<\/ol>\n<h4>18. Sobre Am\u00f3s (2) La contienda de Jehov\u00e1 con la casa de Jacob (1)<\/h4>\n<ol>\n<li>\u00bfCu\u00e1les son los puntos claves respecto a las tres reprensiones de Jehov\u00e1 a Israel?<\/li>\n<li>\u00bfCu\u00e1les son las tres cosas que est\u00e1n sucediendo en la Tierra hoy, y cu\u00e1l es el \u201cn\u00facleo\u201d en la \u201cc\u00e1scara\u201d de los profetas?<\/li>\n<\/ol>\n<h4>19. Sobre Am\u00f3s (3) La contienda de Jehov\u00e1 con la casa de Jacob (2) y la restauraci\u00f3n de la casa de Israel con la reconstrucci\u00f3n del tabern\u00e1culo ca\u00eddo de David para el reino de Cristo<\/h4>\n<ol>\n<li>\u00bfCu\u00e1les son los puntos claves concernientes a las plagas de las cinco se\u00f1ales vistas por Am\u00f3s?<\/li>\n<li>\u00bfCu\u00e1l es el significado de la restauraci\u00f3n de la casa de Israel con la reconstrucci\u00f3n del tabern\u00e1culo ca\u00eddo de David para el reino de Cristo?<\/li>\n<\/ol>\n<h4>20. Sobre Abd\u00edas: El trato de Jehov\u00e1 con Esa\u00fa y la victoria de Jacob para el Reino de Jehov\u00e1<\/h4>\n<ol>\n<li>\u00bfCu\u00e1l es el tema y el pensamiento central del libro de Abd\u00edas?<\/li>\n<li>\u00bfCu\u00e1les son los puntos clave sobre la actuaci\u00f3n de Jehov\u00e1 con Edom, seg\u00fan se ve en este libro? \u00bfQu\u00e9 revela este libro sobre el d\u00eda de Jehov\u00e1 sobre las naciones, y cu\u00e1l es el resultado de la actuaci\u00f3n de Jehov\u00e1?<\/li>\n<\/ol>\n<h4>21. Sobre Jon\u00e1s: El cuidado y la salvaci\u00f3n de Jehov\u00e1 a la ciudad m\u00e1s malvada de los gentiles<\/h4>\n<ol>\n<li>\u00bfCu\u00e1l es el tema, pensamiento central y revelaci\u00f3n de Cristo en el libro de Jon\u00e1s?<\/li>\n<li>\u00bfC\u00f3mo podemos decir que, entre los libros de los Profetas Menores, Jon\u00e1s es el \u00fanico? \u00bfCu\u00e1l es la importancia del prejuicio de Jon\u00e1s y qu\u00e9 asunto espec\u00edfico revela este libro sobre Dios?<\/li>\n<\/ol>\n<h4>22. Sobre Miqueas (1) La palabra introductoria y la reprensi\u00f3n de Jehov\u00e1 a Israel<\/h4>\n<ol>\n<li>\u00bfCu\u00e1l es el tema, la idea central y la revelaci\u00f3n de Cristo en el libro de Miqueas? \u00bfCu\u00e1l es una caracter\u00edstica particular de este libro?<\/li>\n<li>\u00bfCu\u00e1l fue la consideraci\u00f3n del pueblo piadoso, principalmente los profetas, con respecto a la restauraci\u00f3n venidera?<\/li>\n<\/ol>\n<h4>23. Sobre Miqueas (2) El consuelo de Jehov\u00e1 a Israel<\/h4>\n<ol>\n<li>\u00bfCu\u00e1les son los puntos cruciales concernientes a la palabra de consuelo de Jehov\u00e1 a Israel, y c\u00f3mo se relacionan algunos de estos puntos con nuestra experiencia en la vida cristiana y en la vida de iglesia?<\/li>\n<li>\u00bfQu\u00e9 significa decir que la salida de Cristo, su aparici\u00f3n, es un asunto continuo?<\/li>\n<\/ol>\n<h4>24. Sobre Miqueas (3) La grandeza de los profetas al hablar acerca de Cristo<\/h4>\n<ol>\n<li>En los Profetas Menores, \u00bfcu\u00e1les son algunos ejemplos de profetas que se apartaron de Cristo para atender asuntos menores? \u00bfC\u00f3mo se relaciona este asunto con nuestra profec\u00eda actual?<\/li>\n<li>\u00bfPor qu\u00e9 son grandes Am\u00f3s y Miqueas en su profec\u00eda acerca de Cristo?<\/li>\n<\/ol>\n<h4>25. Sobre Miqueas (4) La contienda de Jehov\u00e1 con Israel y la observaci\u00f3n y expectativa del profeta<\/h4>\n<ol>\n<li>\u00bfQu\u00e9 aspectos de la observaci\u00f3n y la expectativa del profeta fueron solo la expresi\u00f3n de su sentimiento natural? \u00bfQu\u00e9 podemos aprender de la observaci\u00f3n y el des\u00e1nimo del profeta?<\/li>\n<li>\u00bfCu\u00e1les son los puntos positivos que transmite la observaci\u00f3n y expectativa del profeta?<\/li>\n<\/ol>\n<h4>26. Sobre Nahum \u2013 El juicio de Jehov\u00e1 sobre N\u00ednive<\/h4>\n<ol>\n<li>\u00bfCu\u00e1l es la relaci\u00f3n entre Jon\u00e1s y Nah\u00fam? \u00bfCu\u00e1l es el tema y la idea central de este libro?<\/li>\n<li>\u00bfC\u00f3mo se revela Dios en el libro de Nah\u00fam? \u00bfCu\u00e1l es el punto principal de este libro?<\/li>\n<\/ol>\n<h4>27. Sobre Habacuc (1) La palabra introductoria y el primer y segundo di\u00e1logo entre el profeta y Jehov\u00e1<\/h4>\n<ol>\n<li>\u00bfCu\u00e1l es el significado del nombre Habacuc? \u00bfCu\u00e1l es el tema y la idea central de este libro?<\/li>\n<li>\u00bfC\u00f3mo nos muestra el libro de Habacuc la salvaci\u00f3n eterna de Dios a los pecadores?<\/li>\n<\/ol>\n<h4>28. Sobre Habacuc (2) Cristo como el factor de enlace en Miqueas, Jon\u00e1s y Habacuc y la Biblia como la revelaci\u00f3n divina dada por la palabra de Dios a trav\u00e9s del hombre.<\/h4>\n<ol>\n<li>\u00bfC\u00f3mo es Cristo el factor de enlace en Miqueas, Jon\u00e1s y Habacuc?<\/li>\n<li>Bas\u00e1ndose en el contenido de este mensaje, prepare una breve profec\u00eda acerca de la Biblia como la revelaci\u00f3n divina dada por el hablar de Dios a trav\u00e9s del hombre.<\/li>\n<\/ol>\n<h4>29. Sobre Habacuc (3) El segundo di\u00e1logo entre el profeta y Jehov\u00e1 y el c\u00e1ntico del profeta a Jehov\u00e1<\/h4>\n<ol>\n<li>\u00bfCu\u00e1les son los puntos claves en el di\u00e1logo final de Habacuc con Jehov\u00e1 y en su c\u00e1ntico?<\/li>\n<li>\u00bfC\u00f3mo expresan las palabras de Habacuc en su c\u00e1ntico su concepto natural? Comparen y contrasten la oraci\u00f3n de Habacuc con la del ap\u00f3stol Pablo. \u00bfQu\u00e9 debemos aprender de esta comparaci\u00f3n?<\/li>\n<\/ol>\n<h4>30. Sobre Sofon\u00edas: El juicio y la salvaci\u00f3n de Jehov\u00e1<\/h4>\n<ol>\n<li>\u00bfCu\u00e1l es el significado del nombre Sofon\u00edas? \u00bfCu\u00e1l es el tema y la idea central de este libro?<\/li>\n<li>\u00bfCu\u00e1l es la revelaci\u00f3n acerca de Cristo en el libro de Sofon\u00edas? \u00bfCu\u00e1l es la importancia de que Jehov\u00e1, en el tiempo de la restauraci\u00f3n, cambiara el lenguaje de los pueblos?<\/li>\n<\/ol>\n<h4>31. Sobre Hageo \u2013 La edificaci\u00f3n de la Casa de Jehov\u00e1 en relaci\u00f3n con el bienestar de Israel y la venida del Mes\u00edas<\/h4>\n<ol>\n<li>\u00bfCu\u00e1l es el tema, la idea central y la revelaci\u00f3n de Cristo en el libro de Hageo? En particular, \u00bfcu\u00e1l es el significado de que Cristo sea el Deseado de todas las naciones?<\/li>\n<li>\u00bfQu\u00e9 lecciones y aplicaciones podemos extraer, respecto a la edificaci\u00f3n de la iglesia, de la reprensi\u00f3n y el encargo de Jehov\u00e1 respecto a la demora en la construcci\u00f3n de la casa?<\/li>\n<\/ol>\n<h4>32. Sobre Malaqu\u00edas (1) La palabra introductoria y el amor de Jehov\u00e1 hacia Jacob y su trato con los hijos de Lev\u00ed<\/h4>\n<ol>\n<li>\u00bfCu\u00e1l es el tema, el pensamiento central y la revelaci\u00f3n acerca de Cristo en el libro de Malaqu\u00edas?<\/li>\n<li>\u00bfQu\u00e9 asunto importante sobre nuestro servicio al Se\u00f1or podemos ver en la palabra de Jehov\u00e1 sobre la traici\u00f3n de los sacerdotes hacia sus esposas? \u00bfCu\u00e1l es el triple cumplimiento de la profec\u00eda sobre la intervenci\u00f3n de Jehov\u00e1 con los hijos de Lev\u00ed para refinar y purificar a los sacerdotes mediante su venida como Mensajero de Jehov\u00e1?<\/li>\n<\/ol>\n<h4>33. Sobre Malaqu\u00edas (2) Cristo en sus dos venidas como se revela en Malaqu\u00edas<\/h4>\n<ol>\n<li>\u00bfCu\u00e1les son los aspectos de Cristo en su venida revelados en Malaqu\u00edas (y Hageo)?<\/li>\n<li>\u00bfCu\u00e1l es el centro del libro de Malaqu\u00edas?<\/li>\n<\/ol>\n<h4>34. Sobre Malaqu\u00edas (3) El trato de Jehov\u00e1 con los hijos de Jacob<\/h4>\n<ol>\n<li>\u00bfCu\u00e1les son los puntos cruciales que se ven en esta porci\u00f3n de Malaqu\u00edas respecto al trato de Jehov\u00e1 con los hijos de Jacob?<\/li>\n<li>\u00bfCu\u00e1l es el significado de no robar a Dios en los diezmos y ofrendas, sino llevar todo el diezmo al alfol\u00ed para que haya alimento en la casa de Dios?<\/li>\n<\/ol>\n<h4>35. Sobre Malaqu\u00edas (4) El avivamiento revelado en los profetas menores<\/h4>\n<ol>\n<li>\u00bfC\u00f3mo revelan los Profetas Menores el asunto del avivamiento y el disfrute del Cristo de Dios?<\/li>\n<li>Prepare una breve profec\u00eda acerca del tema del avivamiento en la Biblia, incluyendo c\u00f3mo se aplica a nuestra familia, a la iglesia, a las naciones, a toda la raza humana e incluso a todo el universo.<\/li>\n<\/ol>","protected":false},"excerpt":{"rendered":"<p>Preguntas de estudio. Estudio-vida de 1. Introducci\u00f3n a los Profetas Menores. \u00bfCu\u00e1l es el contenido de los Profetas Menores? En particular, \u00bfcu\u00e1les son los puntos cruciales sobre Cristo revelados en estos libros? \u00bfCu\u00e1les son algunos de los puntos cruciales de los Profetas Menores? \u00bfCu\u00e1l es el \u00e9nfasis crucial de la revelaci\u00f3n dada a conocer por todos\u2026?<\/p>","protected":false},"author":17,"featured_media":0,"parent":244,"menu_order":0,"comment_status":"closed","ping_status":"closed","template":"","meta":{"inline_featured_image":false,"_monsterinsights_skip_tracking":false,"_monsterinsights_sitenote_active":false,"_monsterinsights_sitenote_note":"","_monsterinsights_sitenote_category":0,"footnotes":""},"class_list":["post-1932","page","type-page","status-publish","hentry"],"_links":{"self":[{"href":"https:\/\/500lifestudies.org\/es\/wp-json\/wp\/v2\/pages\/1932","targetHints":{"allow":["GET"]}}],"collection":[{"href":"https:\/\/500lifestudies.org\/es\/wp-json\/wp\/v2\/pages"}],"about":[{"href":"https:\/\/500lifestudies.org\/es\/wp-json\/wp\/v2\/types\/page"}],"author":[{"embeddable":true,"href":"https:\/\/500lifestudies.org\/es\/wp-json\/wp\/v2\/users\/17"}],"replies":[{"embeddable":true,"href":"https:\/\/500lifestudies.org\/es\/wp-json\/wp\/v2\/comments?post=1932"}],"version-history":[{"count":0,"href":"https:\/\/500lifestudies.org\/es\/wp-json\/wp\/v2\/pages\/1932\/revisions"}],"up":[{"embeddable":true,"href":"https:\/\/500lifestudies.org\/es\/wp-json\/wp\/v2\/pages\/244"}],"wp:attachment":[{"href":"https:\/\/500lifestudies.org\/es\/wp-json\/wp\/v2\/media?parent=1932"}],"curies":[{"name":"wp","href":"https:\/\/api.w.org\/{rel}","templated":true}]}}