{"id":1931,"date":"2022-03-01T17:55:16","date_gmt":"2022-03-01T17:55:16","guid":{"rendered":"https:\/\/500lifestudies.org\/study-questions\/daniel\/"},"modified":"2022-06-29T04:33:30","modified_gmt":"2022-06-29T04:33:30","slug":"daniel","status":"publish","type":"page","link":"https:\/\/500lifestudies.org\/es\/preguntas-de-estudio\/daniel\/","title":{"rendered":"Daniel"},"content":{"rendered":"<h2>\n\t\tPreguntas de estudio\n\t<\/h2>\n\t<p>Estudio de vida de <\/p>\n<h4>1. Una palabra introductoria<\/h4>\n<ol>\n<li>\u00bfCu\u00e1l es el tema del libro de Daniel? \u00bfCu\u00e1les son los cinco puntos espec\u00edficos sobre Cristo que se revelan en este libro?<\/li>\n<li>\u00bfCu\u00e1l es el pensamiento central del libro de Daniel?<\/li>\n<\/ol>\n<h4>2. The Victory of the Young Descendants of God&#8217;s Degraded Elect Over Satan&#8217;s Further Devices (1) Over the Demonic Diet<\/h4>\n<ol>\n<li>What is the spiritual significance of Nebuchadnezzar&#8217;s devilish temptation to seduce Daniel and his companions to partake of his unclean food? How does this apply to our Christian life?<\/li>\n<li>How are Daniel and his companions a picture of the overcomers in the church? How can we say that their victory was God&#8217;s victory?<\/li>\n<\/ol>\n<h4>3. The Victory of the Young Descendants of God&#8217;s Degraded Elect Over Satan&#8217;s Further Devices (2) Over the Devilish Blinding that Prevents People from Seeing God&#8217;s Vision Concerning Human Government Throughout History<\/h4>\n<ol>\n<li>\u00bfQu\u00e9 significa la gran imagen humana? \u00bfQu\u00e9 ha hecho y seguir\u00e1 haciendo el gobierno humano desde su inicio hasta su fin?<\/li>\n<li>\u00bfQu\u00e9 significan la piedra cortada no con mano y el gran monte que llena toda la tierra?<\/li>\n<\/ol>\n<h4>4. The Vision of the Great Image-the Controlling Vision in the Book of Daniel<\/h4>\n<ol>\n<li>\u00bfC\u00f3mo podemos decir que toda la gran imagen humana es Babilonia? \u00bfQu\u00e9 hace Babilonia?<\/li>\n<li>\u00bfC\u00f3mo podemos decir que la gran imagen humana es la visi\u00f3n dominante en el libro de Daniel? Si vemos esta visi\u00f3n, \u00bfcu\u00e1l ser\u00e1 su efecto?<\/li>\n<\/ol>\n<h4>5. The Victory of the Young Descendants of God&#8217;s Degraded Elect Over Satan&#8217;s Further Devices (3) Over the Seduction of Idol Worship<\/h4>\n<ol>\n<li>Who was the fourth one in the fire with Daniel&#8217;s companions? How does this story relate to our Christian experience today?<\/li>\n<li>How does Daniel chapter 3 reveal the victory of the young descendants of God&#8217;s degraded elect over the seduction of idol worship? How does this apply to the overcomers today?<\/li>\n<\/ol>\n<h4>6. The Victory of the Young Descendants of God&#8217;s Degraded Elect Over Satan&#8217;s Further Devices (4) Over the Covering that Hinders People from Seeing the Ruling of the Heavens by the God of the Heavens<\/h4>\n<ol>\n<li>How does the book of Daniel reveal God&#8217;s economy? How are the six cases in chapters 1-6 related?<\/li>\n<li>\u00bfPor qu\u00e9 expuls\u00f3 Dios a Nabucodonosor de entre los hombres y dej\u00f3 que su porci\u00f3n estuviera con las bestias del campo hasta que pasaran sobre \u00e9l siete per\u00edodos de tiempo?<\/li>\n<\/ol>\n<h4>7. The Victory of the Young Descendants of God&#8217;s Degraded Elect Over Satan&#8217;s Further Devices (5) Over the Ignorance Concerning the Result of the Debauchery Before God and the Insult to His Holiness<\/h4>\n<ol>\n<li>What is debauchery? How did Beshazzar insult God&#8217;s holiness?<\/li>\n<li>\u00bfCu\u00e1l es la lecci\u00f3n que debemos aprender del cap\u00edtulo 5 de Daniel?<\/li>\n<\/ol>\n<h4>8. The Victory of the Young Descendants of God&#8217;s Degraded Elect Over Satan&#8217;s Further Devices (6) Over the Subtlety that Prohibited the Faithfulness of the Overcomers in the Worship of God<\/h4>\n<ol>\n<li>Why is prayer so crucial for the carrying out of God&#8217;s economy, and why does Satan seek to hinder our prayer?<\/li>\n<li>What was the last step of the victory over Satan&#8217;s devices? How does Daniel chapter 6 conclude?<\/li>\n<\/ol>\n<h4>9. Las visiones de Daniel vencedor (1) La visi\u00f3n acerca de las cuatro bestias que salen del mar Mediterr\u00e1neo (1)<\/h4>\n<ol>\n<li>En la visi\u00f3n de Daniel 7, \u00bfqu\u00e9 representa el mar Mediterr\u00e1neo? \u00bfQu\u00e9 significa la agitaci\u00f3n del mar, que da origen a las bestias?<\/li>\n<li>\u00bfQu\u00e9 significa cada una de las bestias? Compare y contraste la visi\u00f3n de la gran imagen humana con la visi\u00f3n de las bestias.<\/li>\n<\/ol>\n<h4>10. Las visiones de Daniel vencedor (1) La visi\u00f3n acerca de las cuatro bestias del mar Mediterr\u00e1neo (2)<\/h4>\n<ol>\n<li>\u00bfC\u00f3mo revela Daniel 7 a Dios en su dominio universal y la venida del Hijo del Hombre, Cristo?<\/li>\n<li>\u00bfCu\u00e1l es la caracter\u00edstica particular del libro de Daniel?<\/li>\n<\/ol>\n<h4>11. Las visiones de Daniel vencedor (2) La visi\u00f3n acerca de un carnero y un macho cabr\u00edo con sus sucesores<\/h4>\n<ol>\n<li>\u00bfCu\u00e1l es el significado de la visi\u00f3n del carnero y el macho cabr\u00edo con sus sucesores? \u00bfC\u00f3mo se relaciona esta visi\u00f3n con Israel?<\/li>\n<li>\u00bfQu\u00e9 puntos concernientes a la venida del Anticristo se revelan en esta visi\u00f3n?<\/li>\n<\/ol>\n<h4>12. God&#8217;s Economy in the Book of Daniel<\/h4>\n<ol>\n<li>What are the five major points concerning Christ as the centrality and universality of God&#8217;s economy revealed in the book of Daniel? How does Christ become His people&#8217;s centrality and universality?<\/li>\n<li>\u00bfCu\u00e1les son los tres asuntos cruciales del libro de Daniel mencionados en este mensaje?<\/li>\n<\/ol>\n<h4>13. El gobierno humano lucha contra Dios y es aplastado por Cristo en su venida con su Novia<\/h4>\n<ol>\n<li>\u00bfC\u00f3mo muestra la Biblia que, con el tiempo, el gobierno humano luchar\u00e1 directamente contra Dios? \u00bfC\u00f3mo resuelve Dios los problemas de la vieja creaci\u00f3n y el gobierno humano?<\/li>\n<li>\u00bfC\u00f3mo prepara Cristo a su novia? \u00bfQu\u00e9 significa en la pr\u00e1ctica que Cristo se convierta en nuestra centralidad y universalidad hoy?<\/li>\n<\/ol>\n<h4>14. Las visiones de Daniel vencedor (3) La visi\u00f3n acerca de las setenta semanas<\/h4>\n<ol>\n<li>\u00bfCu\u00e1l es el significado de la visi\u00f3n de las setenta semanas? \u00bfPor qu\u00e9 es esta la parte m\u00e1s valiosa de todo el libro de Daniel?<\/li>\n<li>\u00bfCu\u00e1l es el significado de la brecha entre la semana sesenta y nueve y la semana setenta?<\/li>\n<\/ol>\n<h4>15. Las visiones de Daniel vencedor (4) La visi\u00f3n acerca del destino de Israel (1)<\/h4>\n<ol>\n<li>Why is it crucial for us to see the spiritual things behind the physical things in order to know God&#8217;s economy and to know that in God&#8217;s economy Christ is the centrality and universality of God&#8217;s move? How can we see this in the book of Daniel?<\/li>\n<li>\u00bfC\u00f3mo revela el cap\u00edtulo 10 de Daniel al excelente Cristo?<\/li>\n<\/ol>\n<h4>16. Las visiones de Daniel vencedor (4) La visi\u00f3n acerca del destino de Israel (2)<\/h4>\n<ol>\n<li>En la visi\u00f3n presentada en el cap\u00edtulo 11 de Daniel, \u00bfde qu\u00e9 maneras es Ant\u00edoco Ep\u00edfanes (el rey del norte) un tipo del Anticristo?<\/li>\n<li>What is the center, the aim, and the goal of Satan&#8217;s struggle against God, as seen in these cases?<\/li>\n<\/ol>\n<h4>17. Las visiones de Daniel vencedor (4) La visi\u00f3n acerca del destino de Israel (3)<\/h4>\n<ol>\n<li>\u00bfQu\u00e9 revela el cap\u00edtulo 12 de Daniel acerca de la consumaci\u00f3n de los tiempos, la era venidera del reino y la eternidad?<\/li>\n<li>Con base en el contenido de este Estudio-vida, prepare un breve resumen del significado intr\u00ednseco del libro de Daniel.<\/li>\n<\/ol>","protected":false},"excerpt":{"rendered":"<p>Study questions Life-Study of 1. An Introductory Word What is the subject of the book of Daniel? What are the five particular points concerning Christ revealed in this book? What is the central thought of the book of Daniel? 2. The Victory of the Young Descendants of God&#8217;s Degraded Elect Over Satan&#8217;s Further Devices (1)&hellip;<\/p>","protected":false},"author":17,"featured_media":0,"parent":244,"menu_order":0,"comment_status":"closed","ping_status":"closed","template":"","meta":{"inline_featured_image":false,"_monsterinsights_skip_tracking":false,"_monsterinsights_sitenote_active":false,"_monsterinsights_sitenote_note":"","_monsterinsights_sitenote_category":0,"footnotes":""},"class_list":["post-1931","page","type-page","status-publish","hentry"],"_links":{"self":[{"href":"https:\/\/500lifestudies.org\/es\/wp-json\/wp\/v2\/pages\/1931","targetHints":{"allow":["GET"]}}],"collection":[{"href":"https:\/\/500lifestudies.org\/es\/wp-json\/wp\/v2\/pages"}],"about":[{"href":"https:\/\/500lifestudies.org\/es\/wp-json\/wp\/v2\/types\/page"}],"author":[{"embeddable":true,"href":"https:\/\/500lifestudies.org\/es\/wp-json\/wp\/v2\/users\/17"}],"replies":[{"embeddable":true,"href":"https:\/\/500lifestudies.org\/es\/wp-json\/wp\/v2\/comments?post=1931"}],"version-history":[{"count":0,"href":"https:\/\/500lifestudies.org\/es\/wp-json\/wp\/v2\/pages\/1931\/revisions"}],"up":[{"embeddable":true,"href":"https:\/\/500lifestudies.org\/es\/wp-json\/wp\/v2\/pages\/244"}],"wp:attachment":[{"href":"https:\/\/500lifestudies.org\/es\/wp-json\/wp\/v2\/media?parent=1931"}],"curies":[{"name":"wp","href":"https:\/\/api.w.org\/{rel}","templated":true}]}}