{"id":1928,"date":"2022-03-01T17:55:11","date_gmt":"2022-03-01T17:55:11","guid":{"rendered":"https:\/\/500lifestudies.org\/study-questions\/jeremiah\/"},"modified":"2022-06-29T04:29:09","modified_gmt":"2022-06-29T04:29:09","slug":"jeremias","status":"publish","type":"page","link":"https:\/\/500lifestudies.org\/es\/preguntas-de-estudio\/jeremias\/","title":{"rendered":"Jerem\u00edas"},"content":{"rendered":"<h2>\n\t\tPreguntas de estudio\n\t<\/h2>\n\t<p>Estudio de vida de <\/p>\n<h4>1. Una palabra introductoria<\/h4>\n<ol>\n<li>What are the parties revealed in the book of Jeremiah? What is the particular nature and standing of this book, and how does this nature and standing relate to Jeremiah as Jehovah&#8217;s prophet?<\/li>\n<li>\u00bfCu\u00e1l es el tema, contenido y pensamiento central del libro de Jerem\u00edas?<\/li>\n<\/ol>\n<h4>2. Aspectos cruciales de la revelaci\u00f3n divina en Jerem\u00edas<\/h4>\n<ol>\n<li>\u00bfDe qu\u00e9 maneras particulares y cruciales se revela Cristo en el libro de Jerem\u00edas?<\/li>\n<li>\u00bfCu\u00e1l es la consumaci\u00f3n final, el resultado final de la revelaci\u00f3n en el libro de Jerem\u00edas?<\/li>\n<\/ol>\n<h4>3. El contenido intr\u00ednseco de Jerem\u00edas<\/h4>\n<ol>\n<li>\u00bfCu\u00e1l es el aspecto negativo del contenido intr\u00ednseco de Jerem\u00edas?<\/li>\n<li>\u00bfCu\u00e1les son los aspectos positivos del contenido intr\u00ednseco de Jerem\u00edas?<\/li>\n<\/ol>\n<h4>4. God&#8217;s Faithfulness in Fulfilling His Economy<\/h4>\n<ol>\n<li>What is God&#8217;s purpose in desiring to be the fountain of living waters to His elect people? Why is this matter crucial?<\/li>\n<li>Describe how God is faithful in fulfilling His economy, making mention of how this matter relates to God&#8217;s compassions never failing and Christ becoming our righteousness.<\/li>\n<\/ol>\n<h4>5. Jeremiah&#8217;s Call and Commission<\/h4>\n<ol>\n<li>What are the two meanings of the name Jeremiah, and how is this significant in relation to Jeremiah&#8217;s commission?<\/li>\n<li>\u00bfCu\u00e1l es el significado de las dos visiones dadas a Jerem\u00edas al comienzo de su ministerio? Adem\u00e1s, \u00bfcu\u00e1l es el significado de que Dios haya convertido a Jerem\u00edas en una ciudad fortificada, una columna de hierro y muros de bronce?<\/li>\n<\/ol>\n<h4>6. Israel&#8217;s Sin Against Jehovah and Jehovah&#8217;s Punishment Upon Israel (1) Two Evils of Israel<\/h4>\n<ol>\n<li>\u00bfCu\u00e1l es el primer mal cometido por Israel y cu\u00e1l es su significado?<\/li>\n<li>\u00bfCu\u00e1l es el segundo mal cometido por Israel y cu\u00e1l es su significado?<\/li>\n<\/ol>\n<h4>7. Israel&#8217;s Sin Against Jehovah and Jehovah&#8217;s Punishment Upon Israel (1) Israel&#8217;s Return or Jehovah&#8217;s Correction for Her Apostasy<\/h4>\n<ol>\n<li>\u00bfCu\u00e1l es el significado de que Israel ya no cuide el arca de la alianza?<\/li>\n<li>What is the significance of Israel as Jehovah&#8217;s wife calling Him &#8220;Father&#8221;?<\/li>\n<\/ol>\n<h4>8. Israel&#8217;s Sin Against Jehovah and Jehovah&#8217;s Punishment Upon Israel (3) Jehovah the Husband&#8217;s Further Complaint Against Israel the Wife&#8217;s Wickedness and His Determination in Correcting Her<\/h4>\n<ol>\n<li>How do the two sections of Jehovah the Husband&#8217;s complaint against Israel the wife&#8217;s apostasy correspond to the two sections of the ten commandments?<\/li>\n<li>Por favor resuma los cap\u00edtulos 2 al 6 de Jerem\u00edas de una manera sencilla.<\/li>\n<\/ol>\n<h4>9. A Word Concerning Israel&#8217;s History and the Situation of Israel in the Sunset of the Divine Revelation<\/h4>\n<ol>\n<li>Briefly describe Israel&#8217;s history in relation to the divine revelation.<\/li>\n<li>Describe how Jeremiah fulfilled God&#8217;s commission at the time of the sunset of the divine revelation.<\/li>\n<\/ol>\n<h4>10. Israel&#8217;s Sin Against Jehovah and Jehovah&#8217;s Punishment Upon Israel (4) Israel&#8217;s Hypocritical Worship to Jehovah (1)<\/h4>\n<ol>\n<li>What are the key points presented in this message concerning Israel&#8217;s hypocritical worship to Jehovah their God?<\/li>\n<li>\u00bfCu\u00e1les son los puntos claves presentados en este mensaje acerca de los males de Israel como adoradores hip\u00f3critas de Dios?<\/li>\n<\/ol>\n<h4>11. Israel&#8217;s Sin Against Jehovah and Jehovah&#8217;s Punishment Upon Israel (5) Israel&#8217;s Hypocritical Worship to Jehovah (2)<\/h4>\n<ol>\n<li>What do we see concerning Jeremiah the prophet&#8217;s reaction to Jehovah&#8217;s correction of Israel in chapters 8-10? What do we see concerning Jehovah&#8217;s feeling concerning Israel&#8217;s suffering of His correction?<\/li>\n<li>\u00bfCu\u00e1les son los puntos cruciales de las palabras de sabidur\u00eda escritas por Jerem\u00edas al Israel errante y sufriente?<\/li>\n<\/ol>\n<h4>12. God&#8217;s Economy and His Dispensing in the Book of Jeremiah<\/h4>\n<ol>\n<li>What is God&#8217;s economy and the goal of His economy? How does Jeremiah relate to God&#8217;s economy with its goal?<\/li>\n<li>What does Jeremiah&#8217;s prophecy show us concerning Christ in God&#8217;s economy and our experience?<\/li>\n<\/ol>\n<h4>13. Israel&#8217;s Sin Against Jehovah and Jehovah&#8217;s Punishment Upon Israel (6) Israel&#8217;s Breaking of Jehovah&#8217;s Covenant<\/h4>\n<ol>\n<li>What was God&#8217;s intention in giving the law, and how did Israel become a total failure under the test of the law? Provide New Testament Scripture references to help support your answer.<\/li>\n<li>How does the book of Jeremiah portray Israel&#8217;s breaking of the covenant of the law, God&#8217;s punishment over them, and Jeremiah&#8217;s reaction?<\/li>\n<\/ol>\n<h4>14. Israel&#8217;s Sin Against Jehovah and Jehovah&#8217;s Punishment Upon Israel (7) Jehovah&#8217;s Punishment of Israel with Drought<\/h4>\n<ol>\n<li>What is the significance of Jehovah&#8217;s punishment of Israel with drought? In your answer, please provide references from other Scripture portions that relate to this matter.<\/li>\n<li>\u00bfC\u00f3mo vemos que Jehov\u00e1 y el profeta eran uno, y c\u00f3mo vemos que Dios todav\u00eda era compasivo con Su pueblo incluso cuando lo castigaba?<\/li>\n<\/ol>\n<h4>15. Israel&#8217;s Sin Against Jehovah and Jehovah&#8217;s Punishment Upon Israel (8) Jehovah&#8217;s Further Commission to Jeremiah to His Further Statement of Judah&#8217;s Sins (1)<\/h4>\n<ol>\n<li>\u00bfCu\u00e1l es el significado de que Dios entrara a hablar con Jerem\u00edas mientras \u00e9l hablaba con su madre?<\/li>\n<li>What crucial points concerning being God&#8217;s mouthpiece do we see in this passage of Jeremiah? What is the significance of Jehovah&#8217;s word to Jeremiah about not having a wife or children?<\/li>\n<\/ol>\n<h4>16. Israel&#8217;s Sin Against Jehovah and Jehovah&#8217;s Punishment Upon Israel (9) Jehovah&#8217;s Further Commission to Jeremiah and His Further Statement of Judah&#8217;s Sins (2)<\/h4>\n<ol>\n<li>\u00bfCu\u00e1les son las dos maneras diferentes de entender Jerem\u00edas 17:5-8? \u00bfCu\u00e1l es la manera correcta?<\/li>\n<li>What is the significance, in relation to God&#8217;s economy, of the the word concerning the incurable heart of man, Jeremiah&#8217;s trusting prayer to Jehovah, and the word concerning keeping the Sabbath?<\/li>\n<\/ol>\n<h4>17. A Full Picture of God&#8217;s Economy by His Dispensing<\/h4>\n<ol>\n<li>What are the crucial aspects of God&#8217;s economy seen in the record of Jeremiah and Jehovah&#8217;s speaking to one another?<\/li>\n<li>What is the spiritual significance of keeping the Sabbath? How does this relate to God&#8217;s economy? In addition, what does it mean to come to the orchard of Jeremiah to pick ripe fruit?<\/li>\n<\/ol>\n<h4>18. Israel&#8217;s Sin Against Jehovah and Jehovah&#8217;s Punishment Upon Israel (10) Jehovah as the Potter and Israel as the Pottery<\/h4>\n<ol>\n<li>\u00bfCu\u00e1l es el significado profundo de la palabra acerca de que Jehov\u00e1 es el Alfarero y Su pueblo escogido es la cer\u00e1mica en Su mano?<\/li>\n<li>\u00bfPor qu\u00e9 Jerem\u00edas maldijo su cumplea\u00f1os? \u00bfC\u00f3mo se relaciona esto con nuestra experiencia actual?<\/li>\n<\/ol>\n<h4>19. Israel&#8217;s Sin Against Jehovah and Jehovah&#8217;s Punishment Upon Israel (11) Jehovah&#8217;s Condemnation of and Punishment Upon the Kings and Prophets of Judah (1)<\/h4>\n<ol>\n<li>\u00bfCu\u00e1l es el significado profundo de la palabra acerca de que Jehov\u00e1 levantar\u00e1 a David un reto\u00f1o justo que reinar\u00e1 como Rey, actuar\u00e1 con prudencia y ejecutar\u00e1 juicio y justicia en la tierra santa?<\/li>\n<li>What is the significance of the name of the Shoot being &#8220;Jehovah our righteousness&#8221;?<\/li>\n<\/ol>\n<h4>20. (Un mensaje adicional) Experimentar y disfrutar a Cristo como el Hijo de David y el Hijo de Abraham<\/h4>\n<ol>\n<li>\u00bfQu\u00e9 significa disfrutar de Cristo como el Hijo de David? \u00bfQu\u00e9 significa disfrutar de Cristo como el Hijo de Abraham?<\/li>\n<li>\u00bfCu\u00e1les fueron los pactos que se hicieron con David y Abraham? \u00bfC\u00f3mo se relaciona este asunto con el evangelio?<\/li>\n<\/ol>\n<h4>21. Israel&#8217;s Sin Against Jehovah and Jehovah&#8217;s Punishment Upon Israel (12) Jehovah&#8217;s Condemnation of and Punishment Upon the Kings and Prophets of Judah (2)<\/h4>\n<ol>\n<li>\u00bfC\u00f3mo se relaciona la palabra acerca de los falsos profetas en Jerem\u00edas con la situaci\u00f3n de los cristianos hoy?<\/li>\n<li>\u00bfCu\u00e1l es una manera crucial en la que podemos discernir entre los falsos profetas y los profetas genuinos enviados por Dios?<\/li>\n<\/ol>\n<h4>22. Israel&#8217;s Sin Against Jehovah and Jehovah&#8217;s Punishment Upon Israel (13) Judah&#8217;s Captivity and Judah&#8217;s Reaction to Jeremiah<\/h4>\n<ol>\n<li>What is the significance of Jeremiah&#8217;s vision of two baskets of figs?<\/li>\n<li>In the book of Jeremiah, and in this passage in particular, how do we see Satan using idols and distractions to frustrate the carrying out of God&#8217;s economy among His people?<\/li>\n<\/ol>\n<h4>23. Israel&#8217;s Sin Against Jehovah and Jehovah&#8217;s Punishment Upon Israel (14) Jeremiah&#8217;s Genuine Prophecies Versus the Others&#8217; False Prophecies<\/h4>\n<ol>\n<li>What are the key points concerning Jeremiah&#8217;s genuine prophecies versus the others&#8217; false prophecies?<\/li>\n<li>\u00bfC\u00f3mo podemos aplicar la situaci\u00f3n descrita en estos cap\u00edtulos a la situaci\u00f3n del cristianismo hoy?<\/li>\n<\/ol>\n<h4>24. Israel&#8217;s Sin Against Jehovah and Jehovah&#8217;s Punishment Upon Israel (15) Jehovah&#8217;s Promise Concerning the Restoration of Israel (1)<\/h4>\n<ol>\n<li>What are the key points with respect to Jehovah&#8217;s promise concerning the restoration of Israel?<\/li>\n<li>\u00bfCu\u00e1l es el significado de que Jehov\u00e1 sembrara la casa de Israel con la descendencia del hombre y con la descendencia de la bestia?<\/li>\n<\/ol>\n<h4>25. Israel&#8217;s Sin Against Jehovah and Jehovah&#8217;s Punishment Upon Israel (16) Jehovah&#8217;s Promise Concerning the Restoration of Israel (2)<\/h4>\n<ol>\n<li>\u00bfCu\u00e1les son los ocho pactos revelados en la Biblia? \u00bfCu\u00e1les dos de ellos se mencionan por su nombre? \u00bfCu\u00e1l es el significado de estos dos pactos?<\/li>\n<li>\u00bfCu\u00e1les son los contenidos del nuevo pacto?<\/li>\n<\/ol>\n<h4>26. The Inner Law-the Center of the New Covenant<\/h4>\n<ol>\n<li>\u00bfC\u00f3mo podemos decir que la ley interior de la vida es el centro de la nueva alianza?<\/li>\n<li>\u00bfCu\u00e1l es la funci\u00f3n de la ley interna de la vida?<\/li>\n<\/ol>\n<h4>27. Israel&#8217;s Sin Against Jehovah and Jehovah&#8217;s Punishment Upon Israel (17) Jehovah&#8217;s Promise Concerning the Restoration of Israel (3)<\/h4>\n<ol>\n<li>What is the significance of Jehovah&#8217;s word that He would give His people one heart and one way? How can we apply this word to our situation today?<\/li>\n<li>\u00bfC\u00f3mo podemos ver a Cristo y una imagen de la vida de la iglesia en Jerem\u00edas 33?<\/li>\n<\/ol>\n<h4>28. Israel&#8217;s Sin Against Jehovah and Jehovah&#8217;s Punishment Upon Israel (18) Israel&#8217;s Stubbornness in Their Sinning Against Jehovah and Jeremiah&#8217;s Firmness in His Speaking for Jehovah (1)<\/h4>\n<ol>\n<li>\u00bfCu\u00e1l es el significado del ejemplo de los recabitas?<\/li>\n<li>How do we see Israel&#8217;s stubbornness in sinning against Jehovah and Jeremiah&#8217;s firmness in speaking for Him in this passage?<\/li>\n<\/ol>\n<h4>29. Israel&#8217;s Sin Against Jehovah and Jehovah&#8217;s Punishment Upon Israel (19) Israel&#8217;s Stubbornness in Their Sinning Against Jehovah and Jeremiah&#8217;s Firmness in His Speaking for Jehovah (2)<\/h4>\n<ol>\n<li>What was the first step of Jeremiah&#8217;s imprisonment?<\/li>\n<li>What was the second step of Jeremiah&#8217;s imprisonment?<\/li>\n<\/ol>\n<h4>30. Israel&#8217;s Sin Against Jehovah and Jehovah&#8217;s Punishment Upon Israel (20) Israel&#8217;s Stubbornness in Their Sinning Against Jehovah and Jeremiah&#8217;s Firmness in His Speaking for Jehovah (3)<\/h4>\n<ol>\n<li>\u00bfCu\u00e1l fue el castigo que recibi\u00f3 el rey Sedequ\u00edas?<\/li>\n<li>\u00bfCu\u00e1les son los puntos claves concernientes al registro de cosas que sucedieron despu\u00e9s de la ca\u00edda de Jerusal\u00e9n?<\/li>\n<\/ol>\n<h4>31. Israel&#8217;s Sin Against Jehovah and Jehovah&#8217;s Punishment Upon Israel (21) Israel&#8217;s Stubbornness in Their Sinning Against Jehovah and Jeremiah&#8217;s Firmness in His Speaking for Jehovah (4)<\/h4>\n<ol>\n<li>What are the key points concerning Israel&#8217;s stubbornness in their sinning against Jehovah seen in the further aspects of the history of the remnant of Judah from Gedaliah to Johanan?<\/li>\n<li>What are the key points concerning Jeremiah&#8217;s further speaking to the remnant of Judah in these passages?<\/li>\n<\/ol>\n<h4>32. El principio de ser uno con Dios seg\u00fan se revela en el libro de Jerem\u00edas<\/h4>\n<ol>\n<li>How can we see the principle of being one with God as revealed in Jeremiah? In Jeremiah 34-45 how do we see Israel&#8217;s forsaking of God as the source, the fountain, of living waters and how do we see the children of Israel not being one with God?<\/li>\n<li>\u00bfCu\u00e1l es la esencia del libro de Jerem\u00edas?<\/li>\n<\/ol>\n<h4>33. La secuencia espiritual en la Biblia y en el libro de Jerem\u00edas<\/h4>\n<ol>\n<li>\u00bfCu\u00e1l es la secuencia espiritual en la Biblia?<\/li>\n<li>\u00bfCu\u00e1l es la secuencia espiritual en el libro de Jerem\u00edas?<\/li>\n<\/ol>\n<h4>34. Jehovah&#8217;s Punishment and Judgment Upon the Nations Involved with God&#8217;s Elect, Israel (1)<\/h4>\n<ol>\n<li>What does Egypt typify, and what is the significance of God&#8217;s people going down to Egypt?<\/li>\n<li>\u00bfQu\u00e9 significan los filisteos?<\/li>\n<\/ol>\n<h4>35. Jehovah&#8217;s Punishment and Judgment Upon the Nations Involved with God&#8217;s Elect, Israel (2)<\/h4>\n<ol>\n<li>\u00bfQu\u00e9 simbolizan Moab y Am\u00f3n?<\/li>\n<li>\u00bfQu\u00e9 simbolizan Edom, Damasco, Hazor y Elam?<\/li>\n<\/ol>\n<h4>36. Jehovah&#8217;s Punishment and Judgment Upon the Nations Involved with God&#8217;s Elect, Israel (3) And a Supplement to the History of Captivity<\/h4>\n<ol>\n<li>\u00bfQu\u00e9 simboliza Babilonia?<\/li>\n<li>\u00bfCu\u00e1l es la relaci\u00f3n entre Babilonia y el gobierno humano seg\u00fan se revela en la Biblia?<\/li>\n<\/ol>\n<h4>37. Babylon-the Beginning and the Ending of Human Government<\/h4>\n<ol>\n<li>\u00bfC\u00f3mo podemos decir que Babilonia es todo el gobierno humano sobre la tierra? \u00bfCu\u00e1les son los dos aspectos de Babilonia?<\/li>\n<li>\u00bfQu\u00e9 significa que el mundo entero se ha vuelto romano y c\u00f3mo vemos la destrucci\u00f3n del Imperio Romano y la eliminaci\u00f3n de todas las cosas romanas de la tierra en la profec\u00eda de la Biblia? Adem\u00e1s, \u00bfcu\u00e1les son las dos ciudades prominentes en la Biblia y cu\u00e1l es su destino?<\/li>\n<\/ol>\n<h4>38. The Separation of the Church, God&#8217;s New Testament Elect, from the World in All Its Aspects for the Accomplishment of God&#8217;s Economy<\/h4>\n<ol>\n<li>\u00bfC\u00f3mo se aplican a nosotros en la vida de la iglesia hoy las palabras del libro de Jerem\u00edas acerca del juicio sobre Egipto y Babilonia?<\/li>\n<li>Why is the separation of the church from the world in all its aspects crucial for the accomplishment of God&#8217;s economy?<\/li>\n<\/ol>\n<h4>39. El fundamento de la Nueva Alianza, la Alianza de Vida, en el Libro de Jerem\u00edas<\/h4>\n<ol>\n<li>\u00bfCu\u00e1l es la parte m\u00e1s importante del libro de Jerem\u00edas y por qu\u00e9?<\/li>\n<li>\u00bfCu\u00e1l es la posici\u00f3n y funci\u00f3n del antiguo pacto de la ley, y cu\u00e1l es el contenido del nuevo pacto?<\/li>\n<\/ol>\n<h4>40. El n\u00facleo del libro de Jerem\u00edas<\/h4>\n<ol>\n<li>\u00bfC\u00f3mo revela el libro de Jerem\u00edas lo que Dios quiere de nosotros y lo que somos en nuestra condici\u00f3n ca\u00edda?<\/li>\n<li>\u00bfC\u00f3mo nos revela el libro de Jerem\u00edas lo que Cristo es para nosotros?<\/li>\n<\/ol>","protected":false},"excerpt":{"rendered":"<p>Study questions Life-Study of 1. An Introductory Word What are the parties revealed in the book of Jeremiah? What is the particular nature and standing of this book, and how does this nature and standing relate to Jeremiah as Jehovah&#8217;s prophet? What is the subject, content, and central thought of the book of Jeremiah? 2.&hellip;<\/p>","protected":false},"author":17,"featured_media":0,"parent":244,"menu_order":0,"comment_status":"closed","ping_status":"closed","template":"","meta":{"inline_featured_image":false,"_monsterinsights_skip_tracking":false,"_monsterinsights_sitenote_active":false,"_monsterinsights_sitenote_note":"","_monsterinsights_sitenote_category":0,"footnotes":""},"class_list":["post-1928","page","type-page","status-publish","hentry"],"_links":{"self":[{"href":"https:\/\/500lifestudies.org\/es\/wp-json\/wp\/v2\/pages\/1928","targetHints":{"allow":["GET"]}}],"collection":[{"href":"https:\/\/500lifestudies.org\/es\/wp-json\/wp\/v2\/pages"}],"about":[{"href":"https:\/\/500lifestudies.org\/es\/wp-json\/wp\/v2\/types\/page"}],"author":[{"embeddable":true,"href":"https:\/\/500lifestudies.org\/es\/wp-json\/wp\/v2\/users\/17"}],"replies":[{"embeddable":true,"href":"https:\/\/500lifestudies.org\/es\/wp-json\/wp\/v2\/comments?post=1928"}],"version-history":[{"count":0,"href":"https:\/\/500lifestudies.org\/es\/wp-json\/wp\/v2\/pages\/1928\/revisions"}],"up":[{"embeddable":true,"href":"https:\/\/500lifestudies.org\/es\/wp-json\/wp\/v2\/pages\/244"}],"wp:attachment":[{"href":"https:\/\/500lifestudies.org\/es\/wp-json\/wp\/v2\/media?parent=1928"}],"curies":[{"name":"wp","href":"https:\/\/api.w.org\/{rel}","templated":true}]}}