{"id":1923,"date":"2022-03-01T17:55:03","date_gmt":"2022-03-01T17:55:03","guid":{"rendered":"https:\/\/500lifestudies.org\/study-questions\/psalms\/"},"modified":"2022-06-29T04:18:08","modified_gmt":"2022-06-29T04:18:08","slug":"salmos","status":"publish","type":"page","link":"https:\/\/500lifestudies.org\/es\/preguntas-de-estudio\/salmos\/","title":{"rendered":"Salmos"},"content":{"rendered":"<h2>\n\t\tPreguntas de estudio\n\t<\/h2>\n\t<p>Estudio de vida de <\/p>\n<h4>1. Una palabra introductoria<\/h4>\n<ol>\n<li>Explique lo que significa decir que los Salmos no son un libro de doctrinas ni de ning\u00fan tipo de ense\u00f1anzas, sino un libro de expresiones de sentimientos, sensaciones, impresiones y experiencias de hombres piadosos.<\/li>\n<li>\u00bfCu\u00e1les son los dos tipos de conceptos seg\u00fan los cuales se escribieron los Salmos? \u00bfCu\u00e1l es el contenido del libro de los Salmos seg\u00fan cada tipo de concepto?<\/li>\n<\/ol>\n<h4>2. Christ in God&#8217;s Economy Versus the Law in Man&#8217;s Appreciation (1)<\/h4>\n<ol>\n<li>Prepare a prophecy presenting the proper view of the law in God&#8217;s economy based upon the contents of this message.<\/li>\n<li>Compare y contraste el concepto del Salmo 1 acerca de que los santos son \u00e1rboles que absorben agua con el concepto del Nuevo Testamento.<\/li>\n<\/ol>\n<h4>3. Christ in God&#8217;s Economy Versus the Law in Man&#8217;s Appreciation (2)<\/h4>\n<ol>\n<li>\u00bfCu\u00e1l es la raz\u00f3n soberana para la disposici\u00f3n de los Salmos 1 y 2?<\/li>\n<li>How does Psalm 2 reveal Christ in God&#8217;s economy? What is the meaning of taking refuge in and kissing the Son at the end of this Psalm?<\/li>\n<\/ol>\n<h4>4. David&#8217;s Concepts Concerning a Godly Life in Comparison with His Inspired Praise of the Excellency of Christ (1)<\/h4>\n<ol>\n<li>How does the history behind Psalms 3-7 show us that these Psalms are not the examples of how we should pray?<\/li>\n<li>How do Psalms 3-7 reveal David&#8217;s concepts concenring a godly life? How do the contents of these Psalms fall short of the New Testament revelation concerning God&#8217;s economy?<\/li>\n<\/ol>\n<h4>5. David&#8217;s Concepts Concerning a Godly Life in Comparison with His Inspired Praise of the Excellency of Christ (2)<\/h4>\n<ol>\n<li>What is the significance of Psalm 8 coming after Psalms 3-7?<\/li>\n<li>Prepare a brief prophecy concerning the contents of David&#8217;s inspired praise of the excellency of Christ.<\/li>\n<\/ol>\n<h4>6. David&#8217;s Concept Concerning God&#8217;s Judgment on David&#8217;s Enemies Among the Nations and Concerning Man&#8217;s Condition Before God<\/h4>\n<ol>\n<li>What is the subject of Psalm 9 and Psalms 10-14, respectively? What portion in the New Testament quotes from these Psalms? In addition, how do these Psalms relate to the central line of God&#8217;s economy, and what are they based on?<\/li>\n<li>What does it mean to say that David&#8217;s concept in these Psalms is neither according to the Old Testament or the New Testament but according to &#8220;David&#8217;s testament&#8221;? How is David&#8217;s speaking concerning God&#8217;s throne and mankind different from the speaking in the New Testament?<\/li>\n<\/ol>\n<h4>7. What Kind of Man May Dwell with God for His Heart&#8217;s Desire and Good Pleasure?<\/h4>\n<ol>\n<li>\u00bfC\u00f3mo se organizan soberanamente los Salmos 15 y 16 como un par? \u00bfCu\u00e1l es la relaci\u00f3n entre estos dos Salmos?<\/li>\n<li>Describe the divine revelation in Psalm 16 concerning the living of the Lord Jesus as the God-man. Describe also the history of Psalms 1-16.<\/li>\n<\/ol>\n<h4>8. Las l\u00edneas, los principios y el esp\u00edritu de la Biblia acerca de Cristo y la ley<\/h4>\n<ol>\n<li>What are the two lines concerning God&#8217;s eternal economy in the Psalms as in the entire Scriptures?<\/li>\n<li>\u00bfCu\u00e1les son los principios del Antiguo Testamento y del Nuevo Testamento, y cu\u00e1l es el esp\u00edritu de la Biblia?<\/li>\n<\/ol>\n<h4>9. David&#8217;s Concept Concerning a Man and Concerning David&#8217;s Kingship Before God Based Upon the Keeping of the Law and the Principle of Good and Evil<\/h4>\n<ol>\n<li>How do we see both David&#8217;s human concept and also the improvement of his concept in Psalms 17-19?<\/li>\n<li>Describe the further improvement in David&#8217;s concept in Psalm 20. How is the matter of blessing related to our stature in life?<\/li>\n<\/ol>\n<h4>10. El Cristo que pas\u00f3 por la muerte redentora y entr\u00f3 en la resurrecci\u00f3n que produce Iglesia.<\/h4>\n<ol>\n<li>\u00bfCu\u00e1l es el significado del t\u00edtulo del Salmo 22? \u00bfQu\u00e9 detalles revela este Salmo sobre la muerte redentora de Cristo?<\/li>\n<li>\u00bfCu\u00e1les son los detalles revelados en este Salmo acerca de la entrada de Cristo en la resurrecci\u00f3n que produce iglesia?<\/li>\n<\/ol>\n<h4>11. Christ as the Shepherd in His Resurrection and Christ as the King in God&#8217;s Kingdom<\/h4>\n<ol>\n<li>What aspects of Christ are revealed in Psalms 22-24? What is the relationship between these three Psalms, and how does Psalm 23 lead to Psalm 24?<\/li>\n<li>What are the crucial points concerning Christ as the Shepherd in His resurrection revealed in Psalm 23? What are the five stages of Christ&#8217;s shepherding revealed in this Psalm? How do we see the Divine Trinity in this Psalm?<\/li>\n<\/ol>\n<h4>12. El disfrute de Dios en la casa de Dios<\/h4>\n<ol>\n<li>What is the major, crucial point of Psalms 25-41? What does it mean to say that God is located in His house?<\/li>\n<li>\u00bfC\u00f3mo muestra el libro de los Salmos c\u00f3mo los santos se apartaron de la ley para disfrutar de Cristo, y c\u00f3mo este disfrute los condujo a la casa de Dios? \u00bfCu\u00e1les son los puntos cruciales en los Salmos sobre el disfrute de Dios en la casa de Dios?<\/li>\n<\/ol>\n<h4>13. The Mixed Expressions of the Psalmist&#8217;s Sentiment in His Enjoyment of God in God&#8217;s House (1)<\/h4>\n<ol>\n<li>What is the meaning of the word &#8220;sentiment&#8221;? How do we see the mixed expressions of the Psalmist&#8217;s sentiment in his enjoyment of God in His house in Psalms 25-41?<\/li>\n<li>\u00bfC\u00f3mo vemos el disfrute subjetivo del Dios Trino en el Salmo 36?<\/li>\n<\/ol>\n<h4>14. The Mixed Expressions of the Psalmist&#8217;s Sentiment in His Enjoyment of God in God&#8217;s House (2)<\/h4>\n<ol>\n<li>Explain how the standard of God&#8217;s New Testament economy is far above the mixed expressions of the Psalmist&#8217;s sentiment in Psalms 25-41.<\/li>\n<li>What does it mean to say that although the entire BIble is God-breathed, not all the words in the Bible are God&#8217;s words? How can we prove, based on the Bible, that some of the words spoken by David in these Psalms do not express the divine concept?<\/li>\n<\/ol>\n<h4>15. The Mixed Expressions of the Psalmist&#8217;s Sentiment in His Enjoyment of God in God&#8217;s House (3)<\/h4>\n<ol>\n<li>\u00bfCu\u00e1les son las dos cargas, las dos responsabilidades que lleva el libro de los Salmos?<\/li>\n<li>\u00bfCu\u00e1les son los aspectos positivos de Cristo y de nuestra experiencia de Cristo en estos Salmos? \u00bfQu\u00e9 aspectos son meramente humanos?<\/li>\n<\/ol>\n<h4>16. The Mixed Expressions of the Psalmist&#8217;s Sentiment in His Enjoyment of God in God&#8217;s House (4)<\/h4>\n<ol>\n<li>\u00bfQu\u00e9 significa que nuestra comprensi\u00f3n de la Biblia depende de nuestro crecimiento espiritual? \u00bfCu\u00e1l es el principio fundamental que debemos aplicar para comprender la Biblia?<\/li>\n<li>Which verse in Psalm 34 refers to Christ? What are the main points concerning the mixed expressions of David&#8217;s sentiment in Psalms 34-36? Why is it so crucial for us to be released from our human concept and to be brought into the central line of God&#8217;s economy?<\/li>\n<\/ol>\n<h4>17. The Mixed Expressions of the Psalmist&#8217;s Sentiment in His Enjoyment of God in God&#8217;s House (5)<\/h4>\n<ol>\n<li>How does Psalm 38 reveal David&#8217;s suffering of God&#8217;s dealing? How does the content of this Psalm relate to our Christian life today?<\/li>\n<li>How does Psalm 39 reveal David&#8217;s realizing the vanity of his life? How does this relate to our Christian life today?<\/li>\n<\/ol>\n<h4>18. The Mixed Expressions of the Psalmist&#8217;s Sentiment in His Enjoyment of God in God&#8217;s House (6)<\/h4>\n<ol>\n<li>How was David&#8217;s attitude toward his enemies as expressed in these Psalms different from the teaching of the Lord Jesus in the Gospels? How do these Psalms expose that David was too much in the self?<\/li>\n<li>\u00bfCu\u00e1l es la revelaci\u00f3n crucial de Cristo en el Salmo 40?<\/li>\n<\/ol>\n<h4>19. The Psalmist&#8217;s Intensified Enjoyment of God in His House and City Through the Suffering, Exalted, and Reigning Christ (1) The Psalmist&#8217;s Panting After God<\/h4>\n<ol>\n<li>\u00bfCu\u00e1l es el tema del segundo libro de los Salmos? \u00bfQu\u00e9 importancia tiene que muchos de los Salmos de este libro fueran escritos por los hijos de Cor\u00e9? Adem\u00e1s, \u00bfc\u00f3mo nos muestra la comparaci\u00f3n entre el primer y el segundo libro de los Salmos que la revelaci\u00f3n en este libro es progresiva?<\/li>\n<li>What is the crucial point of Psalms 42-44? What are the mixed expressions of the Psalmists&#8217; sentiment in their enjoyment of God in His house and city?<\/li>\n<\/ol>\n<h4>20. The Psalmist&#8217;s Intensified Enjoyment of God in His House and City Through the Suffering, Exalted, and Reigning Christ (2) Praising Christ as the King (1)<\/h4>\n<ol>\n<li>What is the significance of Psalm 45 being a Psalm of love? What is the significance of the melody being called &#8220;lilies&#8221;?<\/li>\n<li>\u00bfCu\u00e1l es el significado del primer vers\u00edculo de este Salmo? En los primeros ocho vers\u00edculos del Salmo 45, \u00bfcu\u00e1les son las cuatro direcciones de la alabanza? \u00bfC\u00f3mo se relacionan estas direcciones?<\/li>\n<\/ol>\n<h4>21. The Psalmist&#8217;s Intensified Enjoyment of God in His House and City Through the Suffering, Exalted, and Reigning Christ (3) Praising Christ as the King (2)<\/h4>\n<ol>\n<li>\u00bfCu\u00e1l es la manera correcta de interpretar a Salom\u00f3n y sus numerosas esposas, como se describe en el Salmo 45? \u00bfQu\u00e9 principio de interpretaci\u00f3n b\u00edblica es importante en este sentido?<\/li>\n<li>What are the crucial points concerning the praise of the king in praising the queen with the daughters of kings among the king&#8217;s most honorable women and the virgins, the queen&#8217;s companions? What is the significance of the king&#8217;s sons?<\/li>\n<\/ol>\n<h4>22. The Psalmist&#8217;s Intensified Enjoyment of God in His House and City Through the Suffering, Exalted, and Reigning Christ (4) Praising God in His Greatness and Exaltation Particularly in His City<\/h4>\n<ol>\n<li>\u00bfCu\u00e1l es el significado del Salmo 46 despu\u00e9s del Salmo 45? \u00bfQu\u00e9 revela el Salmo 46 sobre la ciudad de Dios?<\/li>\n<li>How does Psalm 48 reveal the church and the local churches as God&#8217;s kingdom? According to Psalms 46-48, what aspects of God can we enjoy in His city?<\/li>\n<\/ol>\n<h4>23. Tres categor\u00edas de personas en cuanto al disfrute de Dios en Cristo<\/h4>\n<ol>\n<li>What are the three categories of persons regarding the enjoyment of God in Christ portrayed in Psalms 49-51?<\/li>\n<li>What kind of person is portrayed in Psalm 51? Why does this kind of person have the highest enjoyment of Christ? How is this Psalm related to the building up of the church as God&#8217;s house and God&#8217;s city?<\/li>\n<\/ol>\n<h4>24. The Pious Expressions of the Psalmists Uttered Out of Their Complex Sentiments While Enjoying God in His House &#8211; Psalms 52-67 (1)<\/h4>\n<ol>\n<li>What are the contents of Psalms 52-67?<\/li>\n<li>How can we see from these Psalms that David did not learn the lessons from his sufferings? How David&#8217;s attitude toward his sufferings different from the attitude taught in the New Testament. In addition, what positive points or points concerning Christ can we discern in these Psalms?<\/li>\n<\/ol>\n<h4>25. The Pious Expressions of the Psalmists Uttered Out of Their Complex Sentiments While Enjoying God in His House &#8211; Psalms 52-67 (2)<\/h4>\n<ol>\n<li>\u00bfCu\u00e1les son las dos maneras en que debemos ver a David y por qu\u00e9 es importante distinguir entre ellas?<\/li>\n<li>How do we see David&#8217;s commercial concept in Psalm 61? In addition, how can we see that the Psalms in this section concern humanity in the ethical realm? How is this standard of spirituality far short of the genuine spirituality in the New Testament?<\/li>\n<\/ol>\n<h4>26. The Pious Expressions of the Psalmists Uttered Out of Their Complex Sentiments While Enjoying God in His House &#8211; Psalms 52-67 (3)<\/h4>\n<ol>\n<li>How does the Psalmist&#8217;s expression of gratitude to God for the past in Psalm 66 indicate that the Psalmist was engaged in a business transaction with God?<\/li>\n<li>How can we have the discernment of spiritual things necessary to have the proper appreciation of Psalms 63-67?<\/li>\n<\/ol>\n<h4>27. Christ as the Center of God&#8217;s Move on the Earth (1)<\/h4>\n<ol>\n<li>\u00bfPor qu\u00e9 podemos considerar el Salmo 68 como el m\u00e1s importante de los ciento cincuenta salmos? \u00bfPor qu\u00e9 es tan dif\u00edcil de entender?<\/li>\n<li>How does Psalm 68 reveal God&#8217;s move within the tabernacle (typifying Christ) as His dwelling place with the ark (typifying Christ) as the center? How does this Psalm reveal God&#8217;s victory in Christ as the center, typified by the ark, Christ&#8217;s ascension, His giving of the gifts, and the building up of the dwelling place for God?<\/li>\n<\/ol>\n<h4>28. Christ as the Center of God&#8217;s Move on the Earth (2)<\/h4>\n<ol>\n<li>What are the two sections of Psalm 68? What is the center of the first section? In addition, what is the relationship between God&#8217;s move and God&#8217;s economy?<\/li>\n<li>\u00bfC\u00f3mo revela el Salmo 68 el disfrute de Dios en Su casa, la alabanza a Dios, la expansi\u00f3n hacia la ciudad de Dios y la conquista de la tierra para Dios?<\/li>\n<\/ol>\n<h4>29. El Cristo sufriente y el Cristo reinante<\/h4>\n<ol>\n<li>\u00bfC\u00f3mo revela el Salmo 69 al Cristo sufriente?<\/li>\n<li>\u00bfC\u00f3mo revela el Salmo 72 al Cristo reinante en su reino?<\/li>\n<\/ol>\n<h4>30. The Desolation of God&#8217;s House and Christ as the Solution &#8211; Psalms 73-76<\/h4>\n<ol>\n<li>Al abordar los Salmos, \u00bfpor qu\u00e9 es importante tener presente el principio b\u00e1sico de que la revelaci\u00f3n de la Biblia es progresiva? \u00bfC\u00f3mo se relaciona este asunto con la culminaci\u00f3n de la revelaci\u00f3n divina de la que habla Pablo en Colosenses?<\/li>\n<li>What is the reason for and solution to the desolation of God&#8217;s people? In addition, what are the crucial points concerning the suffering of the seeking saints seen in Psalm 73?<\/li>\n<\/ol>\n<h4>31. The Way of Restoration-Exalting Christ &#8211; Psalms 77-83<\/h4>\n<ol>\n<li>What does it mean to say that God&#8217;s way is revealed in His sanctuary? According to the revelation of the Bible, what is God&#8217;s sanctuary?<\/li>\n<li>How do Psalms 79-80 reveal the way of restoration?<\/li>\n<\/ol>\n<h4>32. The Psalmist&#8217;s Love for the House of God with Christ<\/h4>\n<ol>\n<li>What is the significance of the Psalmist&#8217;s word concerning the two altars in Psalm 84:3?<\/li>\n<li>What is the significance of the Psalmist&#8217;s word concerning the man in whose heart are the highways to Zion? What are the highways to Zion?<\/li>\n<\/ol>\n<h4>33. Un suplemento al Mensaje Treinta y Dos sobre el Salmo 84<\/h4>\n<ol>\n<li>\u00bfCu\u00e1l es el contenido intr\u00ednseco del Salmo 84? \u00bfC\u00f3mo se relaciona este contenido con la disposici\u00f3n del tabern\u00e1culo?<\/li>\n<li>\u00bfCu\u00e1les son las principales consumaciones del Dios Trino encarnado y cu\u00e1les son los caminos benditos?<\/li>\n<\/ol>\n<h4>34. Christ Versus Restoration of God&#8217;s People, Personal Salvation, and Release from Sufferings<\/h4>\n<ol>\n<li>What is the intrinsic significance of Psalms 85-89?<\/li>\n<li>\u00bfCu\u00e1l es el tema y los puntos cruciales del Salmo 87?<\/li>\n<\/ol>\n<h4>35. The Saints&#8217; Deeper Experience of God in the Identification with Christ<\/h4>\n<ol>\n<li>\u00bfCu\u00e1l es la experiencia m\u00e1s alta y completa de Dios?<\/li>\n<li>\u00bfQu\u00e9 significa morar en Dios, c\u00f3mo se relaciona esto con Cristo y cu\u00e1les son los desaf\u00edos de esta experiencia?<\/li>\n<\/ol>\n<h4>36. God&#8217;s Recovery of His Title and Right Over the Whole Earth Through the Reign of Christ<\/h4>\n<ol>\n<li>What is the subject of Psalms 93-101?<\/li>\n<li>\u00bfDe qu\u00e9 manera el Salmo 101 revela a Cristo?<\/li>\n<\/ol>\n<h4>37. La Tierra gira hacia el Se\u00f1or a trav\u00e9s de Si\u00f3n<\/h4>\n<ol>\n<li>How does Psalm 102 reveal Christ&#8217;s suffering, death, continued existence in His resurrection, and producing of the church, consummating in the restoration? What is the significance of Zion&#8217;s stones and her dust?<\/li>\n<li>What is the overall subject of Psalms 102-106? How do Psalms 103-106 narrate God&#8217;s history?<\/li>\n<\/ol>\n<h4>38. La m\u00e1s alta revelaci\u00f3n de Cristo<\/h4>\n<ol>\n<li>What is the subjects of Psalms 107-109? How do these Psalms lead to the highest revelation of Christ in Psalm 110?<\/li>\n<li>What is the highest revelation of Christ? How is this revelation related to the two sections of Christ&#8217;s ministry, our consecration, and the overcomers?<\/li>\n<\/ol>\n<h4>39. The Praise of God&#8217;s Elect Consummating in the Particular Position of Christ<\/h4>\n<ol>\n<li>What is the relationship between Psalms 110-119? How do Psalms 111-117, the &#8220;Hallelujah Psalms,&#8221; lead to Christ as the cornerstone in Psalm 118?<\/li>\n<li>What is the subject of Psalm 118 and how does it lead to Christ as the cornerstone for God&#8217;s building? What are the crucial points concerning Christ as the cornerstone?<\/li>\n<\/ol>\n<h4>40. Christ-the Reality of the Law as the Testimony and the Word of God<\/h4>\n<ol>\n<li>\u00bfC\u00f3mo se revela Cristo en el Salmo 119? Expl\u00edquelo con detalle.<\/li>\n<li>What are the two aspects of the law, the two aspects of the function of the law, and the two kinds of people in relation to the law? Describe the God-seekers&#8217; attitude toward God&#8217;s law as God&#8217;s testimony and God&#8217;s Word.<\/li>\n<\/ol>\n<h4>41. La preciosidad de Si\u00f3n y Jerusal\u00e9n en las experiencias y alabanzas de los santos (1)<\/h4>\n<ol>\n<li>What are the subjects of Psalms 120-123?<\/li>\n<li>What are the subjects of Psalms 124-127?<\/li>\n<\/ol>\n<h4>42. La preciosidad de Si\u00f3n y Jerusal\u00e9n en las experiencias y alabanzas de los santos (2)<\/h4>\n<ol>\n<li>What are the subjects of Psalms 128-131? How do Psalms 130 and 131 lead to Psalm 132?<\/li>\n<li>\u00bfQu\u00e9 revelan los Salmos 133 y 134 sobre Si\u00f3n? \u00bfPor qu\u00e9 es el Salmo 134 el \u00faltimo de los Salmos de Ascenso?<\/li>\n<\/ol>\n<h4>43. Las expresiones de los santos ante Jehov\u00e1 en diferentes direcciones<\/h4>\n<ol>\n<li>What is the striking point or significance of each of the psalms from 135-139?<\/li>\n<li>\u00bfQu\u00e9 tiene de particular este grupo de salmos?<\/li>\n<\/ol>\n<h4>44. Oraciones finales de David a Jehov\u00e1<\/h4>\n<ol>\n<li>What do Psalms 140-145 show us concerning David, the writer? What do we all need to learn from these six psalms?<\/li>\n<li>\u00bfCu\u00e1les son algunos de los puntos preciosos de estos salmos?<\/li>\n<\/ol>\n<h4>45. La alabanza consumada<\/h4>\n<ol>\n<li>What is the subject of Psalms 146-150? How is this subject related to God recovering His right and title over the earth?<\/li>\n<li>\u00bfCu\u00e1l es el esp\u00edritu, la realidad, la caracter\u00edstica y la revelaci\u00f3n divina en el libro de los Salmos?<\/li>\n<\/ol>","protected":false},"excerpt":{"rendered":"<p>Study questions Life-Study of 1. An Introductory Word Explain what it means to say that the Psalms are not a book of doctrines or any kind of teachings but a book of the expressions of the sentiments, feelings, impressions, and experiences of godly men. What are the two kinds of concepts according to which the&hellip;<\/p>","protected":false},"author":17,"featured_media":0,"parent":244,"menu_order":0,"comment_status":"closed","ping_status":"closed","template":"","meta":{"inline_featured_image":false,"_monsterinsights_skip_tracking":false,"_monsterinsights_sitenote_active":false,"_monsterinsights_sitenote_note":"","_monsterinsights_sitenote_category":0,"footnotes":""},"class_list":["post-1923","page","type-page","status-publish","hentry"],"_links":{"self":[{"href":"https:\/\/500lifestudies.org\/es\/wp-json\/wp\/v2\/pages\/1923","targetHints":{"allow":["GET"]}}],"collection":[{"href":"https:\/\/500lifestudies.org\/es\/wp-json\/wp\/v2\/pages"}],"about":[{"href":"https:\/\/500lifestudies.org\/es\/wp-json\/wp\/v2\/types\/page"}],"author":[{"embeddable":true,"href":"https:\/\/500lifestudies.org\/es\/wp-json\/wp\/v2\/users\/17"}],"replies":[{"embeddable":true,"href":"https:\/\/500lifestudies.org\/es\/wp-json\/wp\/v2\/comments?post=1923"}],"version-history":[{"count":0,"href":"https:\/\/500lifestudies.org\/es\/wp-json\/wp\/v2\/pages\/1923\/revisions"}],"up":[{"embeddable":true,"href":"https:\/\/500lifestudies.org\/es\/wp-json\/wp\/v2\/pages\/244"}],"wp:attachment":[{"href":"https:\/\/500lifestudies.org\/es\/wp-json\/wp\/v2\/media?parent=1923"}],"curies":[{"name":"wp","href":"https:\/\/api.w.org\/{rel}","templated":true}]}}