{"id":1920,"date":"2022-03-01T17:54:59","date_gmt":"2022-03-01T17:54:59","guid":{"rendered":"https:\/\/500lifestudies.org\/study-questions\/nehemiah\/"},"modified":"2022-06-29T04:14:02","modified_gmt":"2022-06-29T04:14:02","slug":"nehemias","status":"publish","type":"page","link":"https:\/\/500lifestudies.org\/es\/preguntas-de-estudio\/nehemias\/","title":{"rendered":"Nehem\u00edas"},"content":{"rendered":"<h2>\n\t\tPreguntas de estudio\n\t<\/h2>\n\t<p>Estudio de vida de <\/p>\n<h4>1. Una palabra introductoria y la reconstrucci\u00f3n del muro de la ciudad de Jerusal\u00e9n bajo Nehem\u00edas<\/h4>\n<ol>\n<li>\u00bfCu\u00e1l es el contenido y el punto crucial del libro de Nehem\u00edas?<\/li>\n<li>\u00bfQu\u00e9 aspectos positivos de Nehem\u00edas vemos en este mensaje? \u00bfQu\u00e9 significa que son los agresivos quienes han recibido ayuda de Dios?<\/li>\n<\/ol>\n<h4>2. La agresividad de Nehem\u00edas<\/h4>\n<ol>\n<li>\u00bfCu\u00e1les son las tres secciones de la obra relacionadas con la casa de Dios y el reino de Dios?<\/li>\n<li>\u00bfQu\u00e9 podemos aprender del ejemplo de la agresividad de Nehem\u00edas? \u00bfC\u00f3mo podemos afirmar que Nehem\u00edas, siendo tan agresivo, no vivi\u00f3 en su naturaleza, sino en la resurrecci\u00f3n?<\/li>\n<\/ol>\n<h4>3. La Reconstituci\u00f3n de la Naci\u00f3n de los Elegidos de Dios (1)<\/h4>\n<ol>\n<li>\u00bfCu\u00e1les son los puntos cruciales concernientes a la reconstituci\u00f3n de la naci\u00f3n de los elegidos de Dios?<\/li>\n<li>\u00bfPor qu\u00e9 es tan crucial que regresemos a Dios recurriendo a su Palabra? \u00bfC\u00f3mo se relaciona esto con nuestra reconstrucci\u00f3n colectiva por y con Dios para ser una naci\u00f3n como testimonio de Dios?<\/li>\n<\/ol>\n<h4>4. La Reconstituci\u00f3n de la Naci\u00f3n de los Elegidos de Dios (2)<\/h4>\n<ol>\n<li>\u00bfCu\u00e1les son los puntos cruciales concernientes a la disposici\u00f3n de la morada del pueblo y al nombramiento de los oficiales y concernientes al registro de los sacerdotes y los levitas?<\/li>\n<li>\u00bfCu\u00e1les son los puntos cruciales concernientes a la dedicaci\u00f3n del muro reconstruido, el nombramiento de los servicios de los sacerdotes y los levitas, y la autorizaci\u00f3n ejercida sobre Israel como elegidos de Dios?<\/li>\n<\/ol>\n<h4>5. El liderazgo de Nehem\u00edas para la reconstituci\u00f3n de la naci\u00f3n de los elegidos de Dios<\/h4>\n<ol>\n<li>\u00bfCu\u00e1les fueron las caracter\u00edsticas particulares de Nehem\u00edas?<\/li>\n<li>\u00bfC\u00f3mo nos muestran los libros de Esdras y Nehem\u00edas la necesidad de la reeducaci\u00f3n para la reconstrucci\u00f3n? \u00bfC\u00f3mo se relaciona esto con que el pueblo de Dios se convierta en su testimonio?<\/li>\n<\/ol>","protected":false},"excerpt":{"rendered":"<p>Preguntas de estudio. Estudio-vida de 1. Una palabra introductoria y la reconstrucci\u00f3n de la muralla de la ciudad de Jerusal\u00e9n bajo el liderazgo de Nehem\u00edas. \u00bfCu\u00e1l es el contenido y el punto crucial del libro de Nehem\u00edas? \u00bfQu\u00e9 aspectos positivos de Nehem\u00edas encontramos en este mensaje? \u00bfQu\u00e9 significa que es el agresivo\u2026?<\/p>","protected":false},"author":17,"featured_media":0,"parent":244,"menu_order":0,"comment_status":"closed","ping_status":"closed","template":"","meta":{"inline_featured_image":false,"_monsterinsights_skip_tracking":false,"_monsterinsights_sitenote_active":false,"_monsterinsights_sitenote_note":"","_monsterinsights_sitenote_category":0,"footnotes":""},"class_list":["post-1920","page","type-page","status-publish","hentry"],"_links":{"self":[{"href":"https:\/\/500lifestudies.org\/es\/wp-json\/wp\/v2\/pages\/1920","targetHints":{"allow":["GET"]}}],"collection":[{"href":"https:\/\/500lifestudies.org\/es\/wp-json\/wp\/v2\/pages"}],"about":[{"href":"https:\/\/500lifestudies.org\/es\/wp-json\/wp\/v2\/types\/page"}],"author":[{"embeddable":true,"href":"https:\/\/500lifestudies.org\/es\/wp-json\/wp\/v2\/users\/17"}],"replies":[{"embeddable":true,"href":"https:\/\/500lifestudies.org\/es\/wp-json\/wp\/v2\/comments?post=1920"}],"version-history":[{"count":0,"href":"https:\/\/500lifestudies.org\/es\/wp-json\/wp\/v2\/pages\/1920\/revisions"}],"up":[{"embeddable":true,"href":"https:\/\/500lifestudies.org\/es\/wp-json\/wp\/v2\/pages\/244"}],"wp:attachment":[{"href":"https:\/\/500lifestudies.org\/es\/wp-json\/wp\/v2\/media?parent=1920"}],"curies":[{"name":"wp","href":"https:\/\/api.w.org\/{rel}","templated":true}]}}