{"id":1916,"date":"2022-03-01T17:54:53","date_gmt":"2022-03-01T17:54:53","guid":{"rendered":"https:\/\/500lifestudies.org\/study-questions\/1-2-samuel\/"},"modified":"2022-06-29T04:07:19","modified_gmt":"2022-06-29T04:07:19","slug":"1-2-samuel","status":"publish","type":"page","link":"https:\/\/500lifestudies.org\/es\/preguntas-de-estudio\/1-2-samuel\/","title":{"rendered":"1 y 2 Samuel"},"content":{"rendered":"<h2>\n\t\tPreguntas de estudio\n\t<\/h2>\n\t<p>Estudio de vida de <\/p>\n<h4>1. Una palabra introductoria<\/h4>\n<ol>\n<li>\u00bfQui\u00e9nes son los cuatro personajes principales de los libros de 1 y 2 Samuel y cu\u00e1les son los asuntos cruciales relacionados con estas personas?<\/li>\n<li>\u00bfCu\u00e1l es el pensamiento central de los libros de 1 y 2 Samuel y de qu\u00e9 son un retrato estos libros?<\/li>\n<\/ol>\n<h4>2. La historia de Samuel (1) Su origen, nacimiento y juventud<\/h4>\n<ol>\n<li>\u00bfCu\u00e1les son los puntos cruciales relacionados con la adoraci\u00f3n de Dios por parte de los padres de Samuel? \u00bfC\u00f3mo se relacionan estos puntos con nuestra participaci\u00f3n en la econom\u00eda de Dios?<\/li>\n<li>\u00bfC\u00f3mo vemos la cooperaci\u00f3n del hombre con el deseo y la intenci\u00f3n de Dios en la oraci\u00f3n de Ana?<\/li>\n<\/ol>\n<h4>3. La historia de Samuel (2) Su relaci\u00f3n con el Sacerdocio Aar\u00f3nico, obsoleto y en decadencia (1)<\/h4>\n<ol>\n<li>\u00bfCu\u00e1les fueron los aspectos de la situaci\u00f3n y el fracaso de Eli?<\/li>\n<li>\u00bfCu\u00e1l es la lecci\u00f3n que debemos aprender de los dos hijos de El\u00ed, Ofni y Finees, y c\u00f3mo aprendi\u00f3 Samuel del ejemplo negativo de El\u00ed y sus hijos?<\/li>\n<\/ol>\n<h4>4. La historia de Samuel (3) Su relaci\u00f3n con el Sacerdocio Aar\u00f3nico, obsoleto y en decadencia (2)<\/h4>\n<ol>\n<li>Seg\u00fan el ejemplo que vemos en 1 Samuel 4, \u00bfqu\u00e9 significa usurpar a Dios para nuestra seguridad, paz, descanso y beneficio?<\/li>\n<li>\u00bfQu\u00e9 significa el arca en este cap\u00edtulo y c\u00f3mo se relaciona esto con nuestra experiencia cristiana?<\/li>\n<\/ol>\n<h4>5. La historia de Samuel (4) Su ministerio (1)<\/h4>\n<ol>\n<li>\u00bfCu\u00e1les fueron los cinco estados en los que Samuel ministr\u00f3?<\/li>\n<li>\u00bfC\u00f3mo es Samuel un ejemplo de alguien que cambi\u00f3 la era?<\/li>\n<\/ol>\n<h4>6. La historia de Samuel (5) Su ministerio (2)<\/h4>\n<ol>\n<li>\u00bfCu\u00e1l es la lecci\u00f3n que podemos aprender de cuando los hijos de Israel le pidieron a Samuel que les diera un rey?<\/li>\n<li>Seg\u00fan este mensaje, \u00bfc\u00f3mo vemos a Samuel como un hombre que transform\u00f3 la era de la administraci\u00f3n divina, pasando de la era del sacerdocio a la era de la profec\u00eda con la realeza? \u00bfC\u00f3mo se relaciona esto con el hecho de que Samuel nunca fue rebelde?<\/li>\n<\/ol>\n<h4>7. Samuel, un hombre seg\u00fan Dios<\/h4>\n<ol>\n<li>\u00bfQu\u00e9 significa decir que, como representante de Dios, Samuel era el Dios en funciones?<\/li>\n<li>\u00bfQu\u00e9 aspectos de la persona de Samuel vemos en este mensaje?<\/li>\n<\/ol>\n<h4>8. La historia de Sa\u00fal (1) Su origen y la unci\u00f3n de Dios<\/h4>\n<ol>\n<li>\u00bfC\u00f3mo vemos la soberan\u00eda de Dios en la unci\u00f3n de Sa\u00fal para ser rey?<\/li>\n<li>\u00bfPor qu\u00e9 Dios hizo rey a Sa\u00fal?<\/li>\n<\/ol>\n<h4>9. La historia de Sa\u00fal (2) La conquista de los amonitas por parte de Sa\u00fal y el recordatorio de Samuel a Israel<\/h4>\n<ol>\n<li>\u00bfC\u00f3mo fue \u00fatil Sa\u00fal a Dios?<\/li>\n<li>\u00bfCu\u00e1les son algunas caracter\u00edsticas negativas de Sa\u00fal que se ven en este mensaje, y qu\u00e9 nos muestra el registro de 1 Samuel acerca del coraz\u00f3n de Samuel?<\/li>\n<\/ol>\n<h4>10. La historia de Sa\u00fal (3) La conquista de los filisteos por Sa\u00fal<\/h4>\n<ol>\n<li>\u00bfCu\u00e1l era la intenci\u00f3n de Samuel con respecto al pueblo de Dios y cu\u00e1l era la intenci\u00f3n de Sa\u00fal?<\/li>\n<li>\u00bfCu\u00e1l es la gran lecci\u00f3n de 1 Samuel 13-14? \u00bfQu\u00e9 significa edificar una monarqu\u00eda en el recobro del Se\u00f1or?<\/li>\n<\/ol>\n<h4>11. La historia de Sa\u00fal (4) La desobediencia de Sa\u00fal en su conquista de los amalecitas<\/h4>\n<ol>\n<li>\u00bfQu\u00e9 significan los amalecitas?<\/li>\n<li>\u00bfQu\u00e9 advertencia debemos sacar del relato de la desobediencia de Sa\u00fal?<\/li>\n<\/ol>\n<h4>12. La historia de David (1) Preparado por Dios para ser un hombre conforme al coraz\u00f3n de Dios \u2013 1 Samuel 16-2 Samuel 1 (1) Elegido, entrenado, ungido, probado y aprobado<\/h4>\n<ol>\n<li>\u00bfPor qu\u00e9 Dios rechaz\u00f3 a Sa\u00fal como rey de Israel, y c\u00f3mo prepar\u00f3 a David para ser la persona id\u00f3nea para el reinado? \u00bfCu\u00e1l es la importancia de que David fuera el octavo hijo de Jes\u00e9?<\/li>\n<li>\u00bfC\u00f3mo fue Sa\u00fal una prueba para David y c\u00f3mo se aplica esto a nosotros hoy en nuestra vida de iglesia y en nuestra vida matrimonial?<\/li>\n<\/ol>\n<h4>13. La historia de David (2) Preparado por Dios para ser un hombre conforme al coraz\u00f3n de Dios \u2013 1 Samuel 16-2 Samuel 1 (2) Perseguido y probado por Sa\u00fal (1)<\/h4>\n<ol>\n<li>\u00bfC\u00f3mo se aplica la envidia de Sa\u00fal hacia David a la vida de la iglesia hoy? \u00bfC\u00f3mo se puede resolver este problema?<\/li>\n<li>\u00bfQu\u00e9 providencias soberanas dispuso Dios para David en sus pruebas? \u00bfC\u00f3mo se aplica esto a nuestra experiencia cristiana actual?<\/li>\n<\/ol>\n<h4>14. La historia de David (3) Preparado por Dios para ser un hombre conforme al coraz\u00f3n de Dios \u2013 1 Samuel 16-2 Samuel 1 (3) Perseguido y probado por Sa\u00fal (2)<\/h4>\n<ol>\n<li>\u00bfQu\u00e9 lecci\u00f3n debemos aprender de la experiencia de David bajo la persecuci\u00f3n de Sa\u00fal? \u00bfC\u00f3mo se relaciona esto con el reino de Dios?<\/li>\n<li>\u00bfCu\u00e1l es la importancia de que David no matara a Sa\u00fal, sino que solo le cortara una punta del manto? \u00bfC\u00f3mo es David, en su relaci\u00f3n con Sa\u00fal, un buen ejemplo para nosotros en la vida de la iglesia hoy?<\/li>\n<\/ol>\n<h4>15. La soberan\u00eda de Dios y las lecciones de la cruz que David aprendi\u00f3<\/h4>\n<ol>\n<li>\u00bfC\u00f3mo vemos la soberan\u00eda de Dios en esta porci\u00f3n de 1 Samuel sobre la experiencia de David? \u00bfPor qu\u00e9 es crucial que tengamos una visi\u00f3n de la soberan\u00eda de Dios?<\/li>\n<li>\u00bfC\u00f3mo vemos que David toma las lecciones de la cruz en esta secci\u00f3n de 1 Samuel?<\/li>\n<\/ol>\n<h4>16. La historia de David (4) Preparado por Dios para ser un hombre conforme al coraz\u00f3n de Dios \u2013 1 Samuel 16-2 Samuel 1 (4) Perseguido y probado por Sa\u00fal (3)<\/h4>\n<ol>\n<li>\u00bfQu\u00e9 lecciones podemos aprender de la historia del trato de David con Nabal y Abigail?<\/li>\n<li>\u00bfCu\u00e1l fue el punto d\u00e9bil en la vida de David?<\/li>\n<\/ol>\n<h4>17. La historia de David (5) Preparado por Dios para ser un hombre conforme al coraz\u00f3n de Dios \u2013 1 Samuel 16-2 Samuel 1 (5) Perseguido y probado por Sa\u00fal (4)<\/h4>\n<ol>\n<li>\u00bfCu\u00e1l fue la raz\u00f3n del tr\u00e1gico final de Sa\u00fal? \u00bfQu\u00e9 lecciones podemos aprender al reflexionar sobre cada aspecto de esta historia?<\/li>\n<li>\u00bfC\u00f3mo muestran todas las peque\u00f1as cosas de este registro que Dios estaba trabajando de manera detallada para llevar a cabo Su econom\u00eda?<\/li>\n<\/ol>\n<h4>18. La historia de David (6) Preparado por Dios para ser un hombre conforme al coraz\u00f3n de Dios \u2013 1 Samuel 16-2 Samuel 1 (5) Perseguido y probado por Sa\u00fal (4)<\/h4>\n<ol>\n<li>\u00bfCu\u00e1les son los puntos relacionados con el final de Sa\u00fal y c\u00f3mo se aplican a nosotros como cristianos hoy?<\/li>\n<li>\u00bfDe qu\u00e9 manera el final de Sa\u00fal es una fuerte advertencia para todos los que sirven en el reino de Dios?<\/li>\n<\/ol>\n<h4>19. Lecciones de las cinco figuras principales sobre el disfrute de la buena tierra en 1 Samuel a 2 Samuel 1<\/h4>\n<ol>\n<li>\u00bfCu\u00e1les son las lecciones de El\u00ed y Samuel?<\/li>\n<li>\u00bfCu\u00e1les son las lecciones de Sa\u00fal, Jonat\u00e1n y David?<\/li>\n<\/ol>\n<h4>20. La historia de David (7) Coronado por el pueblo para ser el Rey del Reino de Dios en la Tierra \u2013 2 Samuel 2-24 (1) Coronado por el pueblo (1)<\/h4>\n<ol>\n<li>Describe c\u00f3mo, mientras todos los eventos registrados en estos cap\u00edtulos estaban ocurriendo, Dios estaba presente en Su soberan\u00eda detr\u00e1s de la escena.<\/li>\n<li>\u00bfCu\u00e1l es la lecci\u00f3n que debemos aprender de estas ilustraciones, como se menciona al final de este mensaje?<\/li>\n<\/ol>\n<h4>21. La historia de David (8) Coronado por el pueblo para ser el Rey del Reino de Dios en la Tierra \u2013 2 Samuel 2-24 (2) Coronado por el pueblo (2)<\/h4>\n<ol>\n<li>\u00bfCu\u00e1l es el significado de que David fuera establecido por Dios como rey y su reino exaltado por amor al pueblo de Dios, Israel?<\/li>\n<li>\u00bfQu\u00e9 podemos aprender del hecho de que \u00abDavid se hac\u00eda cada vez m\u00e1s grande, y Jehov\u00e1, Dios de los ej\u00e9rcitos, estaba con \u00e9l\u00bb? Adem\u00e1s, \u00bfqui\u00e9nes fueron los dos enemigos m\u00e1s problem\u00e1ticos de Israel, qu\u00e9 representan y c\u00f3mo se aplica esto a nuestra vida cristiana y de iglesia?<\/li>\n<\/ol>\n<h4>22. La historia de David (9) Coronado por el pueblo para ser el Rey del Reino de Dios en la Tierra \u2013 2 Samuel 2-24 (3) El cuidado de David por la morada de Dios en la Tierra (1)<\/h4>\n<ol>\n<li>Describe la historia del arca de Dios.<\/li>\n<li>\u00bfQu\u00e9 podemos aprender de los casos de Uza y Mical, mencionados en este mensaje?<\/li>\n<\/ol>\n<h4>23. La historia de David (10) Coronado por el pueblo para ser el Rey del Reino de Dios en la Tierra \u2013 2 Samuel 2-24 (4) El cuidado de David por la morada de Dios en la Tierra (2)<\/h4>\n<ol>\n<li>\u00bfCu\u00e1l es el significado de que Dios detuviera a David y le dijera que necesitaba que Dios hiciera algo por \u00e9l?<\/li>\n<li>\u00bfQu\u00e9 es el evangelio genuino e intr\u00ednseco?<\/li>\n<\/ol>\n<h4>24. Nuestra necesidad de que Dios edifique a Cristo en nosotros<\/h4>\n<ol>\n<li>\u00bfQu\u00e9 significa decir que 2 Samuel 7 es un cap\u00edtulo de profec\u00eda a trav\u00e9s de la tipolog\u00eda?<\/li>\n<li>\u00bfQu\u00e9 significa que necesitamos que Dios edifique a Cristo en nuestra constituci\u00f3n intr\u00ednseca? \u00bfC\u00f3mo se relaciona esto con la edificaci\u00f3n de la iglesia? Seg\u00fan este mensaje, \u00bfcu\u00e1les son varias maneras pr\u00e1cticas de permitir que el Dios Trino nos llene, nos sature y se relacione con nosotros?<\/li>\n<\/ol>\n<h4>25. La Simiente de David y el Hijo de Dios<\/h4>\n<ol>\n<li>\u00bfC\u00f3mo vemos el asunto de la deificaci\u00f3n en la descendencia de David llegando a ser el Hijo de Dios?<\/li>\n<li>\u00bfQu\u00e9 significa que Dios se edifique en Cristo en nosotros para tener una morada mutua, y qu\u00e9 significa que el Dios Trino llegue a ser nuestra constituci\u00f3n intr\u00ednseca?<\/li>\n<\/ol>\n<h4>26. Dios se construye a s\u00ed mismo en Cristo en nuestro ser a trav\u00e9s del proceso metab\u00f3lico de transformaci\u00f3n<\/h4>\n<ol>\n<li>Explique c\u00f3mo la transformaci\u00f3n es un proceso metab\u00f3lico. \u00bfC\u00f3mo se relaciona la edificaci\u00f3n de la iglesia por parte de Cristo consigo mismo con nuestro disfrute de \u00c9l como alimento y bebida espiritual?<\/li>\n<li>\u00bfCu\u00e1les son las cuatro capas de construcci\u00f3n de las que se habla en este cap\u00edtulo?<\/li>\n<\/ol>\n<h4>27. Una profec\u00eda acerca de que la descendencia de David ser\u00eda llamada el Hijo de Dios<\/h4>\n<ol>\n<li>\u00bfCu\u00e1les son los aspectos de Cristo como la Simiente de David y el Hijo de Dios de los que se habla en este mensaje?<\/li>\n<li>\u00bfC\u00f3mo Cristo, como Simiente de David, llega a ser todo para nosotros, para ser todo en todos en la iglesia, en el Cuerpo y en el nuevo hombre?<\/li>\n<\/ol>\n<h4>28. El deseo de Dios de edificarse en nosotros y de edificarnos en \u00c9l para producir una morada mutua<\/h4>\n<ol>\n<li>Describa la revelaci\u00f3n progresiva en la Biblia que se presenta en este cap\u00edtulo. \u00bfC\u00f3mo podemos afirmar que, en el Nuevo Testamento, la revelaci\u00f3n divina alcanz\u00f3 el m\u00e1ximo nivel?<\/li>\n<li>\u00bfCu\u00e1l es la econom\u00eda y la meta de Dios seg\u00fan el deseo de su coraz\u00f3n? \u00bfC\u00f3mo se relaciona esto con la mezcla de personas?<\/li>\n<\/ol>\n<h4>29. La intenci\u00f3n de Dios de edificarse en Cristo en nosotros<\/h4>\n<ol>\n<li>\u00bfC\u00f3mo se relaciona el hecho de que Cristo se sembr\u00f3 a s\u00ed mismo como semilla en nosotros como tierra con el edificio de Dios?<\/li>\n<li>\u00bfQu\u00e9 es el edificio de Dios?<\/li>\n<\/ol>\n<h4>30. La obra \u00fanica del Dios Trino procesado: construirse a s\u00ed mismo en nuestro ser<\/h4>\n<ol>\n<li>\u00bfCu\u00e1l es la obra \u00fanica de Dios? Por favor, descr\u00edbala con cierto detalle bas\u00e1ndose en el contenido de este mensaje.<\/li>\n<li>\u00bfCu\u00e1les son los materiales del edificio de Dios? Adem\u00e1s, \u00bfcu\u00e1l es el efecto de la visi\u00f3n del edificio de Dios en nuestro trabajo hoy?<\/li>\n<\/ol>\n<h4>31. El significado de que la descendencia de David fuera designada Hijo de Dios<\/h4>\n<ol>\n<li>\u00bfQu\u00e9 es el \u00abdiamante\u00bb en la \u00abcaja\u00bb de la Biblia? \u00bfC\u00f3mo se relaciona esto con la designaci\u00f3n de la Descendencia de David como Hijo de Dios?<\/li>\n<li>\u00bfCu\u00e1l debe ser el principio que rija nuestra comprensi\u00f3n de Dios y de su edificio?<\/li>\n<\/ol>\n<h4>32. La historia de David (11) Coronado por el pueblo para ser el Rey del Reino de Dios en la Tierra \u2013 2 Samuel 2-24 (5) La conquista de David sobre sus enemigos para el fortalecimiento de su reino<\/h4>\n<ol>\n<li>Describe la conquista de David sobre sus enemigos para el fortalecimiento de su reino.<\/li>\n<li>Describe el reinado de David en justicia y rectitud y su bondad hacia Mefiboset, hijo de Jonat\u00e1n.<\/li>\n<\/ol>\n<h4>33. La historia de David (12) Coronado por el pueblo para ser el Rey del Reino de Dios en la Tierra \u2013 2 Samuel 2-24 (6) La complacencia de David en el pecado y la condenaci\u00f3n castigadora de Dios<\/h4>\n<ol>\n<li>\u00bfQu\u00e9 lecciones y advertencias podemos sacar de la situaci\u00f3n en la que se encontraba David cuando se entreg\u00f3 al pecado?<\/li>\n<li>\u00bfQu\u00e9 podemos aprender sobre Dios en el relato de la ca\u00edda de David en pecado? \u00bfCu\u00e1l es la principal lecci\u00f3n negativa que debemos aprender de David?<\/li>\n<\/ol>\n<h4>34. El fracaso del hombre y el castigo de Dios<\/h4>\n<ol>\n<li>\u00bfQu\u00e9 asuntos cruciales podemos ver con respecto al fracaso del hombre y el castigo de Dios tal como se presentan en este mensaje?<\/li>\n<li>\u00bfDe qu\u00e9 manera el relato del juicio castigador de Dios sobre David es una advertencia para nosotros hoy?<\/li>\n<\/ol>\n<h4>35. La historia de David (13) Coronado por el pueblo para ser el Rey del Reino de Dios en la Tierra \u2013 2 Samuel 2-24 (7) El juicio castigador de Dios sobre David \u2013 2 Samuel 12:15b-20:26 (1)<\/h4>\n<ol>\n<li>Describe el juicio castigador de Dios sobre David desde 2 Samuel 12:15b hasta 14:44.<\/li>\n<li>\u00bfCu\u00e1les son los significados de los nombres \u201cSalom\u00f3n\u201d y \u201cJedidiah\u201d?<\/li>\n<\/ol>\n<h4>36. La historia de David (14) Coronado por el pueblo para ser el Rey del Reino de Dios en la Tierra \u2013 2 Samuel 2-24 (8) El juicio castigador de Dios sobre David \u2013 2 Samuel 12:15b-20:26 (2)<\/h4>\n<ol>\n<li>\u00bfCu\u00e1les son los puntos m\u00e1s importantes relativos a la revuelta de Absal\u00f3n?<\/li>\n<li>\u00bfC\u00f3mo lleg\u00f3 Absal\u00f3n a su fin?<\/li>\n<\/ol>\n<h4>37. La historia de David (15) Coronado por el pueblo para ser el Rey del Reino de Dios en la Tierra \u2013 2 Samuel 2-24 (9) El juicio castigador de Dios sobre David \u2013 2 Samuel 12:15b-20:26 (3)<\/h4>\n<ol>\n<li>Describe los asentamientos pac\u00edficos en el reino de David despu\u00e9s de la revuelta de Absal\u00f3n.<\/li>\n<li>Describe la rebeli\u00f3n de Saba y el restablecimiento del reino de David.<\/li>\n<\/ol>\n<h4>38. La historia de David (16) Coronado por el pueblo para ser el Rey del Reino de Dios en la Tierra \u2013 2 Samuel 2-24 (10) La \u00faltima etapa del reinado de David \u2013 2 Samuel 21-24<\/h4>\n<ol>\n<li>\u00bfCu\u00e1l es el contenido del c\u00e1ntico y las \u00faltimas palabras de David? \u00bfQu\u00e9 aspectos de Cristo podemos ver en estos discursos?<\/li>\n<li>\u00bfC\u00f3mo nos revelan los libros de 1 y 2 Samuel que el cumplimiento de la econom\u00eda de Dios necesita la coordinaci\u00f3n y cooperaci\u00f3n del hombre?<\/li>\n<\/ol>","protected":false},"excerpt":{"rendered":"<p>Preguntas de estudio. Estudio-vida de 1. Una introducci\u00f3n. \u00bfQui\u00e9nes son los cuatro personajes principales de los libros de 1 y 2 Samuel y cu\u00e1les son los temas cruciales relacionados con ellos? \u00bfCu\u00e1l es la idea central de los libros de 1 y 2 Samuel y qu\u00e9 representan estos libros? 2. La historia\u2026<\/p>","protected":false},"author":17,"featured_media":0,"parent":244,"menu_order":0,"comment_status":"closed","ping_status":"closed","template":"","meta":{"inline_featured_image":false,"_monsterinsights_skip_tracking":false,"_monsterinsights_sitenote_active":false,"_monsterinsights_sitenote_note":"","_monsterinsights_sitenote_category":0,"footnotes":""},"class_list":["post-1916","page","type-page","status-publish","hentry"],"_links":{"self":[{"href":"https:\/\/500lifestudies.org\/es\/wp-json\/wp\/v2\/pages\/1916","targetHints":{"allow":["GET"]}}],"collection":[{"href":"https:\/\/500lifestudies.org\/es\/wp-json\/wp\/v2\/pages"}],"about":[{"href":"https:\/\/500lifestudies.org\/es\/wp-json\/wp\/v2\/types\/page"}],"author":[{"embeddable":true,"href":"https:\/\/500lifestudies.org\/es\/wp-json\/wp\/v2\/users\/17"}],"replies":[{"embeddable":true,"href":"https:\/\/500lifestudies.org\/es\/wp-json\/wp\/v2\/comments?post=1916"}],"version-history":[{"count":0,"href":"https:\/\/500lifestudies.org\/es\/wp-json\/wp\/v2\/pages\/1916\/revisions"}],"up":[{"embeddable":true,"href":"https:\/\/500lifestudies.org\/es\/wp-json\/wp\/v2\/pages\/244"}],"wp:attachment":[{"href":"https:\/\/500lifestudies.org\/es\/wp-json\/wp\/v2\/media?parent=1916"}],"curies":[{"name":"wp","href":"https:\/\/api.w.org\/{rel}","templated":true}]}}