{"id":1915,"date":"2022-03-01T17:54:52","date_gmt":"2022-03-01T17:54:52","guid":{"rendered":"https:\/\/500lifestudies.org\/study-questions\/ruth\/"},"modified":"2022-06-29T04:04:34","modified_gmt":"2022-06-29T04:04:34","slug":"piedad","status":"publish","type":"page","link":"https:\/\/500lifestudies.org\/es\/preguntas-de-estudio\/piedad\/","title":{"rendered":"Piedad"},"content":{"rendered":"<h2>\n\t\tPreguntas de estudio\n\t<\/h2>\n\t<p>Estudio de vida de <\/p>\n<h4>1. Una palabra introductoria<\/h4>\n<ol>\n<li>\u00bfCu\u00e1l es el contenido del libro de Rut?<\/li>\n<li>\u00bfCu\u00e1l es el pensamiento central y el significado intr\u00ednseco del libro de Rut?<\/li>\n<\/ol>\n<h4>2. Elimelech&#8217;s Swerving, Naomi&#8217;s Returning, and Ruth&#8217;s Choosing<\/h4>\n<ol>\n<li>\u00bfQu\u00e9 significa decir que el libro de Rut es un libro de descanso?<\/li>\n<li>What is the significance of Elimelech&#8217;s swerving from the rest in God&#8217;s economy, Naomi&#8217;s resturning to this rest, and Ruth&#8217;s choosing for her goal?<\/li>\n<\/ol>\n<h4>3. Ruth&#8217;s Exercising of Her Right<\/h4>\n<ol>\n<li>Describe c\u00f3mo el libro de Rut describe el camino, la posici\u00f3n, la calificaci\u00f3n y el derecho de los pecadores a participar en Cristo y disfrutar de Cristo.<\/li>\n<li>\u00bfCu\u00e1les son los tipos implicados en esta historia arom\u00e1tica?<\/li>\n<\/ol>\n<h4>4. Ruth&#8217;s Seeking for Her Rest<\/h4>\n<ol>\n<li>\u00bfC\u00f3mo se corresponden los pasos de Rut con nuestra experiencia espiritual? Adem\u00e1s, \u00bfqu\u00e9 significa disfrutar de Cristo en la medida en que tenemos descanso?<\/li>\n<li>\u00bfC\u00f3mo se relaciona el asunto del descanso con tomar a Cristo como nuestro Esposo y tomar a la iglesia como nuestro hogar?<\/li>\n<\/ol>\n<h4>5. Ruth&#8217;s Reward for God&#8217;s Economy<\/h4>\n<ol>\n<li>\u00bfCu\u00e1l es la importancia de que Rut consiguiera un esposo redentor? \u00bfCu\u00e1l es la importancia de que Booz redimiera a Rut de las deudas de su exesposo?<\/li>\n<li>A crucial aspect of Ruth&#8217;s reward was that she became a crucial ancester in the genealogy to bring in the royal house of David for the producing of Christ. How does this matter relate to our Christian experience today?<\/li>\n<\/ol>\n<h4>6. Booz y Rut tipifican a Cristo y a la Iglesia<\/h4>\n<ol>\n<li>Describe c\u00f3mo Booz tipifica a Cristo.<\/li>\n<li>Describe c\u00f3mo Rut tipifica a la iglesia.<\/li>\n<\/ol>\n<h4>7. Ruth&#8217;s Ten Statuses Typifying the Statuses of the Believers in Christ<\/h4>\n<ol>\n<li>What were Ruth&#8217;s ten statuses?<\/li>\n<li>How are Ruth&#8217;s statuses a type of the believers&#8217; statuses?<\/li>\n<\/ol>\n<h4>8. Una palabra final<\/h4>\n<ol>\n<li>\u00bfC\u00f3mo es Sans\u00f3n un ejemplo t\u00edpico de alguien que se mueve en el Esp\u00edritu de poder, pero no en el Esp\u00edritu de vida? Describe c\u00f3mo el libro de Rut es un libro de vida.<\/li>\n<li>Why is it so important for us to take the way of life in the Lord&#8217;s recovery?<\/li>\n<\/ol>","protected":false},"excerpt":{"rendered":"<p>Study questions Life-Study of 1. An Introductory Word What is the content of the book of Ruth? What is the central thought and intrinsic significance of the book of Ruth? 2. Elimelech&#8217;s Swerving, Naomi&#8217;s Returning, and Ruth&#8217;s Choosing What does it mean to say that the book of Ruth is a book of rest? What&hellip;<\/p>","protected":false},"author":17,"featured_media":0,"parent":244,"menu_order":0,"comment_status":"closed","ping_status":"closed","template":"","meta":{"inline_featured_image":false,"_monsterinsights_skip_tracking":false,"_monsterinsights_sitenote_active":false,"_monsterinsights_sitenote_note":"","_monsterinsights_sitenote_category":0,"footnotes":""},"class_list":["post-1915","page","type-page","status-publish","hentry"],"_links":{"self":[{"href":"https:\/\/500lifestudies.org\/es\/wp-json\/wp\/v2\/pages\/1915","targetHints":{"allow":["GET"]}}],"collection":[{"href":"https:\/\/500lifestudies.org\/es\/wp-json\/wp\/v2\/pages"}],"about":[{"href":"https:\/\/500lifestudies.org\/es\/wp-json\/wp\/v2\/types\/page"}],"author":[{"embeddable":true,"href":"https:\/\/500lifestudies.org\/es\/wp-json\/wp\/v2\/users\/17"}],"replies":[{"embeddable":true,"href":"https:\/\/500lifestudies.org\/es\/wp-json\/wp\/v2\/comments?post=1915"}],"version-history":[{"count":0,"href":"https:\/\/500lifestudies.org\/es\/wp-json\/wp\/v2\/pages\/1915\/revisions"}],"up":[{"embeddable":true,"href":"https:\/\/500lifestudies.org\/es\/wp-json\/wp\/v2\/pages\/244"}],"wp:attachment":[{"href":"https:\/\/500lifestudies.org\/es\/wp-json\/wp\/v2\/media?parent=1915"}],"curies":[{"name":"wp","href":"https:\/\/api.w.org\/{rel}","templated":true}]}}