{"id":1914,"date":"2022-03-01T17:54:50","date_gmt":"2022-03-01T17:54:50","guid":{"rendered":"https:\/\/500lifestudies.org\/study-questions\/judges\/"},"modified":"2022-06-29T04:02:36","modified_gmt":"2022-06-29T04:02:36","slug":"jueces","status":"publish","type":"page","link":"https:\/\/500lifestudies.org\/es\/preguntas-de-estudio\/jueces\/","title":{"rendered":"Jueces"},"content":{"rendered":"<h2>\n\t\tPreguntas de estudio\n\t<\/h2>\n\t<p>Estudio de vida de <\/p>\n<h4>1. Una palabra introductoria<\/h4>\n<ol>\n<li>\u00bfCu\u00e1l es el significado intr\u00ednseco del libro de los Jueces?<\/li>\n<li>\u00bfCu\u00e1l es el contenido y el pensamiento central del libro de Jueces?<\/li>\n<\/ol>\n<h4>2. The Beautiful Scene of Israel&#8217;s Trusting in God<\/h4>\n<ol>\n<li>How do we see a marvelous picture of oneness with the Lord, of the organic union of God with His people, in the picture of Judah&#8217;s boldness and victory?<\/li>\n<li>What are some of the defects that we see in the beautiful scene of Israel&#8217;s trusting in God?<\/li>\n<\/ol>\n<h4>3. The Miserable History of Israel&#8217;s Forsaking of God &#8211; Chapters 2-16 (1)<\/h4>\n<ol>\n<li>\u00bfCu\u00e1l es el significado del \u00c1ngel de Jehov\u00e1 en el libro de Jueces, y c\u00f3mo se relaciona esto con el significado intr\u00ednseco de este libro?<\/li>\n<li>What were the reasons for Israel&#8217;s forsaking of God?<\/li>\n<\/ol>\n<h4>4. The Miserable History of Israel&#8217;s Forsaking of God &#8211; Chapters 2-16 (2) The First Three Cycles of the Miserable History of Israel<\/h4>\n<ol>\n<li>\u00bfCu\u00e1l es la importancia de que Dios levantara a D\u00e9bora como l\u00edder femenina entre los hijos de Israel? \u00bfCu\u00e1les son algunas de las caracter\u00edsticas cruciales de D\u00e9bora?<\/li>\n<li>What is the significance of the word in Judges 5:15-16 concerning &#8220;great resolutions in heart&#8221; and &#8220;great searchings in heart&#8221;? How does this apply to the vital groups today, and how does this relate to the principle of incarnation?<\/li>\n<\/ol>\n<h4>5. The Miserable History of Israel&#8217;s Forsaking of God &#8211; Chapters 2-16 (3) The Fourth Cycle of Israel&#8217;s Miserable History<\/h4>\n<ol>\n<li>\u00bfCu\u00e1l es la importancia intr\u00ednseca del relato sobre Gede\u00f3n? \u00bfCu\u00e1les fueron los cuatro factores que impulsaron el \u00e9xito de Gede\u00f3n y cu\u00e1l fue el resultado de estos cuatro factores?<\/li>\n<li>What can we learn from Gideon&#8217;s failure?<\/li>\n<\/ol>\n<h4>6. The Miserable History of Israel&#8217;s Forsaking of God &#8211; Chapters 2-16 (4) The Fifth Cycle of Israel&#8217;s Miserable History<\/h4>\n<ol>\n<li>What is the intrinsic significance of the fifth and sixth cycles of Israel&#8217;s miserable history?<\/li>\n<li>Describe how the chaos in society and the chaos among God&#8217;s people issues from their forsaking of God.<\/li>\n<\/ol>\n<h4>7. The Miserable History of Israel&#8217;s Forsaking of God &#8211; Chapters 2-16 (5) The Sixth Cycle of Israel&#8217;s Miserable History<\/h4>\n<ol>\n<li>Describe how the matter of forsaking God and being joined to Satan is fully revealed and recorded in the Scriptures. How does this relate to the Lord&#8217;s recovery today?<\/li>\n<li>Seg\u00fan este mensaje, \u00bfcu\u00e1l es una manera pr\u00e1ctica de ser salvos de abandonar a Dios en Cristo en nuestra vida diaria?<\/li>\n<\/ol>\n<h4>8. The Miserable History of Israel&#8217;s Forsaking of God &#8211; Chapters 2-16 (6) The Seventh Cycle of Israel&#8217;s Miserable History<\/h4>\n<ol>\n<li>What was Samson&#8217;s unique problem? What are some passages in the New Testament that relate to this matter?<\/li>\n<li>Describe the characteristics of Samson as a Nazarite used by God to deliver God&#8217;s people.<\/li>\n<\/ol>\n<h4>9. The Stinking Story of Israel&#8217;s Corruption Before God &#8211; Chapters 17-21 (1) The Abominable Chaos in Their Worship<\/h4>\n<ol>\n<li>\u00bfCu\u00e1les fueron las tres formas en que Israel se volvi\u00f3 ca\u00f3tico en su degradaci\u00f3n?<\/li>\n<li>How does the account in Judges 17 and 18 concerning the abominable chaos in Israel&#8217;s worship typify the degradation in Christianity?<\/li>\n<\/ol>\n<h4>10. The Stinking Story of Israel&#8217;s Corruption Before God &#8211; Chapters 17-21 (2) The Sodomitical Corruption in Their Morality and the Terrible Slaughter Among Their Tribes<\/h4>\n<ol>\n<li>\u00bfCu\u00e1l es el significado intr\u00ednseco de los libros de Josu\u00e9 y Jueces, y c\u00f3mo se relaciona con la degradaci\u00f3n y el caos que se ven en el libro de Jueces?<\/li>\n<li>How do we see the sodomitical corruption in Israel&#8217;s morality in Judges 19, and what is the conclusion of the book of Judges?<\/li>\n<\/ol>","protected":false},"excerpt":{"rendered":"<p>Study questions Life-Study of 1. An Introductory Word What is the intrinsic significance of the book of Judges? What is the content and central thought of the book of Judges? 2. The Beautiful Scene of Israel&#8217;s Trusting in God How do we see a marvelous picture of oneness with the Lord, of the organic union&hellip;<\/p>","protected":false},"author":17,"featured_media":0,"parent":244,"menu_order":0,"comment_status":"closed","ping_status":"closed","template":"","meta":{"inline_featured_image":false,"_monsterinsights_skip_tracking":false,"_monsterinsights_sitenote_active":false,"_monsterinsights_sitenote_note":"","_monsterinsights_sitenote_category":0,"footnotes":""},"class_list":["post-1914","page","type-page","status-publish","hentry"],"_links":{"self":[{"href":"https:\/\/500lifestudies.org\/es\/wp-json\/wp\/v2\/pages\/1914","targetHints":{"allow":["GET"]}}],"collection":[{"href":"https:\/\/500lifestudies.org\/es\/wp-json\/wp\/v2\/pages"}],"about":[{"href":"https:\/\/500lifestudies.org\/es\/wp-json\/wp\/v2\/types\/page"}],"author":[{"embeddable":true,"href":"https:\/\/500lifestudies.org\/es\/wp-json\/wp\/v2\/users\/17"}],"replies":[{"embeddable":true,"href":"https:\/\/500lifestudies.org\/es\/wp-json\/wp\/v2\/comments?post=1914"}],"version-history":[{"count":0,"href":"https:\/\/500lifestudies.org\/es\/wp-json\/wp\/v2\/pages\/1914\/revisions"}],"up":[{"embeddable":true,"href":"https:\/\/500lifestudies.org\/es\/wp-json\/wp\/v2\/pages\/244"}],"wp:attachment":[{"href":"https:\/\/500lifestudies.org\/es\/wp-json\/wp\/v2\/media?parent=1914"}],"curies":[{"name":"wp","href":"https:\/\/api.w.org\/{rel}","templated":true}]}}