{"id":1913,"date":"2022-03-01T17:54:49","date_gmt":"2022-03-01T17:54:49","guid":{"rendered":"https:\/\/500lifestudies.org\/study-questions\/joshua\/"},"modified":"2022-06-29T04:00:38","modified_gmt":"2022-06-29T04:00:38","slug":"josue","status":"publish","type":"page","link":"https:\/\/500lifestudies.org\/es\/preguntas-de-estudio\/josue\/","title":{"rendered":"Josu\u00e9"},"content":{"rendered":"<h2>\n\t\tPreguntas de estudio\n\t<\/h2>\n\t<p>Estudio de vida de <\/p>\n<h4>1. Una palabra introductoria<\/h4>\n<ol>\n<li>Seg\u00fan este mensaje, \u00bfqu\u00e9 necesitamos al estudiar las historias y profec\u00edas del Antiguo Testamento? \u00bfCu\u00e1les son los dos puntos principales de la secci\u00f3n de historia del Antiguo Testamento en los tres libros de Josu\u00e9, Jueces y Rut?<\/li>\n<li>\u00bfCu\u00e1les son los tipos de Cristo y los tipos relacionados con Cristo en el libro de Josu\u00e9?<\/li>\n<\/ol>\n<h4>2. God&#8217;s Commission<\/h4>\n<ol>\n<li>What is the principle of incarnation and how is it related to God&#8217;s move?<\/li>\n<li>What is the significance of God&#8217;s encouragement to Joshua being in the term of Joshua&#8217;s walking in the word of God?<\/li>\n<\/ol>\n<h4>3. Espiando la tierra<\/h4>\n<ol>\n<li>\u00bfCu\u00e1l es el significado intr\u00ednseco del libro de Josu\u00e9? Adem\u00e1s, \u00bfc\u00f3mo se relaciona este libro con el libro de Efesios?<\/li>\n<li>\u00bfCu\u00e1l es el significado de la historia de Rahab y el hilo escarlata?<\/li>\n<\/ol>\n<h4>4. Cruzando el r\u00edo Jord\u00e1n<\/h4>\n<ol>\n<li>What is the significance of the children of Israel&#8217;s crossing of the river Jordan and how is this related to the fighting to possess the good land?<\/li>\n<li>What is the significance of the twelve stones and of the priests standing in the river until all God&#8217;s people had passed?<\/li>\n<\/ol>\n<h4>5. La preparaci\u00f3n antes del ataque<\/h4>\n<ol>\n<li>\u00bfCu\u00e1les son los cuatro asuntos de importancia intr\u00ednseca que se abordan en Josu\u00e9 5, y c\u00f3mo se relacionan con nuestra obtenci\u00f3n de la buena tierra?<\/li>\n<li>\u00bfCu\u00e1l es el significado del man\u00e1 y el fruto de la buena tierra? \u00bfCu\u00e1l es la diferencia entre ellos?<\/li>\n<\/ol>\n<h4>6. Tomar posesi\u00f3n de la buena tierra para Cristo y ser hechos su posesi\u00f3n<\/h4>\n<ol>\n<li>\u00bfQu\u00e9 significa ganar a Cristo para Cristo, y c\u00f3mo se relaciona esto con los vencedores?<\/li>\n<li>\u00bfC\u00f3mo nos hace Cristo su posesi\u00f3n?<\/li>\n<\/ol>\n<h4>7. La destrucci\u00f3n de Jeric\u00f3<\/h4>\n<ol>\n<li>According to the picture of the children of Israel&#8217;s victory over Jericho, what is the first thing we should do in the spiritual warfare?<\/li>\n<li>\u00bfC\u00f3mo se relaciona el relato de Jeric\u00f3 con nuestra predicaci\u00f3n del evangelio? Adem\u00e1s, \u00bfcu\u00e1les fueron los factores vitales que permitieron a los hijos de Israel obtener la victoria?<\/li>\n<\/ol>\n<h4>8. La destrucci\u00f3n de Ai<\/h4>\n<ol>\n<li>What were the four reasons for the children of Israel&#8217;s defeat at Ai?<\/li>\n<li>As we study the intrinsic singificance of this part of Isreal&#8217;s history, what do we need to learn? How does this relate to our Christian life?<\/li>\n<\/ol>\n<h4>9. La salvaci\u00f3n de Gaba\u00f3n<\/h4>\n<ol>\n<li>\u00bfCu\u00e1l es el significado intr\u00ednseco de Josu\u00e9 9?<\/li>\n<li>\u00bfC\u00f3mo se relaciona el significado intr\u00ednseco de este cap\u00edtulo con el romance divino?<\/li>\n<\/ol>\n<h4>10. La destrucci\u00f3n del resto de las naciones en la regi\u00f3n monta\u00f1osa y las tierras bajas al oeste del Jord\u00e1n y en toda la costa del Gran Mar.<\/h4>\n<ol>\n<li>\u00bfC\u00f3mo nos ayuda el libro de Josu\u00e9 a entender la guerra espiritual en Efesios 6?<\/li>\n<li>Seg\u00fan este mensaje \u00bfQu\u00e9 tipo de personas pueden asumir la recuperaci\u00f3n?<\/li>\n<\/ol>\n<h4>11. La repartici\u00f3n de la tierra (1)<\/h4>\n<ol>\n<li>\u00bfCu\u00e1l es el cumplimiento del tipo de la repartici\u00f3n de la tierra, y cu\u00e1l es el significado intr\u00ednseco de este asunto?<\/li>\n<li>\u00bfC\u00f3mo podemos utilizar los himnos como una ilustraci\u00f3n del asunto de la repartici\u00f3n de la tierra?<\/li>\n<\/ol>\n<h4>12. La repartici\u00f3n de la tierra (2)<\/h4>\n<ol>\n<li>\u00bfEn qu\u00e9 porci\u00f3n de la Biblia encontramos la manera detallada de ganar a Cristo, experimentar a Cristo y disfrutar de Cristo?<\/li>\n<li>What is the significance of the children of Israel&#8217;s casting of lots in relation to their possessing the land?<\/li>\n<\/ol>\n<h4>13. Diez aspectos de Cristo<\/h4>\n<ol>\n<li>\u00bfCu\u00e1les son los diez aspectos de Cristo que se abordan en este mensaje?<\/li>\n<li>What does it mean to say that we are today&#8217;s Levites?<\/li>\n<\/ol>\n<h4>14. Tres cuestiones particulares relativas a la asignaci\u00f3n de la tierra<\/h4>\n<ol>\n<li>\u00bfCu\u00e1l es el significado del caso de las hijas de Zelofehad?<\/li>\n<li>\u00bfCu\u00e1l es el significado de las ciudades de refugio y el regreso de las tribus de Rub\u00e9n, Gad y la media tribu de Manas\u00e9s a su tierra al este del Jord\u00e1n?<\/li>\n<\/ol>\n<h4>15. La partida de Josu\u00e9<\/h4>\n<ol>\n<li>What was the basis of Joshua&#8217;s word and warning to the children of Israel?<\/li>\n<li>What are the main points of Joshua&#8217;s parting word to the children of Israel?<\/li>\n<\/ol>","protected":false},"excerpt":{"rendered":"<p>Study questions Life-Study of 1. An Introductory Word According to this message, what do we need when we study the histories and prophecies of the Old Testament? What are the two major points of the section of the history in the Old Testament in the three books of Joshua, Judges, and Ruth? What are the&hellip;<\/p>","protected":false},"author":17,"featured_media":0,"parent":244,"menu_order":0,"comment_status":"closed","ping_status":"closed","template":"","meta":{"inline_featured_image":false,"_monsterinsights_skip_tracking":false,"_monsterinsights_sitenote_active":false,"_monsterinsights_sitenote_note":"","_monsterinsights_sitenote_category":0,"footnotes":""},"class_list":["post-1913","page","type-page","status-publish","hentry"],"_links":{"self":[{"href":"https:\/\/500lifestudies.org\/es\/wp-json\/wp\/v2\/pages\/1913","targetHints":{"allow":["GET"]}}],"collection":[{"href":"https:\/\/500lifestudies.org\/es\/wp-json\/wp\/v2\/pages"}],"about":[{"href":"https:\/\/500lifestudies.org\/es\/wp-json\/wp\/v2\/types\/page"}],"author":[{"embeddable":true,"href":"https:\/\/500lifestudies.org\/es\/wp-json\/wp\/v2\/users\/17"}],"replies":[{"embeddable":true,"href":"https:\/\/500lifestudies.org\/es\/wp-json\/wp\/v2\/comments?post=1913"}],"version-history":[{"count":0,"href":"https:\/\/500lifestudies.org\/es\/wp-json\/wp\/v2\/pages\/1913\/revisions"}],"up":[{"embeddable":true,"href":"https:\/\/500lifestudies.org\/es\/wp-json\/wp\/v2\/pages\/244"}],"wp:attachment":[{"href":"https:\/\/500lifestudies.org\/es\/wp-json\/wp\/v2\/media?parent=1913"}],"curies":[{"name":"wp","href":"https:\/\/api.w.org\/{rel}","templated":true}]}}