{"id":1912,"date":"2022-03-01T17:54:48","date_gmt":"2022-03-01T17:54:48","guid":{"rendered":"https:\/\/500lifestudies.org\/study-questions\/deuteronomy\/"},"modified":"2022-06-29T03:58:59","modified_gmt":"2022-06-29T03:58:59","slug":"deuteronomio","status":"publish","type":"page","link":"https:\/\/500lifestudies.org\/es\/preguntas-de-estudio\/deuteronomio\/","title":{"rendered":"Deuteronomio"},"content":{"rendered":"<h2>\n\t\tPreguntas de estudio\n\t<\/h2>\n\t<p>Estudio de vida de <\/p>\n<h4>1. Una palabra introductoria<\/h4>\n<ol>\n<li>\u00bfCu\u00e1l es el significado de la palabra \u00abDeuteronomio\u00bb y cu\u00e1l es su significado espiritual? \u00bfC\u00f3mo considera Deuteronomio, como palabra final de la ley, la ley de Dios?<\/li>\n<li>\u00bfCu\u00e1l es el pensamiento central del libro de Deuteronomio y cu\u00e1les son las palabras claves de este libro?<\/li>\n<\/ol>\n<h4>2. Los puntos cruciales<\/h4>\n<ol>\n<li>Explique c\u00f3mo cuando juntamos Deuteronomio 30:11-14 con Romanos 10:6-8 tenemos una imagen completa acerca de Cristo.<\/li>\n<li>\u00bfCu\u00e1les son los puntos cruciales del libro de Deuteronomio? Explique en particular c\u00f3mo este libro habla tanto del amor de Dios como de la administraci\u00f3n gubernamental de Dios.<\/li>\n<\/ol>\n<h4>3. Una revisi\u00f3n del pasado (1)<\/h4>\n<ol>\n<li>Explique c\u00f3mo en el libro de Deuteronomio Dios se manifiesta, el hombre es expuesto y Cristo es presentado.<\/li>\n<li>\u00bfCu\u00e1l es el beneficio de revisar el pasado y cu\u00e1l es el pensamiento rector de la revisi\u00f3n del pasado?<\/li>\n<\/ol>\n<h4>4. Una revisi\u00f3n del pasado (2)<\/h4>\n<ol>\n<li>Explique lo que significa que el prop\u00f3sito de los a\u00f1os de peregrinaci\u00f3n de los hijos de Israel fue consumir la carne y la incredulidad del hombre y manifestar la misericordia y la bendici\u00f3n de Dios.<\/li>\n<li>\u00bfC\u00f3mo mostr\u00f3 el trato de Dios con Mois\u00e9s la justa administraci\u00f3n gubernamental de Dios y caus\u00f3 que los hijos de Israel tuvieran m\u00e1s temor de ese trato justo de Dios?<\/li>\n<\/ol>\n<h4>5. Deuteronomio: un libro acerca de Cristo<\/h4>\n<ol>\n<li>\u00bfCu\u00e1les son los dos aspectos principales de Cristo que revela el libro de Deuteronomio?<\/li>\n<li>\u00bfCu\u00e1l es la soluci\u00f3n a la manifestaci\u00f3n de Dios y a nuestra exposici\u00f3n? \u00bfD\u00f3nde podemos buscar ayuda? Adem\u00e1s, \u00bfqu\u00e9 significa vivir, actuar, comportarse y obrar en Cristo y por Cristo?<\/li>\n<\/ol>\n<h4>6. El ensayo de la ley (1)<\/h4>\n<ol>\n<li>\u00bfC\u00f3mo vemos la Divina Trinidad en el libro de Deuteronomio y c\u00f3mo podemos decir que este libro es un extracto de toda la Biblia?<\/li>\n<li>\u00bfCu\u00e1l es el significado de que los diez mandamientos est\u00e9n escritos en dos tablas de piedra? Adem\u00e1s, \u00bfcu\u00e1l es el significado de que el mandamiento de honrar a nuestros padres est\u00e9 incluido en la primera tabla?<\/li>\n<\/ol>\n<h4>7. El ensayo de la ley (2)<\/h4>\n<ol>\n<li>\u00bfC\u00f3mo podemos disfrutar del amor que Dios nos tiene, bendici\u00e9ndonos y multiplic\u00e1ndonos hoy?<\/li>\n<li>En el cumplimiento del Nuevo Testamento del tipo del Antiguo Testamento, \u00bfcu\u00e1l es el significado de guardar toda la ley y vivir de toda palabra que sale de la boca de Dios?<\/li>\n<\/ol>\n<h4>8. El ensayo de la ley (3)<\/h4>\n<ol>\n<li>Explique por qu\u00e9 es importante para nosotros tener un temor apropiado de Dios.<\/li>\n<li>\u00bfQu\u00e9 significa caminar en los caminos de Dios y qu\u00e9 tiene esto que ver con la Nueva Jerusal\u00e9n?<\/li>\n<\/ol>\n<h4>9. El ensayo de la ley (4)<\/h4>\n<ol>\n<li>Explique el significado de Deuteronomio 11:12.<\/li>\n<li>\u00bfC\u00f3mo podemos amar al Se\u00f1or seg\u00fan el hablar particular de este mensaje?<\/li>\n<\/ol>\n<h4>10. El ensayo de la ley (5)<\/h4>\n<ol>\n<li>\u00bfCu\u00e1l es el \u00e9nfasis y la advertencia seria en Deuteronomio 12?<\/li>\n<li>\u00bfCu\u00e1les son las cuatro formas en que Deuteronomio 12 se corresponde con la revelaci\u00f3n del Nuevo Testamento? Adem\u00e1s, \u00bfcu\u00e1les son las dos cosas cruciales que debemos aprender en cuanto a nuestra reuni\u00f3n para adorar a Dios?<\/li>\n<\/ol>\n<h4>11. La elecci\u00f3n de Dios: la base definitiva para la adoraci\u00f3n a Dios<\/h4>\n<ol>\n<li>\u00bfPor qu\u00e9 Mois\u00e9s fue tan claro en el cap\u00edtulo doce acerca del requisito de venir al lugar elegido por Dios?<\/li>\n<li>\u00bfQu\u00e9 significa encontrarnos en el nombre del Se\u00f1or Jes\u00fas, en nuestro esp\u00edritu y con la cruz?<\/li>\n<\/ol>\n<h4>12. El ensayo de la ley (6)<\/h4>\n<ol>\n<li>\u00bfQu\u00e9 significa apostas\u00eda? \u00bfCu\u00e1l es la diferencia entre apostas\u00eda y estar equivocado en la doctrina?<\/li>\n<li>Como cristianos, \u00bfen qu\u00e9 manera debemos ser estrictos y en qu\u00e9 manera debemos ser generales?<\/li>\n<\/ol>\n<h4>13. Una palabra acerca de la divisi\u00f3n y la apostas\u00eda<\/h4>\n<ol>\n<li>\u00bfPor qu\u00e9 necesitamos ser advertidos sobre la herej\u00eda y la divisi\u00f3n? \u00bfC\u00f3mo da\u00f1an estas dos cosas la econom\u00eda de Dios?<\/li>\n<li>\u00bfC\u00f3mo podemos discernir si una persona est\u00e1 transmitiendo o no los g\u00e9rmenes de la divisi\u00f3n?<\/li>\n<\/ol>\n<h4>14. El ensayo de la ley (7)<\/h4>\n<ol>\n<li>\u00bfCu\u00e1l es la importancia de la dieta sagrada? Adem\u00e1s, \u00bfcu\u00e1l es el significado espiritual de no hervir un cabrito en la leche materna?<\/li>\n<li>\u00bfCu\u00e1l es el significado de las porciones en Deuteronomio que hablan sobre la ayuda a los necesitados?<\/li>\n<\/ol>\n<h4>15. El ensayo de la ley (8)<\/h4>\n<ol>\n<li>\u00bfCu\u00e1l es el significado del sirviente al que le perforaron la oreja con un punz\u00f3n?<\/li>\n<li>\u00bfQu\u00e9 indican los estatutos y sentencias sobre la ayuda a los necesitados?<\/li>\n<\/ol>\n<h4>16. El ensayo de la ley (9)<\/h4>\n<ol>\n<li>\u00bfCu\u00e1l es la relaci\u00f3n entre el diezmo y el temor de Dios?<\/li>\n<li>\u00bfCu\u00e1les son los siete puntos tratados en este mensaje que nos muestran la manera correcta de adorar a Dios?<\/li>\n<\/ol>\n<h4>17. El ensayo de la ley (10)<\/h4>\n<ol>\n<li>\u00bfQu\u00e9 vemos acerca del gobierno divino entre el pueblo de Dios en Deuteronomio?<\/li>\n<li>\u00bfQu\u00e9 significado tiene que el rey escribiera para s\u00ed una copia de la ley y leyera en ella todos los d\u00edas de su vida?<\/li>\n<\/ol>\n<h4>18. El ensayo de la ley (11)<\/h4>\n<ol>\n<li>\u00bfCu\u00e1l es el significado del que fue maldecido y colgado en el madero?<\/li>\n<li>\u00bfCu\u00e1l es la importancia de los juicios sobre asuntos relacionados con el matrimonio? \u00bfCu\u00e1l es el significado particular de la palabra \u00abindecencia\u00bb en 24:1?<\/li>\n<\/ol>\n<h4>19. El ensayo de la ley (12)<\/h4>\n<ol>\n<li>\u00bfCu\u00e1l es el significado espiritual de \u201csecuestrar\u201d a alguien?<\/li>\n<li>\u00bfCu\u00e1l es el significado del juicio sobre una disputa tra\u00edda ante los hijos de Israel y el juicio sobre un hermano que no estaba dispuesto a cumplir con el deber de hermano de un esposo?<\/li>\n<\/ol>\n<h4>20. El ensayo de la ley (13)<\/h4>\n<ol>\n<li>\u00bfQu\u00e9 puntos acerca de Cristo podemos ver en las porciones de Deuteronomio tratadas en este mensaje?<\/li>\n<li>\u00bfCu\u00e1les son los seis puntos en tres pares tratados en este mensaje?<\/li>\n<\/ol>\n<h4>21. El ensayo de la ley (14)<\/h4>\n<ol>\n<li>\u00bfCu\u00e1l es la relaci\u00f3n entre los asuntos de la lucha en 20:1-20 y la primogenitura en 21:15-17?<\/li>\n<li>Seg\u00fan este mensaje, \u00bfcu\u00e1l es el principio que se encuentra en todo el libro de Deuteronomio?<\/li>\n<\/ol>\n<h4>22. El ensayo de la ley (15)<\/h4>\n<ol>\n<li>\u00bfCu\u00e1l es el significado de la palabra en 22:1-4, 8 con respecto a cuidar los intereses de los dem\u00e1s?<\/li>\n<li>\u00bfQu\u00e9 podemos ver acerca de Dios en los asuntos tratados en este mensaje?<\/li>\n<\/ol>\n<h4>23. El ensayo de la ley (16)<\/h4>\n<ol>\n<li>\u00bfQu\u00e9 vemos en la palabra acerca de un hombre que toma una nueva esposa en 24:5?<\/li>\n<li>\u00bfCu\u00e1les son los principios rectores de la conducta de uno que se implican en esta secci\u00f3n y qu\u00e9 dicen todos los estatutos y juicios ensayados acerca de Dios?<\/li>\n<\/ol>\n<h4>24. Advertencia (que implica gracia) (1)<\/h4>\n<ol>\n<li>\u00bfCu\u00e1l es el significado del altar de piedras, de los holocaustos y de las ofrendas de paz, y de que los hijos de Israel coman y se regocijen all\u00ed?<\/li>\n<li>\u00bfCu\u00e1l es la raz\u00f3n por la que se prepar\u00f3 el altar antes de que se declararan las maldiciones? \u00bfC\u00f3mo se aplica esto a nosotros como creyentes?<\/li>\n<\/ol>\n<h4>25. Advertencia (que implica gracia) (2)<\/h4>\n<ol>\n<li>\u00bfQu\u00e9 revelan las maldiciones del Deuteronomio acerca de Dios? \u00bfC\u00f3mo podemos ver el cumplimiento de estas cosas en la historia de Israel?<\/li>\n<li>\u00bfCu\u00e1l debe ser nuestra respuesta y actitud ante estas maldiciones como creyentes?<\/li>\n<\/ol>\n<h4>26. Cristo en Deuteronomio: el monumento, el altar y las ofrendas<\/h4>\n<ol>\n<li>\u00bfCu\u00e1l es el significado del monumento, del altar y de las ofrendas?<\/li>\n<li>\u00bfC\u00f3mo se relaciona la maravillosa escena del monumento, el altar y las ofrendas con la entrada a la buena tierra?<\/li>\n<\/ol>\n<h4>27. La promulgaci\u00f3n del Pacto<\/h4>\n<ol>\n<li>\u00bfCu\u00e1les son los puntos principales concernientes a la promulgaci\u00f3n del pacto abordado en Deuteronomio 29-30?<\/li>\n<li>\u00bfCu\u00e1l es el significado de la palabra final de Mois\u00e9s en 30:11-20?<\/li>\n<\/ol>\n<h4>28. La exhortaci\u00f3n final y los encargos<\/h4>\n<ol>\n<li>\u00bfCu\u00e1les son los puntos principales de la exhortaci\u00f3n final de Mois\u00e9s a los hijos de Israel?<\/li>\n<li>\u00bfCu\u00e1l era la preocupaci\u00f3n de Mois\u00e9s por los hijos de Israel, y c\u00f3mo lo que se describe acerca de Israel es una imagen de nosotros hoy?<\/li>\n<\/ol>\n<h4>29. El c\u00e1ntico de Mois\u00e9s<\/h4>\n<ol>\n<li>\u00bfCuales son los puntos principales del c\u00e1ntico de Mois\u00e9s?<\/li>\n<li>\u00bfCu\u00e1l fue la mayor preocupaci\u00f3n de Mois\u00e9s por los hijos de Israel?<\/li>\n<\/ol>\n<h4>30. La bendici\u00f3n de Mois\u00e9s y la muerte de Mois\u00e9s y su sucesor<\/h4>\n<ol>\n<li>\u00bfCu\u00e1l es el significado de la bendici\u00f3n de Mois\u00e9s para cada una de las tribus de Israel, y cu\u00e1les son los puntos principales de la palabra final de Mois\u00e9s a todo el pueblo de Israel en general?<\/li>\n<li>\u00bfCu\u00e1les son los cuatro asuntos particulares implicados en Deuteronomio?<\/li>\n<\/ol>","protected":false},"excerpt":{"rendered":"<p>Preguntas de estudio. Estudio-vida de 1. Una palabra introductoria. \u00bfCu\u00e1l es el significado de la palabra \u00abDeuteronomio\u00bb y cu\u00e1l es su significado espiritual? \u00bfC\u00f3mo considera Deuteronomio, como palabra final de la ley, la ley de Dios? \u00bfCu\u00e1l es la idea central del libro de Deuteronomio y cu\u00e1les son las palabras clave en este\u2026?<\/p>","protected":false},"author":17,"featured_media":0,"parent":244,"menu_order":0,"comment_status":"closed","ping_status":"closed","template":"","meta":{"inline_featured_image":false,"_monsterinsights_skip_tracking":false,"_monsterinsights_sitenote_active":false,"_monsterinsights_sitenote_note":"","_monsterinsights_sitenote_category":0,"footnotes":""},"class_list":["post-1912","page","type-page","status-publish","hentry"],"_links":{"self":[{"href":"https:\/\/500lifestudies.org\/es\/wp-json\/wp\/v2\/pages\/1912","targetHints":{"allow":["GET"]}}],"collection":[{"href":"https:\/\/500lifestudies.org\/es\/wp-json\/wp\/v2\/pages"}],"about":[{"href":"https:\/\/500lifestudies.org\/es\/wp-json\/wp\/v2\/types\/page"}],"author":[{"embeddable":true,"href":"https:\/\/500lifestudies.org\/es\/wp-json\/wp\/v2\/users\/17"}],"replies":[{"embeddable":true,"href":"https:\/\/500lifestudies.org\/es\/wp-json\/wp\/v2\/comments?post=1912"}],"version-history":[{"count":0,"href":"https:\/\/500lifestudies.org\/es\/wp-json\/wp\/v2\/pages\/1912\/revisions"}],"up":[{"embeddable":true,"href":"https:\/\/500lifestudies.org\/es\/wp-json\/wp\/v2\/pages\/244"}],"wp:attachment":[{"href":"https:\/\/500lifestudies.org\/es\/wp-json\/wp\/v2\/media?parent=1912"}],"curies":[{"name":"wp","href":"https:\/\/api.w.org\/{rel}","templated":true}]}}