{"id":1901,"date":"2022-03-01T17:51:42","date_gmt":"2022-03-01T17:51:42","guid":{"rendered":"https:\/\/500lifestudies.org\/study-questions\/1-peter\/"},"modified":"2022-06-29T05:11:39","modified_gmt":"2022-06-29T05:11:39","slug":"1-pedro","status":"publish","type":"page","link":"https:\/\/500lifestudies.org\/es\/preguntas-de-estudio\/1-pedro\/","title":{"rendered":"1 Pedro"},"content":{"rendered":"<h2>\n\t\tPreguntas de estudio\n\t<\/h2>\n\t<p>Estudio de vida de <\/p>\n<h4>1. Una palabra introductoria<\/h4>\n<ol>\n<li>What is the character of Peter&#8217;s writings?<\/li>\n<li>What verses in 1 and 2 Peter show that the span and scope of Peter&#8217;s writings is vast?<\/li>\n<\/ol>\n<h4>2. La operaci\u00f3n del Dios Trino sobre los elegidos para su participaci\u00f3n en su plena salvaci\u00f3n<\/h4>\n<ol>\n<li>What are two aspects of the Spirit&#8217;s sanctification?<\/li>\n<li>\u00bfCu\u00e1l es la obra (operaci\u00f3n) energ\u00e9tica del Dios Trino?<\/li>\n<\/ol>\n<h4>3. La salvaci\u00f3n plena del Dios Trino y sus consecuencias (1)<\/h4>\n<ol>\n<li>Como cristianos, \u00bfen qu\u00e9 se diferencia nuestra comprensi\u00f3n y comprensi\u00f3n de Dios de la de los jud\u00edos? \u00bfC\u00f3mo nos regener\u00f3 nuestro Dios y Padre para una esperanza viva?<\/li>\n<li>\u00bfQu\u00e9 comprende la herencia en 1 Pedro 1:4 y cu\u00e1ndo podemos disfrutar de esta herencia?<\/li>\n<\/ol>\n<h4>4. La santificaci\u00f3n del Esp\u00edritu, la aspersi\u00f3n de la sangre y la esperanza viva<\/h4>\n<ol>\n<li>How can God&#8217;s selection reach you in a practical and experiential way?<\/li>\n<li>How does &#8220;the obedience and sprinkling of the blood&#8221; in 1 Peter 1:2 show us that we are no longer in the Old Testament dispensation?<\/li>\n<\/ol>\n<h4>5. La salvaci\u00f3n plena del Dios Trino y sus consecuencias (2)<\/h4>\n<ol>\n<li>\u00bfDe qu\u00e9 etapa de la salvaci\u00f3n se habla en 1:5? \u00bfC\u00f3mo podemos cooperar con Dios hoy para estar preparados?<\/li>\n<li>What the comfort Peter offers the believers in 1:6? With this mind, what should our attitude be towards the Lord&#8217;s coming?<\/li>\n<\/ol>\n<h4>6. La salvaci\u00f3n plena del Dios Trino y sus consecuencias (3)<\/h4>\n<ol>\n<li>\u00bfCu\u00e1l es la prueba de nuestra fe?<\/li>\n<li>\u00bfQu\u00e9 es la salvaci\u00f3n de nuestras almas?<\/li>\n<\/ol>\n<h4>7. The Thee Stages of God&#8217;s Full Salvation<\/h4>\n<ol>\n<li>When in our experience are each of the three stages of God&#8217;s salvation? List at least one item from which each stage saves us.<\/li>\n<li>\u00bfC\u00f3mo utiliza Dios los sufrimientos en la \u00e9poca actual? \u00bfCu\u00e1ndo podemos esperar que terminen?<\/li>\n<\/ol>\n<h4>8. La salvaci\u00f3n plena del Dios Trino y sus consecuencias (4)<\/h4>\n<ol>\n<li>What does it mean that the prophets were searching into the &#8220;manner of time&#8221; of Christ&#8217;s sufferings and the glories after these?<\/li>\n<li>\u00bfC\u00f3mo obra el Esp\u00edritu de Cristo en nosotros cuando acudimos a la Palabra?<\/li>\n<\/ol>\n<h4>9. La salvaci\u00f3n plena del Dios Trino y sus consecuencias (5)<\/h4>\n<ol>\n<li>How does Isaiah 53 and Daniel 9 reveal to us the manner of time of Christ&#8217;s crucifixion and coming?<\/li>\n<li>How does &#8220;the Spirit of Christ&#8221; in 1 Peter 1:11 show us the relationship between the Old Testament prophets and the New Testament Christians? What is the Spirit&#8217;s practical application of God&#8217;s salvation in the New Testament?<\/li>\n<\/ol>\n<h4>10. Peter&#8217;s Well-speaking Concerning the Triune God<\/h4>\n<ol>\n<li>What does the word &#8220;blessed&#8221; mean in 1 Pet. 1:3? What does it mean to bless God?<\/li>\n<li>What is the background of the well-speaking in 1 Peter chapter 1 and what is the source and ground of Peter&#8217;s writing?<\/li>\n<\/ol>\n<h4>11. La salvaci\u00f3n plena del Dios Trino y sus consecuencias (6)<\/h4>\n<ol>\n<li>\u00bfC\u00f3mo es nuestra santificaci\u00f3n una cuesti\u00f3n de la salvaci\u00f3n de Dios en los vers\u00edculos 3-12?<\/li>\n<li>As children of God, why do we need be in fear of God&#8217;s judgement? How should that impact our daily lives?<\/li>\n<\/ol>\n<h4>12. La salvaci\u00f3n plena del Dios Trino y sus consecuencias (7)<\/h4>\n<ol>\n<li>\u00bfC\u00f3mo puede y debe el aprecio por la preciosa redenci\u00f3n de Cristo afectar nuestra manera de vivir?<\/li>\n<li>Contrastemos una manera de vivir vana (v. 18) y una manera de vivir santa (v. 15). Teniendo en cuenta estos vers\u00edculos, \u00bfcu\u00e1l es el prop\u00f3sito impl\u00edcito de la redenci\u00f3n de Cristo?<\/li>\n<\/ol>\n<h4>13. La salvaci\u00f3n plena del Dios Trino y sus consecuencias (8)<\/h4>\n<ol>\n<li>\u00bfCu\u00e1l es el significado de la presciencia de Dios en 1 Pedro 1:20?<\/li>\n<li>\u00bfC\u00f3mo podemos tocar la realidad en la Palabra?<\/li>\n<\/ol>\n<h4>14. La salvaci\u00f3n plena del Dios Trino y sus consecuencias (9)<\/h4>\n<ol>\n<li>\u00bfQu\u00e9 significa purificar nuestras almas mediante la obediencia a la verdad? \u00bfC\u00f3mo podemos experimentar esta purificaci\u00f3n?<\/li>\n<li>\u00bfQu\u00e9 significa que Cristo se manifest\u00f3 en los \u00faltimos tiempos por nuestro bien?<\/li>\n<\/ol>\n<h4>15. El crecimiento en la vida y sus resultados (1)<\/h4>\n<ol>\n<li>Seg\u00fan 1 Pedro cap\u00edtulo 1, \u00bfcu\u00e1les son los dos asuntos que resultan de la plena salvaci\u00f3n del Dios Trino?<\/li>\n<li>What is &#8220;guileless milk&#8221; and according to your experience, how can we develop a hunger and thirst for God&#8217;s word?<\/li>\n<\/ol>\n<h4>16. El crecimiento en la vida y sus resultados (2)<\/h4>\n<ol>\n<li>\u00bfC\u00f3mo podemos decir que la salvaci\u00f3n mencionada en 1 Pedro 2:2 es la etapa progresiva de la salvaci\u00f3n? Explique c\u00f3mo esta salvaci\u00f3n es principalmente un asunto interno.<\/li>\n<li>\u00bfC\u00f3mo podemos experimentar a Cristo como la leche de la palabra y la piedra viva?<\/li>\n<\/ol>\n<h4>17. El crecimiento en la vida y sus resultados (3)<\/h4>\n<ol>\n<li>\u00bfC\u00f3mo pudo Pedro testificar que Cristo era la piedra angular elegida, tenida en honor?<\/li>\n<li>Consider the Lord&#8217;s gracious words and his strict, stumbling ones. Do we get to choose what to receive? What is the result of doing so?<\/li>\n<\/ol>\n<h4>18. El crecimiento en la vida y sus resultados (4)<\/h4>\n<ol>\n<li>Using two Bible references of Peter&#8217;s experiences, expound on how both Christ and His believers are stones for God&#8217;s building.<\/li>\n<li>Using the illustration of pertrification, explain how the milk of the word is related to and with a purpose for God&#8217;s building. Which of Peter&#8217;s words in chapter 2 indicate this building is corporate?<\/li>\n<\/ol>\n<h4>19. La vida cristiana y sus sufrimientos (1)<\/h4>\n<ol>\n<li>\u00bfCu\u00e1les son los cinco puntos principales de 1 Pedro?<\/li>\n<li>\u00bfC\u00f3mo es la gracia la motivaci\u00f3n y expresi\u00f3n de la vida divina?<\/li>\n<\/ol>\n<h4>20. La vida cristiana y sus sufrimientos (2)<\/h4>\n<ol>\n<li>What is spiritual &#8220;xeroxing&#8221; and how does it illustrate what Peter means by Christ being a model for us?<\/li>\n<li>\u00bfC\u00f3mo se relacionan la gracia (en el v. 20) y el modelo (en el v. 21)?<\/li>\n<\/ol>\n<h4>21. La vida cristiana y sus sufrimientos (3)<\/h4>\n<ol>\n<li>How is &#8220;dying to sins&#8221; and living to righteousness in 1 Peter related to our daily experience of Christ?<\/li>\n<li>What part of our being needs the Lord&#8217;s shepherding the most? How can the Lord be our Shepherd and Overseer today?<\/li>\n<\/ol>\n<h4>22. La vida cristiana y sus sufrimientos (4)<\/h4>\n<ol>\n<li>What does it mean to be &#8220;joint-heirs of the grace of life&#8221;?<\/li>\n<li>According to 1 Peter 3:4, what is the &#8220;hidden man of the heart&#8221; and how does Peter charge wives to adorn themselves?<\/li>\n<\/ol>\n<h4>23. La vida cristiana y sus sufrimientos (5)<\/h4>\n<ol>\n<li>\u00bfCu\u00e1l es la palabra equilibrada concerniente al esposo y la esposa de la que se habla en 1 Pedro 3?<\/li>\n<li>\u00bfQu\u00e9 es la gracia, de la cual somos coherederos (3:7), y la bendici\u00f3n, de la cual debemos hablar y heredar (v. 9)?<\/li>\n<\/ol>\n<h4>24. La vida cristiana y sus sufrimientos (6)<\/h4>\n<ol>\n<li>\u00bfEn qu\u00e9 sentido cuidar nuestra conciencia es m\u00e1s importante que cuidar la apariencia? \u00bfQu\u00e9 parte de nuestro ser debemos ejercitar?<\/li>\n<li>To whom did Christ proclaim God&#8217;s victory? In what prison? Use other Bible verses to support your answer.<\/li>\n<\/ol>\n<h4>25. La vida cristiana y sus sufrimientos (7)<\/h4>\n<ol>\n<li>\u00bfC\u00f3mo el arca y el agua tipifican la eficacia del bautismo?<\/li>\n<li>\u00bfC\u00f3mo es el bautismo el atractivo de una buena conciencia?<\/li>\n<\/ol>\n<h4>26. La vida cristiana y sus sufrimientos (8)<\/h4>\n<ol>\n<li>\u00bfQu\u00e9 significa armarnos con la mente de Cristo y c\u00f3mo podemos hacerlo?<\/li>\n<li>\u00bfC\u00f3mo los sufrimientos en la carne nos llevan a vivir en la voluntad de Dios?<\/li>\n<\/ol>\n<h4>27. La vida cristiana y sus sufrimientos (9)<\/h4>\n<ol>\n<li>Explain the various judgements of God. Why must we realize how serious God&#8217;s judgement is?<\/li>\n<li>\u00bfQu\u00e9 es la multiforme gracia de Dios en 1 Pedro 4:10 y c\u00f3mo podemos ser administradores de esta gracia?<\/li>\n<\/ol>\n<h4>28. La vida cristiana y sus sufrimientos (10)<\/h4>\n<ol>\n<li>\u00bfC\u00f3mo podemos compartir los sufrimientos de Cristo?<\/li>\n<li>How does God&#8217;s judgement begin from His house (1 Pet. 4:17)? Explain how this judgement, which is a dispensational discipline, differs from eternal perdition.<\/li>\n<\/ol>\n<h4>29. La vida cristiana y sus sufrimientos (11)<\/h4>\n<ol>\n<li>Explain the phrase in 4:18, &#8220;the righteous are saved with difficulty.&#8221; Who are the righteous, from what are they saved here, and what is the difficulty?<\/li>\n<li>Use the metaphor or two mountain peaks to explain why Peter and Paul thought the Lord&#8217;s second coming was soon. How do you view His second coming; how far away?<\/li>\n<\/ol>\n<h4>30. God&#8217;s Governmental Judgement (1)<\/h4>\n<ol>\n<li>How is it possible for us, saved Christians, to be subject to God&#8217;s judgement? Use verses from Peter in your answer.<\/li>\n<li>To whom does the &#8220;living and dead&#8221; in 1 Peter 4:5 refer? And who are the &#8220;dead&#8221; in 4:6?<\/li>\n<\/ol>\n<h4>31. God&#8217;s Governmental Judgement (2)<\/h4>\n<ol>\n<li>What is the purpose of God&#8217;s disciplinary judgment beginning at His house?<\/li>\n<li>\u00bfC\u00f3mo debemos tomar en serio la Palabra de Dios y contactar a otros de manera sabia?<\/li>\n<\/ol>\n<h4>32. The Elders&#8217; Shepherding and Its Reward<\/h4>\n<ol>\n<li>\u00bfQu\u00e9 significa para un anciano ser testigo de los sufrimientos de Cristo?<\/li>\n<li>What is the Chief Shepherd&#8217;s reward to the faithful elders?<\/li>\n<\/ol>\n<h4>33. La poderosa mano de Dios y su objetivo (1)<\/h4>\n<ol>\n<li>How can we cooperate with God to &#8220;be humbled&#8221; (5:6)? If you are proud, what can you miss?<\/li>\n<li>Seg\u00fan 5:7-8, \u00bfde qui\u00e9n proviene la ansiedad? \u00bfSobre qu\u00e9 base los cristianos pueden no tener ansiedad?<\/li>\n<\/ol>\n<h4>34. La poderosa mano de Dios y su objetivo (2)<\/h4>\n<ol>\n<li>Describe la progresi\u00f3n de los cuatro actos divinos de Dios, toda gracia, seg\u00fan 1 Pedro 5:10.<\/li>\n<li>Seg\u00fan todo el libro de 1 Pedro, \u00bfde qu\u00e9 posici\u00f3n y experiencia debe venir nuestra paz?<\/li>\n<\/ol>","protected":false},"excerpt":{"rendered":"<p>Study questions Life-Study of 1. An Introductory Word What is the character of Peter&#8217;s writings? What verses in 1 and 2 Peter show that the span and scope of Peter&#8217;s writings is vast? 2. The Operation of the Triune God Upon the Elect for Their Participation in His Full Salvation What are two aspects of&hellip;<\/p>","protected":false},"author":17,"featured_media":0,"parent":244,"menu_order":0,"comment_status":"closed","ping_status":"closed","template":"","meta":{"inline_featured_image":false,"_monsterinsights_skip_tracking":false,"_monsterinsights_sitenote_active":false,"_monsterinsights_sitenote_note":"","_monsterinsights_sitenote_category":0,"footnotes":""},"class_list":["post-1901","page","type-page","status-publish","hentry"],"_links":{"self":[{"href":"https:\/\/500lifestudies.org\/es\/wp-json\/wp\/v2\/pages\/1901","targetHints":{"allow":["GET"]}}],"collection":[{"href":"https:\/\/500lifestudies.org\/es\/wp-json\/wp\/v2\/pages"}],"about":[{"href":"https:\/\/500lifestudies.org\/es\/wp-json\/wp\/v2\/types\/page"}],"author":[{"embeddable":true,"href":"https:\/\/500lifestudies.org\/es\/wp-json\/wp\/v2\/users\/17"}],"replies":[{"embeddable":true,"href":"https:\/\/500lifestudies.org\/es\/wp-json\/wp\/v2\/comments?post=1901"}],"version-history":[{"count":0,"href":"https:\/\/500lifestudies.org\/es\/wp-json\/wp\/v2\/pages\/1901\/revisions"}],"up":[{"embeddable":true,"href":"https:\/\/500lifestudies.org\/es\/wp-json\/wp\/v2\/pages\/244"}],"wp:attachment":[{"href":"https:\/\/500lifestudies.org\/es\/wp-json\/wp\/v2\/media?parent=1901"}],"curies":[{"name":"wp","href":"https:\/\/api.w.org\/{rel}","templated":true}]}}