{"id":1896,"date":"2022-03-01T17:51:34","date_gmt":"2022-03-01T17:51:34","guid":{"rendered":"https:\/\/500lifestudies.org\/study-questions\/2-timothy\/"},"modified":"2022-06-29T05:06:09","modified_gmt":"2022-06-29T05:06:09","slug":"2-timoteo","status":"publish","type":"page","link":"https:\/\/500lifestudies.org\/es\/preguntas-de-estudio\/2-timoteo\/","title":{"rendered":"2 Timoteo"},"content":{"rendered":"<h2>\n\t\tPreguntas de estudio\n\t<\/h2>\n\t<p>Estudio de vida de <\/p>\n<h4>1. Las provisiones divinas para la inoculaci\u00f3n contra la decadencia de la Iglesia<\/h4>\n<ol>\n<li>\u00bfQu\u00e9 significa la frase \u201cla promesa de vida\u201d en 2 Timoteo 1:1?<\/li>\n<li>\u00bfCu\u00e1les son las ocho provisiones divinas contra la decadencia de la iglesia y c\u00f3mo cada una previene la decadencia en nosotros?<\/li>\n<\/ol>\n<h4>2. El factor b\u00e1sico de la decadencia: el abandono del ap\u00f3stol y su ministerio<\/h4>\n<ol>\n<li>Utilice el contexto del v. 15 para mostrar que la preocupaci\u00f3n de Pablo no era tener seguidores, sino el crecimiento en vida de los santos por medio de las sanas palabras del ministerio.<\/li>\n<li>Comparen lo que algunos cristianos de Tapei esperaban con lo que, seg\u00fan el hermano Lee, la iglesia ofrece. \u00bfPor qu\u00e9 deber\u00edamos centrarnos solo en esas cosas?<\/li>\n<\/ol>\n<h4>3. El inoculador<\/h4>\n<ol>\n<li>\u00bfCu\u00e1les son los t\u00edtulos espec\u00edficos dados al inoculador seg\u00fan 2 Timoteo 2:1-15 y qu\u00e9 nos muestra cada t\u00edtulo acerca de la persona y funci\u00f3n del inoculador?<\/li>\n<li>\u00bfCu\u00e1l es el significado de la palabra \u201cverdad\u201d en 2 Timoteo 2:15 y qu\u00e9 denota esta palabra?<\/li>\n<\/ol>\n<h4>4. La propagaci\u00f3n de la decadencia<\/h4>\n<ol>\n<li>\u00bfA qu\u00e9 se refiere el \u201cfirme fundamento de Dios\u201d en 2 Timoteo 2:19?<\/li>\n<li>\u00bfCu\u00e1l es el encargo de Pablo a Timoteo en 2 Timoteo 2:22-26 y c\u00f3mo podr\u00eda usted presentar la dispensaci\u00f3n de Dios a un opositor?<\/li>\n<\/ol>\n<h4>5. El agravamiento del declive<\/h4>\n<ol>\n<li>\u00bfQu\u00e9 indica la menci\u00f3n de siete clases de amantes y dos clases de desamor respecto a la decadencia de la iglesia? \u00bfC\u00f3mo se relaciona esto con la palabra del Se\u00f1or en Apocalipsis 2:4?<\/li>\n<li>\u00bfC\u00f3mo la oposici\u00f3n a la verdad en el agravamiento de la decadencia indica el rescate y el remedio de la decadencia?<\/li>\n<\/ol>\n<h4>6. El ant\u00eddoto de la inoculaci\u00f3n<\/h4>\n<ol>\n<li>\u00bfCu\u00e1les son los tres elementos cruciales en 2 Timoteo que Dios usa para confrontar la muerte, la corrupci\u00f3n y la confusi\u00f3n en la decadencia de la iglesia?<\/li>\n<li>\u00bfQu\u00e9 es un hombre de Dios y c\u00f3mo puede un hombre de Dios ser completo, enteramente equipado para toda buena obra?<\/li>\n<\/ol>\n<h4>7. El incentivo al inoculador<\/h4>\n<ol>\n<li>\u00bfCu\u00e1l fue el encargo del ap\u00f3stol a su joven colaborador y por qu\u00e9 es tan importante en un tiempo de decadencia de la iglesia?<\/li>\n<li>\u00bfC\u00f3mo podemos ver la recompensa como un incentivo para el inoculador en 2 Timoteo 4:1-8? \u00bfQu\u00e9 es esta recompensa?<\/li>\n<\/ol>\n<h4>8. La cuesti\u00f3n de la decadencia<\/h4>\n<ol>\n<li>\u00bfC\u00f3mo muestra 2 Timoteo 4:9-12 las diferentes relaciones de sus colaboradores con el ap\u00f3stol Pablo? \u00bfC\u00f3mo la unidad de Timoteo con Pablo le permiti\u00f3 a este hablarle m\u00e1s?<\/li>\n<li>\u00bfCu\u00e1les son los dos elementos principales de la obra de Pablo en 2 Timoteo, con la que concluye este libro? \u00bfPor qu\u00e9 son cruciales estos dos elementos para afrontar la decadencia de la iglesia?<\/li>\n<\/ol>\n<h4><a href=\"#msg1\">1. Las provisiones divinas para la inoculaci\u00f3n contra la decadencia de la Iglesia<\/a><\/h4>\n<ol>\n<li>\u00bfQu\u00e9 significa la frase \u201cla promesa de vida\u201d en 2 Timoteo 1:1?<\/li>\n<li>\u00bfCu\u00e1les son las ocho provisiones divinas contra la decadencia de la iglesia y c\u00f3mo cada una previene la decadencia en nosotros?<\/li>\n<\/ol>\n<h4><a href=\"#msg2\">2. El factor b\u00e1sico de la decadencia: el abandono del ap\u00f3stol y su ministerio<\/a><\/h4>\n<ol>\n<li>Utilice el contexto del v. 15 para mostrar que la preocupaci\u00f3n de Pablo no era tener seguidores, sino el crecimiento en vida de los santos por medio de las sanas palabras del ministerio.<\/li>\n<li>Comparen lo que algunos cristianos de Tapei esperaban con lo que, seg\u00fan el hermano Lee, la iglesia ofrece. \u00bfPor qu\u00e9 deber\u00edamos centrarnos solo en esas cosas?<\/li>\n<\/ol>\n<h4><a href=\"#msg3\">3. El inoculador<\/a><\/h4>\n<ol>\n<li>\u00bfCu\u00e1les son los t\u00edtulos espec\u00edficos dados al inoculador seg\u00fan 2 Timoteo 2:1-15 y qu\u00e9 nos muestra cada t\u00edtulo acerca de la persona y funci\u00f3n del inoculador?<\/li>\n<li>\u00bfCu\u00e1l es el significado de la palabra \u201cverdad\u201d en 2 Timoteo 2:15 y qu\u00e9 denota esta palabra?<\/li>\n<\/ol>\n<h4><a href=\"#msg4\">4. La propagaci\u00f3n de la decadencia<\/a><\/h4>\n<ol>\n<li>\u00bfA qu\u00e9 se refiere el \u201cfirme fundamento de Dios\u201d en 2 Timoteo 2:19?<\/li>\n<li>\u00bfCu\u00e1l es el encargo de Pablo a Timoteo en 2 Timoteo 2:22-26 y c\u00f3mo podr\u00eda usted presentar la dispensaci\u00f3n de Dios a un opositor?<\/li>\n<\/ol>\n<h4><a href=\"#msg5\">5. El agravamiento del declive<\/a><\/h4>\n<ol>\n<li>\u00bfQu\u00e9 indica la menci\u00f3n de siete clases de amantes y dos clases de desamor respecto a la decadencia de la iglesia? \u00bfC\u00f3mo se relaciona esto con la palabra del Se\u00f1or en Apocalipsis 2:4?<\/li>\n<li>\u00bfC\u00f3mo la oposici\u00f3n a la verdad en el agravamiento de la decadencia indica el rescate y el remedio de la decadencia?<\/li>\n<\/ol>\n<h4><a href=\"#msg6\">6. El ant\u00eddoto de la inoculaci\u00f3n<\/a><\/h4>\n<ol>\n<li>\u00bfCu\u00e1les son los tres elementos cruciales en 2 Timoteo que Dios usa para confrontar la muerte, la corrupci\u00f3n y la confusi\u00f3n en la decadencia de la iglesia?<\/li>\n<li>\u00bfQu\u00e9 es un hombre de Dios y c\u00f3mo puede un hombre de Dios ser completo, enteramente equipado para toda buena obra?<\/li>\n<\/ol>\n<h4><a href=\"#msg7\">7. El incentivo al inoculador<\/a><\/h4>\n<ol>\n<li>\u00bfCu\u00e1l fue el encargo del ap\u00f3stol a su joven colaborador y por qu\u00e9 es tan importante en un tiempo de decadencia de la iglesia?<\/li>\n<li>\u00bfC\u00f3mo podemos ver la recompensa como un incentivo para el inoculador en 2 Timoteo 4:1-8? \u00bfQu\u00e9 es esta recompensa?<\/li>\n<\/ol>\n<h4><a href=\"#msg8\">8. La cuesti\u00f3n de la decadencia<\/a><\/h4>\n<ol>\n<li>\u00bfC\u00f3mo muestra 2 Timoteo 4:9-12 las diferentes relaciones de sus colaboradores con el ap\u00f3stol Pablo? \u00bfC\u00f3mo la unidad de Timoteo con Pablo le permiti\u00f3 a este hablarle m\u00e1s?<\/li>\n<li>\u00bfCu\u00e1les son los dos elementos principales de la obra de Pablo en 2 Timoteo, con la que concluye este libro? \u00bfPor qu\u00e9 son cruciales estos dos elementos para afrontar la decadencia de la iglesia?<\/li>\n<\/ol>","protected":false},"excerpt":{"rendered":"<p>Preguntas de estudio. Estudio-vida de 1. Las provisiones divinas para la inoculaci\u00f3n contra la decadencia de la iglesia. \u00bfQu\u00e9 significa la frase \u00abla promesa de vida\u00bb en 2 Timoteo 1:1? \u00bfCu\u00e1les son las ocho provisiones divinas contra la decadencia de la iglesia y c\u00f3mo previene cada una de ellas nuestra decadencia? 2. Los fundamentos\u2026<\/p>","protected":false},"author":17,"featured_media":0,"parent":244,"menu_order":0,"comment_status":"closed","ping_status":"closed","template":"","meta":{"inline_featured_image":false,"_monsterinsights_skip_tracking":false,"_monsterinsights_sitenote_active":false,"_monsterinsights_sitenote_note":"","_monsterinsights_sitenote_category":0,"footnotes":""},"class_list":["post-1896","page","type-page","status-publish","hentry"],"_links":{"self":[{"href":"https:\/\/500lifestudies.org\/es\/wp-json\/wp\/v2\/pages\/1896","targetHints":{"allow":["GET"]}}],"collection":[{"href":"https:\/\/500lifestudies.org\/es\/wp-json\/wp\/v2\/pages"}],"about":[{"href":"https:\/\/500lifestudies.org\/es\/wp-json\/wp\/v2\/types\/page"}],"author":[{"embeddable":true,"href":"https:\/\/500lifestudies.org\/es\/wp-json\/wp\/v2\/users\/17"}],"replies":[{"embeddable":true,"href":"https:\/\/500lifestudies.org\/es\/wp-json\/wp\/v2\/comments?post=1896"}],"version-history":[{"count":0,"href":"https:\/\/500lifestudies.org\/es\/wp-json\/wp\/v2\/pages\/1896\/revisions"}],"up":[{"embeddable":true,"href":"https:\/\/500lifestudies.org\/es\/wp-json\/wp\/v2\/pages\/244"}],"wp:attachment":[{"href":"https:\/\/500lifestudies.org\/es\/wp-json\/wp\/v2\/media?parent=1896"}],"curies":[{"name":"wp","href":"https:\/\/api.w.org\/{rel}","templated":true}]}}