{"id":1894,"date":"2022-03-01T17:51:32","date_gmt":"2022-03-01T17:51:32","guid":{"rendered":"https:\/\/500lifestudies.org\/study-questions\/2-thessalonians\/"},"modified":"2022-06-29T05:02:46","modified_gmt":"2022-06-29T05:02:46","slug":"2-tesalonicenses","status":"publish","type":"page","link":"https:\/\/500lifestudies.org\/es\/preguntas-de-estudio\/2-tesalonicenses\/","title":{"rendered":"2 Tesalonicenses"},"content":{"rendered":"<h2>\n\t\tPreguntas de estudio\n\t<\/h2>\n\t<p>Estudio de vida de <\/p>\n<h4>1. Una palabra de aliento<\/h4>\n<ol>\n<li>\u00bfCu\u00e1l es el objetivo de la vida cristiana?<\/li>\n<li>\u00bfQu\u00e9 significa que Cristo sea glorificado en los santos?<\/li>\n<\/ol>\n<h4>2. A Word of Correction of the Misconception Concerning the Day of the Lord&#8217;s Coming (1)<\/h4>\n<ol>\n<li>How is the Lord&#8217;s coming related to our rapture?<\/li>\n<li>How should respond to our knowing of the Lord&#8217;s coming?<\/li>\n<\/ol>\n<h4>3. A Word of Correction of the Misconception Concerning the Day of the Lord&#8217;s Coming (2)<\/h4>\n<ol>\n<li>Where do the Lord&#8217;s coming and rapture in 2 Thessalonians 2 fit within the prophecy of the seventy weeks in Daniel 9?<\/li>\n<li>Seg\u00fan el tipo de cosecha para el rapto, \u00bfcu\u00e1ndo ser\u00e1 el rapto principal, antes o despu\u00e9s de la gran tribulaci\u00f3n? \u00bfC\u00f3mo pueden madurar temprano como primicias?<\/li>\n<\/ol>\n<h4>4. Una palabra m\u00e1s de aliento<\/h4>\n<ol>\n<li>What is the significance of the phrase in 2:13, &#8220;salvation in sanctification of the Spirit&#8221; and what does it indicate about a Christian&#8217;s life after regeneration?<\/li>\n<li>According to 2:14, what is the goal of salvation? How do we obtain &#8220;the glory of our Lord&#8221;?<\/li>\n<\/ol>\n<h4>5. Elegidos por Dios para la salvaci\u00f3n en la santificaci\u00f3n del Esp\u00edritu (1)<\/h4>\n<ol>\n<li>How would you answer the questions &#8220;Are you saved?&#8221; and &#8220;How much have you been saved?&#8221;<\/li>\n<li>What is the relationship between the degree of our salvation and the extent of our sanctification? What is your experience on the &#8220;bridge of salvation&#8221;?<\/li>\n<\/ol>\n<h4>6. Elegidos por Dios para la salvaci\u00f3n en la santificaci\u00f3n del Esp\u00edritu (2)<\/h4>\n<ol>\n<li>\u00bfCu\u00e1l es la aplicaci\u00f3n del Esp\u00edritu seg\u00fan 2 Tesalonicenses 2:13? \u00bfQu\u00e9 efecto ha tenido la aplicaci\u00f3n del Esp\u00edritu en tu vida cristiana?<\/li>\n<li>\u00bfC\u00f3mo podemos preservar nuestro esp\u00edritu, alma y cuerpo para vivir una vida santa para la vida de la iglesia?<\/li>\n<\/ol>\n<h4>7. Una palabra final<\/h4>\n<ol>\n<li>\u00bfC\u00f3mo podemos ser imitadores de los ap\u00f3stoles hoy?<\/li>\n<li>\u00bfC\u00f3mo podemos vivir una vida santa para la vida de la iglesia?<\/li>\n<\/ol>","protected":false},"excerpt":{"rendered":"<p>Study questions Life-Study of 1. A Word of Encouragement What is the goal of the Christian life? What does it mean for Christ to be glorified in the saints? 2. A Word of Correction of the Misconception Concerning the Day of the Lord&#8217;s Coming (1) How is the Lord&#8217;s coming related to our rapture? How&hellip;<\/p>","protected":false},"author":17,"featured_media":0,"parent":244,"menu_order":0,"comment_status":"closed","ping_status":"closed","template":"","meta":{"inline_featured_image":false,"_monsterinsights_skip_tracking":false,"_monsterinsights_sitenote_active":false,"_monsterinsights_sitenote_note":"","_monsterinsights_sitenote_category":0,"footnotes":""},"class_list":["post-1894","page","type-page","status-publish","hentry"],"_links":{"self":[{"href":"https:\/\/500lifestudies.org\/es\/wp-json\/wp\/v2\/pages\/1894","targetHints":{"allow":["GET"]}}],"collection":[{"href":"https:\/\/500lifestudies.org\/es\/wp-json\/wp\/v2\/pages"}],"about":[{"href":"https:\/\/500lifestudies.org\/es\/wp-json\/wp\/v2\/types\/page"}],"author":[{"embeddable":true,"href":"https:\/\/500lifestudies.org\/es\/wp-json\/wp\/v2\/users\/17"}],"replies":[{"embeddable":true,"href":"https:\/\/500lifestudies.org\/es\/wp-json\/wp\/v2\/comments?post=1894"}],"version-history":[{"count":0,"href":"https:\/\/500lifestudies.org\/es\/wp-json\/wp\/v2\/pages\/1894\/revisions"}],"up":[{"embeddable":true,"href":"https:\/\/500lifestudies.org\/es\/wp-json\/wp\/v2\/pages\/244"}],"wp:attachment":[{"href":"https:\/\/500lifestudies.org\/es\/wp-json\/wp\/v2\/media?parent=1894"}],"curies":[{"name":"wp","href":"https:\/\/api.w.org\/{rel}","templated":true}]}}