{"id":1887,"date":"2022-03-01T17:51:18","date_gmt":"2022-03-01T17:51:18","guid":{"rendered":"https:\/\/500lifestudies.org\/study-questions\/1-corinthians\/"},"modified":"2022-06-29T04:51:43","modified_gmt":"2022-06-29T04:51:43","slug":"1-corintios","status":"publish","type":"page","link":"https:\/\/500lifestudies.org\/es\/preguntas-de-estudio\/1-corintios\/","title":{"rendered":"1 Corintios"},"content":{"rendered":"<h2>\n\t\tPreguntas de estudio\n\t<\/h2>\n\t<p>Estudio de vida de <\/p>\n<h4>1. Introducci\u00f3n (1)<\/h4>\n<ol>\n<li>\u00bfCu\u00e1les son los dos puntos cruciales sobre 1 Corintios que se abordan en la introducci\u00f3n? Pista: El primer punto crucial indica que 1 Corintios ilustra tres categor\u00edas de vida espiritual. Indica cu\u00e1les son en tu respuesta.<\/li>\n<li>\u00bfC\u00f3mo podemos ver tanto la iglesia universal como la iglesia local en 1 Corintios 1:2? \u00bfCu\u00e1l es el significado de cada una?<\/li>\n<\/ol>\n<h4>2. Introducci\u00f3n (2)<\/h4>\n<ol>\n<li>\u00bfCu\u00e1les son los dos llamados en 1:2 y c\u00f3mo se relacionan?<\/li>\n<li>\u00bfCu\u00e1les son los dones iniciales en 1 Corintios 1:7 y en qu\u00e9 se diferencian de los dones milagrosos mencionados en 1 Corintios 12?<\/li>\n<\/ol>\n<h4>3. Introducci\u00f3n (3)<\/h4>\n<ol>\n<li>\u00bfCu\u00e1l es el significado profundo de la comuni\u00f3n en 1:9?<\/li>\n<li>\u00bfC\u00f3mo resulta la comuni\u00f3n mutua en la unidad dentro y entre todas las iglesias y en la eliminaci\u00f3n de nuestras preferencias?<\/li>\n<\/ol>\n<h4>4. Cristo y su cruz, la \u00fanica soluci\u00f3n a todos los problemas de la Iglesia (1)<\/h4>\n<ol>\n<li>Using 1 Corinthians 1:1-13, explain what Paul&#8217;s solution was to the problem of division in the church.<\/li>\n<li>\u00bfC\u00f3mo es que no tener un lugar, un orador o una doctrina preferidos es una aplicaci\u00f3n pr\u00e1ctica de tomar a Cristo como nuestro centro?<\/li>\n<\/ol>\n<h4>5. Cristo y su cruz, la \u00fanica soluci\u00f3n a todos los problemas de la Iglesia (2)<\/h4>\n<ol>\n<li>What does it mean for Christ to be the center of God&#8217;s economy and also your unique portion?<\/li>\n<li>\u00bfCu\u00e1l es la maravillosa obra y prop\u00f3sito de la cruz en nuestra experiencia?<\/li>\n<\/ol>\n<h4>6. Cristo no est\u00e1 dividido<\/h4>\n<ol>\n<li>What does Paul mean when he speaks of &#8220;the same thing&#8221; in 1 Corinthians 1:10 and how can we speak the same thing?<\/li>\n<li>\u00bfCu\u00e1l es la \u00fanica manera de evitar la divisi\u00f3n y qu\u00e9 significa estar en sinton\u00eda con la misma mente y la misma opini\u00f3n?<\/li>\n<\/ol>\n<h4>7. Christ Crucified, God&#8217;s Power and God&#8217;s Wisdom (1)<\/h4>\n<ol>\n<li>\u00bfPor qu\u00e9 Pablo enfatiz\u00f3 al Cristo crucificado en 1 Corintios 1:18-25?<\/li>\n<li>\u00bfC\u00f3mo aborda la cruz de Cristo el problema de la divisi\u00f3n tal como se vio entre los corintios?<\/li>\n<\/ol>\n<h4>8. Christ Crucified, God&#8217;s Power and God&#8217;s Wisdom (2)<\/h4>\n<ol>\n<li>What does it mean for the crucified Christ to be God&#8217;s power?<\/li>\n<li>What does it mean for the crucified Christ to be God&#8217;s wisdom?<\/li>\n<\/ol>\n<h4>9. Cristo Nuestra Sabidur\u00eda: Justicia, Santificaci\u00f3n y Redenci\u00f3n<\/h4>\n<ol>\n<li>What should be testified through the living of God&#8217;s chosen ones, according to 1:26-28?<\/li>\n<li>Danos un ejemplo de c\u00f3mo necesitas experimentar a Cristo como tu sabidur\u00eda hoy, ya sea como justicia, santificaci\u00f3n o redenci\u00f3n.<\/li>\n<\/ol>\n<h4>10. Cuatro asuntos cruciales para la participaci\u00f3n en Cristo<\/h4>\n<ol>\n<li>Enumere los cuatro asuntos y vers\u00edculos cruciales tratados en este mensaje.<\/li>\n<li>In your own words, connect the four matters together to show how they all relate to the solution to all problems in the church and to God&#8217;s economy.<\/li>\n<\/ol>\n<h4>11. Participaci\u00f3n en la comuni\u00f3n de Cristo<\/h4>\n<ol>\n<li>What is God&#8217;s good pleasure and how does He accomplish this good pleasure?<\/li>\n<li>What does it mean to be called into the fellowship of God&#8217;s Son and how can we experience and enjoy this fellowship?<\/li>\n<\/ol>\n<h4>12. Participar de Cristo como nuestra porci\u00f3n<\/h4>\n<ol>\n<li>How can we see Paul&#8217;s ways of dealing with problems from 1 Corinthians 1:2 and 1:9?<\/li>\n<li>Seg\u00fan 1 Corintios 6:17, \u00bfcu\u00e1l es la clave para experimentar la comuni\u00f3n a la que hemos sido llamados?<\/li>\n<\/ol>\n<h4>13. Experimentar a Cristo como sabidur\u00eda de Dios para nosotros<\/h4>\n<ol>\n<li>\u00bfQu\u00e9 significa decir que la sabidur\u00eda es nuestro camino, la autopista en nuestra vida cristiana, y la justicia, la santificaci\u00f3n y la redenci\u00f3n son los materiales utilizados en la construcci\u00f3n de esta autopista?<\/li>\n<li>How can we experience Christ as wisdom to us from God in each of the three aspects-righteousness, sanctification and redemption?<\/li>\n<\/ol>\n<h4>14. La comuni\u00f3n de Cristo que resulta de la experiencia de \u00c9l<\/h4>\n<ol>\n<li>\u00bfCu\u00e1l es el significado de comuni\u00f3n al que se refiere Pablo en 1 Corintios 1:9?<\/li>\n<li>\u00bfC\u00f3mo nuestro disfrute de Cristo en esta comuni\u00f3n resulta en nuestra experiencia de \u00c9l como sabidur\u00eda en los aspectos de justicia, santificaci\u00f3n y redenci\u00f3n?<\/li>\n<\/ol>\n<h4>15. Christ Crucified, the Focus of the Apostle Paul&#8217;s Ministry<\/h4>\n<ol>\n<li>\u00bfCu\u00e1l es el testimonio de Dios al que se refiere Pablo en el vers\u00edculo 1?<\/li>\n<li>\u00bfC\u00f3mo puedes decir que la determinaci\u00f3n de conocer solo a Cristo incluye a la iglesia? \u00bfC\u00f3mo puede esta pr\u00e1ctica resolver los problemas en la vida de la iglesia?<\/li>\n<\/ol>\n<h4>16. God&#8217;s Wisdom in a Mystery, Christ as the Deep Things of God<\/h4>\n<ol>\n<li>Utilizando 2:6-10 tal como se explica en los vers\u00edculos del cap\u00edtulo 1, explique cu\u00e1l es su destino como cristiano.<\/li>\n<li>\u00bfCu\u00e1les son las cosas profundas de Dios y c\u00f3mo podemos entenderlas y experimentarlas?<\/li>\n<\/ol>\n<h4>17. Comunicar cosas espirituales mediante palabras espirituales a hombres espirituales<\/h4>\n<ol>\n<li>\u00bfQu\u00e9 significa comunicar cosas espirituales con palabras espirituales? \u00bfPor qu\u00e9 es esta una lecci\u00f3n importante para nosotros?<\/li>\n<li>\u00bfCu\u00e1l es la diferencia entre un hombre an\u00edmico y un hombre espiritual y c\u00f3mo podemos llegar a ser hombres espirituales que disciernen las cosas espirituales?<\/li>\n<\/ol>\n<h4>18. Los dos esp\u00edritus en conocer a Cristo como las profundidades de Dios<\/h4>\n<ol>\n<li>\u00bfCu\u00e1les son algunas de las cosas del hombre que el esp\u00edritu del hombre discierne?<\/li>\n<li>\u00bfC\u00f3mo se relaciona conocer los dos esp\u00edritus con conocer las profundidades de Dios? \u00bfC\u00f3mo se relaciona esto con nuestra espiritualidad?<\/li>\n<\/ol>\n<h4>19. El Esp\u00edritu del Hombre Conociendo las Cosas del Hombre y el Esp\u00edritu de Dios Conociendo las Cosas de Dios (1)<\/h4>\n<ol>\n<li>\u00bfC\u00f3mo podemos comparar Romanos y 1 Corintios y en qu\u00e9 sentido podemos decir que 1 Corintios es m\u00e1s precioso que Romanos?<\/li>\n<li>Del Mensaje 19, y con base en 1 Corintios cap\u00edtulos 1 y 2, \u00bfcu\u00e1les son algunas de las cosas del hombre y las cosas de Dios a las que Pablo se refer\u00eda en 2:11?<\/li>\n<\/ol>\n<h4>20. El Esp\u00edritu del Hombre Conociendo las Cosas del Hombre y el Esp\u00edritu de Dios Conociendo las Cosas de Dios (2)<\/h4>\n<ol>\n<li>\u00bfCu\u00e1les son los dos extremos relacionados con el conocimiento y la experiencia del Esp\u00edritu?<\/li>\n<li>What is the Lord&#8217;s recovery today and what should be our concern in His recovery? Make sure to mention how this relates to the central vision.<\/li>\n<\/ol>\n<h4>21. El Esp\u00edritu del Hombre Conociendo las Cosas del Hombre y el Esp\u00edritu de Dios Conociendo las Cosas de Dios (3)<\/h4>\n<ol>\n<li>Da un ejemplo de tu experiencia, de c\u00f3mo el ejercitar tu esp\u00edritu te llev\u00f3 a abrazar la doble naturaleza de una verdad divina.<\/li>\n<li>Seg\u00fan tu experiencia, \u00bfqu\u00e9 resultados suele obtener ejercitando el esp\u00edritu para conocerte a ti mismo?<\/li>\n<\/ol>\n<h4>22. The Church, God&#8217;s Farm and God&#8217;s Building (1)<\/h4>\n<ol>\n<li>In 3:9 the church is called &#8220;God&#8217;s cultivated land.&#8221; What does He grow on His farm?<\/li>\n<li>How can we help one another as plants on God&#8217;s farm, to grow? Who should do this work?<\/li>\n<\/ol>\n<h4>23. The Church, God&#8217;s Farm and God&#8217;s Building (2)<\/h4>\n<ol>\n<li>\u00bfC\u00f3mo podemos regar a otros que vienen a nosotros para tener comuni\u00f3n?<\/li>\n<li>How can we see God&#8217;s eternal goal in 1 Corinthians 3?<\/li>\n<\/ol>\n<h4>24. Crecimiento en la vida necesario (1)<\/h4>\n<ol>\n<li>\u00bfCu\u00e1l es la diferencia entre los dones iniciales, los dones milagrosos y los dones maduros?<\/li>\n<li>\u00bfQu\u00e9 significa crecer en la vida y c\u00f3mo podemos crecer?<\/li>\n<\/ol>\n<h4>25. Crecimiento en la vida necesario (2)<\/h4>\n<ol>\n<li>What is Paul&#8217;s burden in 1 Corinthians 3?<\/li>\n<li>\u00bfCu\u00e1les son tres se\u00f1ales de la infancia espiritual que revelan nuestra necesidad de crecer en la vida?<\/li>\n<\/ol>\n<h4>26. La obra de construcci\u00f3n con materiales transformados<\/h4>\n<ol>\n<li>\u00bfQu\u00e9 significa poner otro fundamento y c\u00f3mo podemos evitarlo?<\/li>\n<li>En la pr\u00e1ctica, \u00bfqu\u00e9 significa construir con oro, plata y piedras preciosas? Usa ejemplos.<\/li>\n<\/ol>\n<h4>27. LA OBRA DE CONSTRUCCI\u00d3N CON COSAS NATURALES<\/h4>\n<ol>\n<li>\u00bfQu\u00e9 significa construir la iglesia con madera, hierba y hojarasca? \u00bfC\u00f3mo podemos evitarlo?<\/li>\n<li>\u00bfCu\u00e1l es la advertencia para quienes construyen con madera, hierba y hojarasca? \u00bfEs una p\u00e9rdida de su salvaci\u00f3n eterna?<\/li>\n<\/ol>\n<h4>28. Construyendo sobre la base \u00fanica<\/h4>\n<ol>\n<li>What is Paul&#8217;s burden in 1 Corinthians 3:10-15?<\/li>\n<li>How do we apply Paul&#8217;s word to our Christian life today?<\/li>\n<\/ol>\n<h4>29. Alimentar, beber, comer, plantar, regar y cultivar<\/h4>\n<ol>\n<li>\u00bfCu\u00e1les son las seis expresiones cruciales utilizadas por Pablo en 1 Corintios cap\u00edtulo 3 y c\u00f3mo podemos experimentar cada uno de estos asuntos?<\/li>\n<li>\u00bfCu\u00e1l es la mayor necesidad y c\u00f3mo debemos responder a ella? \u00bfCu\u00e1l deber\u00eda ser nuestra cooperaci\u00f3n?<\/li>\n<\/ol>\n<h4>30. God&#8217;s Farm and God&#8217;s Building<\/h4>\n<ol>\n<li>What does God&#8217;s farm have to do with God&#8217;s building and how can one be built into God&#8217;s spiritual building?<\/li>\n<li>What is the unique foundation of God&#8217;s building and how can we be saved from laying other foundations?<\/li>\n<\/ol>\n<h4>31. Transformaci\u00f3n para el Edificio<\/h4>\n<ol>\n<li>How does the relationship between God&#8217;s farm and His building indicate a metabolic process of transformation?<\/li>\n<li>What do we need in order to experience the transfusion that results in transformation for God&#8217;s building?<\/li>\n<\/ol>\n<h4>32. \u00bfConstruir o destruir el templo de Dios?<\/h4>\n<ol>\n<li>\u00bfC\u00f3mo podemos ser constituidos del Dios Trino? \u00bfY c\u00f3mo se relaciona este proceso de transformaci\u00f3n con la edificaci\u00f3n?<\/li>\n<li>What is Paul&#8217;s warning not to destroy the temple of God?<\/li>\n<\/ol>\n<h4>33. Todas las cosas para la Iglesia y la Iglesia para Cristo<\/h4>\n<ol>\n<li>\u00bfPor qu\u00e9 hay una falta de edificaci\u00f3n genuina de la iglesia hoy en d\u00eda?<\/li>\n<li>What does it mean to say that all things are ours, we are Christ&#8217;s, and that Christ is God&#8217;s? How can we have the assurance that all things are ours?<\/li>\n<\/ol>\n<h4>34. Administradores de los misterios de Dios (1)<\/h4>\n<ol>\n<li>\u00bfQu\u00e9 es un administrador de los misterios? Explique primero qu\u00e9 es un administrador y luego qu\u00e9 son los misterios.<\/li>\n<li>\u00bfC\u00f3mo podemos ser fieles servidores de Cristo?<\/li>\n<\/ol>\n<h4>35. Administradores de los misterios de Dios (2)<\/h4>\n<ol>\n<li>What was Paul&#8217;s burden in referring to himself as both the offscouring of the world and a begetting father? Based on this word, how should both the Corinthians and we today imitate the apostle?<\/li>\n<li>Explain how Paul&#8217;s word in verse 21 about coming to the Corinthians with a rod or a spirit of meekness reveals his genuine spirituality. How should we learn from Paul in this matter in order to build up the church?<\/li>\n<\/ol>\n<h4>36. Lidiando con un hermano malvado<\/h4>\n<ol>\n<li>How could Paul say &#8220;when you and my spirit are assembled&#8221; if he was not in Corinth? How does this indicate we should deal with all things in the church life?<\/li>\n<li>\u00bfPor qu\u00e9 Pablo se refiere a Cristo, nuestra Pascua, y a la fiesta de los panes sin levadura? \u00bfQu\u00e9 les indica esto a los creyentes del Nuevo Testamento?<\/li>\n<\/ol>\n<h4>37. TRATAMIENTO DEL RECURSO A LA LEY SECULAR <\/h4>\n<ol>\n<li>\u00bfCu\u00e1l fue el origen del problema de las demandas entre los creyentes? \u00bfCu\u00e1ndo has experimentado esto?<\/li>\n<li>\u00bfPor qu\u00e9 dice Pablo que los santos fueron lavados en el nombre de Cristo y no en su sangre? \u00bfC\u00f3mo podemos ser lavados en su nombre?<\/li>\n<\/ol>\n<h4>38. C\u00f3mo afrontar el abuso de la libertad en los alimentos y en el cuerpo (1)<\/h4>\n<ol>\n<li>What is the basic principle of living to which Paul refers to in 1 Corinthians 6:12? How does this principle relate to our living in the central lane of God&#8217;s economy?<\/li>\n<li>\u00bfQu\u00e9 dos \u00e1reas de abuso de la libertad abord\u00f3 Pablo en 1 Corintios 6:13? \u00bfC\u00f3mo debemos aplicar su palabra al cuidar adecuadamente nuestro cuerpo hoy?<\/li>\n<\/ol>\n<h4>39. C\u00f3mo afrontar el abuso de la libertad en los alimentos y en el cuerpo (2)<\/h4>\n<ol>\n<li>\u00bfCu\u00e1l es el significado crucial de 1 Corintios 6:17 y c\u00f3mo practicamos ser un solo esp\u00edritu con el Se\u00f1or?<\/li>\n<li>Describe the central vision of Paul&#8217;s completing ministry and your seeing of this vision.<\/li>\n<\/ol>\n<h4>40. C\u00f3mo afrontar el abuso de la libertad en los alimentos y en el cuerpo (2)<\/h4>\n<ol>\n<li>\u00bfC\u00f3mo pueden nuestros cuerpos llegar a ser miembros de Cristo y templo del Esp\u00edritu Santo?<\/li>\n<li>Explique c\u00f3mo los tres asuntos de que nuestros cuerpos sean miembros de Cristo, de que seamos un esp\u00edritu con el Se\u00f1or y de que nuestro cuerpo sea el templo del Esp\u00edritu Santo son tres aspectos de una sola realidad.<\/li>\n<\/ol>\n<h4>41. C\u00f3mo afrontar la vida matrimonial (1)<\/h4>\n<ol>\n<li>En lugar de analizar nuestra vida matrimonial, \u00bfqu\u00e9 deber\u00edamos hacer?<\/li>\n<li>How does Paul&#8217;s word in 7:7 about remaining single or married depend on the gift not to marry?<\/li>\n<\/ol>\n<h4>42. C\u00f3mo afrontar la vida matrimonial (2)<\/h4>\n<ol>\n<li>\u00bfC\u00f3mo transmite 1 Corintios 7 el esp\u00edritu del escritor Pablo y lo que hab\u00eda en su coraz\u00f3n mientras escrib\u00eda este cap\u00edtulo a los santos all\u00ed?<\/li>\n<li>How does Paul&#8217;s word about not initiating anything and accepting our circumstances express his absoluteness for God? How will entering into his spirit in this chapter also bring us into oneness with God?<\/li>\n<\/ol>\n<h4>43. C\u00f3mo afrontar la vida matrimonial (3)<\/h4>\n<ol>\n<li>\u00bfQu\u00e9 es el principio de la encarnaci\u00f3n? \u00bfC\u00f3mo vemos un ejemplo de este principio en Pablo en 1 Corintios 7?<\/li>\n<li>\u00bfPor qu\u00e9 dice Pablo que \u00e9l manda, pero no \u00e9l, sino el Se\u00f1or?<\/li>\n<\/ol>\n<h4>44. C\u00f3mo tratar el consumo de sacrificios a los \u00eddolos (1)<\/h4>\n<ol>\n<li>\u00bfC\u00f3mo aborda Pablo el problema de comer cosas sacrificadas a los \u00eddolos seg\u00fan el principio del amor que edifica? \u00bfC\u00f3mo nos hace conocer nuestro Dios amoroso?<\/li>\n<li>In dealing with the eating of things sacrificed to idols in 1 Corinthians 8:1-13 how can we see that Paul&#8217;s heart and spirit were concerned for Christ and His members?<\/li>\n<\/ol>\n<h4>45. C\u00f3mo tratar el consumo de sacrificios a los \u00eddolos (2)<\/h4>\n<ol>\n<li>Muchos asuntos de la vida humana son complejos y dif\u00edciles. Seg\u00fan 1 Corintios, \u00bfc\u00f3mo podemos resolver estas preguntas de forma sencilla? \u00bfCon qu\u00e9 principio?<\/li>\n<li>According to 1 Corinthians 9, what is an apostle and what should be the result of an apostle&#8217;s work?<\/li>\n<\/ol>\n<h4>46. C\u00f3mo tratar el consumo de sacrificios a los \u00eddolos (3)<\/h4>\n<ol>\n<li>Explique utilizando 1 Corintios 9 c\u00f3mo la carga que se le dio a Pablo fue tambi\u00e9n un disfrute y una recompensa potencial para \u00e9l.<\/li>\n<li>Explain the matter of reward or punishment for believers using the race metaphor from 9:24-25 as if you were speaking to a Christian who is &#8220;waiting to go to heaven&#8221;<\/li>\n<\/ol>\n<h4>47. El tipo de Israel<\/h4>\n<ol>\n<li>\u00bfPor qu\u00e9 en 1 Corintios 10:1-13 Pablo se refiere a Israel como un tipo?<\/li>\n<li>\u00bfQu\u00e9 aspectos de Israel como modelo podemos aplicar a nuestra carrera cristiana? Incluya los nueve puntos de la advertencia sobre ser abandonados en el desierto.<\/li>\n<\/ol>\n<h4>48. Creciendo en la plena posesi\u00f3n y disfrute de Cristo<\/h4>\n<ol>\n<li>What is the span and scope of God&#8217;s salvation as portrayed by the first section of Israel&#8217;s history?<\/li>\n<li>\u00bfC\u00f3mo podemos aplicar esta parte de su historia a nuestra experiencia hoy y c\u00f3mo podemos tener la seguridad de tener un crecimiento constante en la vida?<\/li>\n<\/ol>\n<h4>49. The Lord&#8217;s Table (1)<\/h4>\n<ol>\n<li>What is the meaning of the word &#8220;fellowship&#8221; in 1 Corinthians 10:16, 18, and 20?<\/li>\n<li>What is the result of our partaking of the Lord&#8217;s table?<\/li>\n<\/ol>\n<h4>50. The Lord&#8217;s Table (2)<\/h4>\n<ol>\n<li>\u00bfC\u00f3mo nos muestra 1 Corintios 1:2, 9 y el cap\u00edtulo 10 que no es suficiente s\u00f3lo creer en Cristo y confiar en \u00c9l?<\/li>\n<li>According to 1 Corinthians chapter 10 and our experience, how is the Lord&#8217;s table related to the good land?<\/li>\n<\/ol>\n<h4>51. La alimentaci\u00f3n adecuada<\/h4>\n<ol>\n<li>\u00bfC\u00f3mo podemos ser liberados de la idolatr\u00eda en materia de nuestro disfrute y ser simplificados para disfrutar s\u00f3lo a Cristo?<\/li>\n<li>Rather than focusing on the four basic principles for the believers&#8217; living what should be our focus in this section of 1 Corinthians?<\/li>\n<\/ol>\n<h4>52. Una visi\u00f3n general de 1 Corintios<\/h4>\n<ol>\n<li>\u00bfCu\u00e1les son los cuatro vers\u00edculos cruciales en 1 y 2 Corintios que hablan del Esp\u00edritu? Explique c\u00f3mo se conectan estos vers\u00edculos.<\/li>\n<li>What are the six problems in the realm of human life and the five problems in the God&#8217;s administration covered in this bird&#8217;s eye view of 1 Corinthians and what are the basic factors for solving the problems in these two realms?<\/li>\n<\/ol>\n<h4>53. C\u00f3mo lidiar con el cubrimiento de la cabeza<\/h4>\n<ol>\n<li>Based on 1 Corinthians 11:3, explain how head covering is related to the headship in God&#8217;s government?<\/li>\n<li>Seg\u00fan 1 Corintios 11:7-15, \u00bfcu\u00e1les son las cinco razones que dio Pablo para su ense\u00f1anza acerca de cubrirse la cabeza?<\/li>\n<\/ol>\n<h4>54. Dealing with the Lord&#8217;s Supper (1)<\/h4>\n<ol>\n<li>What is the difference between the Lord&#8217;s table and the Lord&#8217;s supper?<\/li>\n<li>How can we see both the Lord&#8217;s physical body and His mystical Body on the table and what does it mean to discern the Body?<\/li>\n<\/ol>\n<h4>55. Dealing with the Lord&#8217;s Supper (2)<\/h4>\n<ol>\n<li>How should we take the Lord&#8217;s supper for the remembrance of Him?<\/li>\n<li>\u00bfC\u00f3mo podemos participar del pan y de la copa de manera digna y qu\u00e9 significa discernir el Cuerpo de Cristo?<\/li>\n<\/ol>\n<h4>56. Dealing with the Lord&#8217;s Supper (3)<\/h4>\n<ol>\n<li>What does it mean to declare the Lord&#8217;s death and how is this related to the two comings of Christ?<\/li>\n<li>What is the proper result of our eating the Lord&#8217;s supper and how is this accomplished?<\/li>\n<\/ol>\n<h4>57. C\u00f3mo tratar con los dones (1)<\/h4>\n<ol>\n<li>\u00bfCu\u00e1l es el principio rector de todos los dones espirituales?<\/li>\n<li>What does it mean that to each one is given the manifestation of the Spirit for what is profitable? How is this matter of profit reflected in Paul&#8217;s listing of the gifts?<\/li>\n<\/ol>\n<h4>58. Tratando con los dones (2)<\/h4>\n<ol>\n<li>En 1 Corintios 12, \u00bfcu\u00e1les son tres asuntos que Pablo enfatiza al tratar con los dones espirituales?<\/li>\n<li>\u00bfCu\u00e1l es la constituci\u00f3n del Cuerpo de Cristo y c\u00f3mo podemos participar en ella?<\/li>\n<\/ol>\n<h4>59. Tratando con los dones (3)<\/h4>\n<ol>\n<li>What is the meaning of &#8220;God has tempered\/blended the Body together&#8221; in 12:24? How can we be blended?<\/li>\n<li>\u00bfCon qu\u00e9 prop\u00f3sito ha dado Dios dones a los miembros del Cuerpo?<\/li>\n<\/ol>\n<h4>60. Tratando con los dones (4)<\/h4>\n<ol>\n<li>\u00bfPor qu\u00e9 1 Corintios 13, que trata sobre el amor, se encuentra en medio de una secci\u00f3n sobre los dones espirituales? \u00bfC\u00f3mo podemos tener ese amor?<\/li>\n<li>Seg\u00fan la definici\u00f3n de 1 Corintios 13, \u00bfc\u00f3mo puedes decir que Dios es amor?<\/li>\n<\/ol>\n<h4>61. Tratando con los dones (5)<\/h4>\n<ol>\n<li>As we consider the spiritual gifts, we need to ask what the gifts are for. According to 1 Corinthians 14, what was on Paul&#8217;s heart as he was dealing with the matter of spiritual gifts?<\/li>\n<li>\u00bfQu\u00e9 significa profetizar seg\u00fan la Biblia? Explique la diferencia entre anunciar o predecir. \u00bfEn qu\u00e9 aspecto se necesita crecimiento en la vida?<\/li>\n<\/ol>\n<h4>62. Tratando con los dones (6)<\/h4>\n<ol>\n<li>\u00bfCu\u00e1l es la distinci\u00f3n entre el Cuerpo y la iglesia en 1 Corintios 12 y 14?<\/li>\n<li>What is the problem with today&#8217;s tongues speaking? What are four reasons for not encouraging tongues-speaking?<\/li>\n<\/ol>\n<h4>63. Tratando con los dones (7)<\/h4>\n<ol>\n<li>What does the word &#8220;has&#8221; mean in 1 Corinthians 14:26 and how is this related to the unique purpose and goal of our meetings?<\/li>\n<li>What does it mean for &#8220;the spirits of the prophets to be subject to the prophets&#8221; in 1 Corinthians 14:32?<\/li>\n<\/ol>\n<h4>64. Una reuni\u00f3n cristiana apropiada<\/h4>\n<ol>\n<li>\u00bfC\u00f3mo se reun\u00edan los primeros cristianos y qu\u00e9 se debe demostrar en una reuni\u00f3n cristiana apropiada?<\/li>\n<li>\u00bfC\u00f3mo podemos tener una vida cristiana diaria adecuada y c\u00f3mo se relaciona esto con nuestras reuniones?<\/li>\n<\/ol>\n<h4>65. TRATANDO EL ASUNTO DE LA RESURRECCI\u00d3N (1)<\/h4>\n<ol>\n<li>What is resurrection and how is it central to God&#8217;s administration?<\/li>\n<li>\u00bfC\u00f3mo ser\u00eda el evangelio y nuestra vida cristiana sin la resurrecci\u00f3n de Cristo?<\/li>\n<\/ol>\n<h4>66. TRATANDO EL ASUNTO DE LA RESURRECCI\u00d3N (2)<\/h4>\n<ol>\n<li>\u00bfC\u00f3mo utiliza Pablo la experiencia en lugar de la doctrina para refutar las afirmaciones de que no hay resurrecci\u00f3n?<\/li>\n<li>\u00bfC\u00f3mo se relaciona la resurrecci\u00f3n con el reino y el liderazgo de Cristo?<\/li>\n<\/ol>\n<h4>67. TRATANDO EL ASUNTO DE LA RESURRECCI\u00d3N (3)<\/h4>\n<ol>\n<li>According to the context of 1 Corinthians 15:33, what is Paul&#8217;s reference to the Greek saying, &#8220;Do not be deceived, evil companionships corrupt good morals,&#8221; referring to?<\/li>\n<li>\u00bfC\u00f3mo se contiene y oculta la realidad de la resurrecci\u00f3n en la naturaleza, especialmente en la vida vegetal?<\/li>\n<\/ol>\n<h4>68. TRATANDO EL ASUNTO DE LA RESURRECCI\u00d3N (4)<\/h4>\n<ol>\n<li>Explique c\u00f3mo la resurrecci\u00f3n de Cristo se relaciona con nosotros y nuestra experiencia subjetivamente.<\/li>\n<li>Describe c\u00f3mo la resurrecci\u00f3n es un motivo en la obra del Se\u00f1or.<\/li>\n<\/ol>\n<h4>69. Tratamiento de la recolecci\u00f3n de la donaci\u00f3n y conclusi\u00f3n<\/h4>\n<ol>\n<li>\u00bfC\u00f3mo es posible para nosotros vencer el poder de Mamm\u00f3n?<\/li>\n<li>What five matters in the second section of 1 Corinthians that are needed to carry out God&#8217;s administration? Focus particularly on how God&#8217;s administration depends on our living in resurrection.<\/li>\n<\/ol>","protected":false},"excerpt":{"rendered":"<p>Study questions Life-Study of 1. Introduction (1) What are the two crucial points concerning 1 Corinthians addressed in the introduction? Hint: the first crucial point indicates that 1 Corinthians illustrates three categories of spiritual life. Indicate what these are in your answer. How can we see both the universal church and local church in 1&hellip;<\/p>","protected":false},"author":17,"featured_media":0,"parent":244,"menu_order":0,"comment_status":"closed","ping_status":"closed","template":"","meta":{"inline_featured_image":false,"_monsterinsights_skip_tracking":false,"_monsterinsights_sitenote_active":false,"_monsterinsights_sitenote_note":"","_monsterinsights_sitenote_category":0,"footnotes":""},"class_list":["post-1887","page","type-page","status-publish","hentry"],"_links":{"self":[{"href":"https:\/\/500lifestudies.org\/es\/wp-json\/wp\/v2\/pages\/1887","targetHints":{"allow":["GET"]}}],"collection":[{"href":"https:\/\/500lifestudies.org\/es\/wp-json\/wp\/v2\/pages"}],"about":[{"href":"https:\/\/500lifestudies.org\/es\/wp-json\/wp\/v2\/types\/page"}],"author":[{"embeddable":true,"href":"https:\/\/500lifestudies.org\/es\/wp-json\/wp\/v2\/users\/17"}],"replies":[{"embeddable":true,"href":"https:\/\/500lifestudies.org\/es\/wp-json\/wp\/v2\/comments?post=1887"}],"version-history":[{"count":0,"href":"https:\/\/500lifestudies.org\/es\/wp-json\/wp\/v2\/pages\/1887\/revisions"}],"up":[{"embeddable":true,"href":"https:\/\/500lifestudies.org\/es\/wp-json\/wp\/v2\/pages\/244"}],"wp:attachment":[{"href":"https:\/\/500lifestudies.org\/es\/wp-json\/wp\/v2\/media?parent=1887"}],"curies":[{"name":"wp","href":"https:\/\/api.w.org\/{rel}","templated":true}]}}