{"id":1523,"date":"2022-01-14T01:49:22","date_gmt":"2022-01-14T01:49:22","guid":{"rendered":"https:\/\/500lifestudies.org\/?page_id=1523"},"modified":"2022-12-31T00:13:41","modified_gmt":"2022-12-31T00:13:41","slug":"secuencia-recomendada","status":"publish","type":"page","link":"https:\/\/500lifestudies.org\/es\/secuencia-recomendada\/","title":{"rendered":"Secuencia recomendada"},"content":{"rendered":"<h1>\n\t\tSecuencia recomendada\n\t<\/h1>\n\t<p>Hay un total de 1.984 mensajes del Estudio-vida, que se han ordenado en cuatro \u201cniveles\u201d de lectura recomendados.<\/p>\n<h2>\n\t\tnivel 1\n\t<\/h2>\n\t<p><strong>530 mensajes<\/strong><\/p>\n\t<ul>\n<li>Mateo (72 mensajes)<\/li>\n<li>Juan (51)<\/li>\n<li>Romanos (69)<\/li>\n<li>G\u00e1latas (46)<\/li>\n<li>Efesios (97)<\/li>\n<li>Filipenses (62)<\/li>\n<li>Colosenses (65)<\/li>\n<li>Apocalipsis (68)<\/li>\n<\/ul>\n<h2>\n\t\tnivel 2\n\t<\/h2>\n\t<p><strong>502 mensajes<\/strong><\/p>\n\t<ul>\n<li>G\u00e9nesis (120)<\/li>\n<li>\u00c9xodo (185)<\/li>\n<li>1 Corintios (69)<\/li>\n<li>2 Corintios (59)<\/li>\n<li>Hebreos (69)<\/li>\n<\/ul>\n<h2>\n\t\tnivel 3\n\t<\/h2>\n\t<p><strong>507 mensajes<\/strong><\/p>\n\t<ul>\n<li>Lev\u00edtico (64)<\/li>\n<li>N\u00fameros (53)<\/li>\n<li>Marcos (70)<\/li>\n<li>Lucas (79)<\/li>\n<li>Hechos (72)<\/li>\n<li>1 y 2 Tesalonicenses (31)<\/li>\n<li>1 y 2 Timoteo, Tito, Filem\u00f3n (28)<\/li>\n<li>Jacobo (14)<\/li>\n<li>1 Pedro (34)<\/li>\n<li>2 Pedro (13)<\/li>\n<li>1-3 Juan (44)<\/li>\n<li>Judas (5)<\/li>\n<\/ul>\n<h2>\n\t\tNivel 4\n\t<\/h2>\n\t<p><strong>445 mensajes<\/strong><\/p>\n\t<ul>\n<li>Deuteronomio (30)<\/li>\n<li>Josu\u00e9 (15)<\/li>\n<li>Jueces (10)<\/li>\n<li>Rut (8)<\/li>\n<li>1 y 2 Samuel (38)<\/li>\n<li>1 y 2 Reyes (23)<\/li>\n<li>1 y 2 Cr\u00f3nicas, Esdras, Nehem\u00edas, Ester (26)<\/li>\n<li>Job (38)<\/li>\n<li>Salmos (45)<\/li>\n<li>Proverbios, Eclesiast\u00e9s, Cantar de los Cantares (20)<\/li>\n<li>Isa\u00edas (54)<\/li>\n<li>Jerem\u00edas, Lamentaciones (44)<\/li>\n<li>Ezequiel (27)<\/li>\n<li>Daniel (17)<\/li>\n<li>Profetas menores (35)<\/li>\n<li>Zacar\u00edas (15)<\/li>\n<\/ul>","protected":false},"excerpt":{"rendered":"<p>Secuencia recomendada Hay un total de 1.984 mensajes del Estudio-vida, que se han organizado en cuatro \u201cniveles\u201d de lectura recomendados. nivel 1 530 mensajes Mateo (72 mensajes) Juan (51) Romanos (69) G\u00e1latas (46) Efesios (97) Filipenses (62) Colosenses (65) Apocalipsis (68) nivel 2 502 mensajes G\u00e9nesis (120) \u00c9xodo (185) 1 Corintios (69) 2 Corintios (59)\u2026<\/p>","protected":false},"author":103,"featured_media":0,"parent":0,"menu_order":0,"comment_status":"closed","ping_status":"closed","template":"","meta":{"inline_featured_image":false,"_monsterinsights_skip_tracking":false,"_monsterinsights_sitenote_active":false,"_monsterinsights_sitenote_note":"","_monsterinsights_sitenote_category":0,"footnotes":""},"class_list":["post-1523","page","type-page","status-publish","hentry"],"_links":{"self":[{"href":"https:\/\/500lifestudies.org\/es\/wp-json\/wp\/v2\/pages\/1523","targetHints":{"allow":["GET"]}}],"collection":[{"href":"https:\/\/500lifestudies.org\/es\/wp-json\/wp\/v2\/pages"}],"about":[{"href":"https:\/\/500lifestudies.org\/es\/wp-json\/wp\/v2\/types\/page"}],"author":[{"embeddable":true,"href":"https:\/\/500lifestudies.org\/es\/wp-json\/wp\/v2\/users\/103"}],"replies":[{"embeddable":true,"href":"https:\/\/500lifestudies.org\/es\/wp-json\/wp\/v2\/comments?post=1523"}],"version-history":[{"count":0,"href":"https:\/\/500lifestudies.org\/es\/wp-json\/wp\/v2\/pages\/1523\/revisions"}],"wp:attachment":[{"href":"https:\/\/500lifestudies.org\/es\/wp-json\/wp\/v2\/media?parent=1523"}],"curies":[{"name":"wp","href":"https:\/\/api.w.org\/{rel}","templated":true}]}}