{"id":1498,"date":"2022-01-13T22:48:54","date_gmt":"2022-01-13T22:48:54","guid":{"rendered":"https:\/\/500lifestudies.org\/?page_id=1498"},"modified":"2023-03-07T02:31:41","modified_gmt":"2023-03-07T02:31:41","slug":"preguntas-mas-frecuentes","status":"publish","type":"page","link":"https:\/\/500lifestudies.org\/es\/preguntas-mas-frecuentes\/","title":{"rendered":"Preguntas Frecuentes"},"content":{"rendered":"<h1>\n\t\tPreguntas frecuentes\n\t<\/h1>\n\t<p>Si tiene preguntas adicionales que no se enumeran a continuaci\u00f3n, comun\u00edquese con nosotros <a href=\"https:\/\/500lifestudies.org\/es\/contactenos\/\"><strong>aqu\u00ed<\/strong><\/a>.<\/p>\n\t<strong>P: \u00bfQu\u00e9 es un estudio-vida?<\/strong><br \/>\nR: Una obra monumental y cl\u00e1sica de Witness Lee, <em>Estudio-vida de la Biblia<\/em> es una exposici\u00f3n libro por libro de toda la Biblia desde la perspectiva de la econom\u00eda neotestamentaria de Dios. En contraste con un estudio b\u00edblico tradicional o una exposici\u00f3n de la Biblia, los mensajes del Estudio-vida (o simplemente \u201cEstudios-vida\u201d) presentan verdades b\u00edblicas clave mientras ministran el suministro de vida espiritual. Como tales, no deben leerse simplemente para obtener conocimiento o incluso comprensi\u00f3n doctrinal, sino con un esp\u00edritu ejercitado y mucha oraci\u00f3n en comuni\u00f3n con Dios. Para mayor informaci\u00f3n por favor visite\u00a0<a href=\"https:\/\/www.lifestudy.com\/\" target=\"_blank\" rel=\"noopener\">www.lifestudy.com<\/a>.\n<p>&nbsp;<\/p>\n<strong>P: \u00bfPor qu\u00e9 este proyecto se llama 500 Life-studies?<\/strong><br \/>\nR: En los cap\u00edtulos 9 y 10 de <em>Capacitaci\u00f3n de ancianos, Libro 3: La manera de llevar a cabo la visi\u00f3n<\/em>, Witness Lee dice que cualquiera que haya le\u00eddo correctamente quinientos mensajes del Estudio-vida ser\u00e1 un excelente creyente. Aunque esto no debe tomarse legalmente, muchos pueden testificar de esto en su experiencia.\n<p>&nbsp;<\/p>\n<strong>P: \u00bfC\u00f3mo leo un mensaje de estudio-vida?<\/strong><br \/>\nR: Lo m\u00e1s importante al leer los Estudios-vida o cualquier ministerio es leerlos con oraci\u00f3n. Esto significa que, ante todo, tenemos que ejercitar nuestro esp\u00edritu y orar para tener contacto con el Se\u00f1or antes, durante y despu\u00e9s de leer. Necesitamos mezclar nuestra lectura con la oraci\u00f3n, con el coraz\u00f3n vuelto al Se\u00f1or. De esta manera, permitimos que el Se\u00f1or nos ilumine y dispense Su vida en nosotros. Para obtener m\u00e1s informaci\u00f3n sobre c\u00f3mo leer correctamente los Estudios-vida, consulte <a href=\"https:\/\/500lifestudies.org\/es\/empezando\/\" target=\"_blank\" rel=\"noopener\">Iniciando<\/a> y <a href=\"https:\/\/500lifestudies.org\/es\/manera-de-estudiar\/\" target=\"_blank\" rel=\"noopener\">Manera de estudiar<\/a>.\n<p>&nbsp;<\/p>\n<strong>P: \u00bfCu\u00e1ntos mensajes de estudio-vida hay en total?<\/strong><br \/>\nR: Hay 1.984 mensajes de estudio-vida en total, publicados en quince vol\u00famenes de <em>Estudio-vida del Antiguo Testamento<\/em> y diecisiete tomos de <em>Estudio-vida del Nuevo Testamento<\/em>. Tambi\u00e9n hay 436 mensajes en ocho vol\u00famenes de<em>Estudio-vida del Nuevo Testamento, Mensajes de conclusi\u00f3n<\/em>. Todos estos mensajes fueron originalmente dirigidos a una congregaci\u00f3n y han sido editados para su publicaci\u00f3n impresa. Puedes averiguar en qu\u00e9 a\u00f1os se pronunciaron los mensajes.\u00a0<a href=\"https:\/\/500lifestudies.org\/es\/cronologia\/\" target=\"_blank\" rel=\"noopener\">aqu\u00ed<\/a>, y puede obtener m\u00e1s informaci\u00f3n sobre los estudios de vida en su conjunto. <a href=\"https:\/\/www.lifestudy.com\" target=\"_blank\" rel=\"noopener\">aqu\u00ed<\/a>.\n<p>&nbsp;<\/p>\n<strong>P: \u00bfTiene alguna recomendaci\u00f3n sobre qu\u00e9 estudios de vida leer primero?<\/strong><br \/>\nR: Hemos organizado los 1.984 mensajes del Estudio-vida en cuatro niveles sugeridos para lectura secuencial. El nivel 1 consiste en estudios-vida de Mateo (72 mensajes), Juan (51), Romanos (69), G\u00e1latas (46), Efesios (97), Filipenses (62), Colosenses (65) y Apocalipsis (68), un total de 530 mensajes. Los niveles 2, 3 y 4 se pueden encontrar <a href=\"https:\/\/500lifestudies.org\/es\/secuencia-recomendada\/\" target=\"_blank\" rel=\"noopener\">aqu\u00ed<\/a>. Los niveles 1 y 2 se basan principalmente en recomendaciones de Witness Lee. Sin embargo, tenga en cuenta que proporcionamos esto solo como una gu\u00eda y crea que no importa qu\u00e9 Estudio-vida lea, recibir\u00e1 la verdad y la vida de cada mensaje si los lee con oraci\u00f3n.\n<p>&nbsp;<\/p>\n<strong>P: \u00bfD\u00f3nde puedo leer los Estudios-vida?<\/strong><br \/>\nR: Puede leer los Estudios-vida gratis en el <a href=\"https:\/\/500lifestudies.org\/es\/aplicacion-movil\/\" target=\"_blank\" rel=\"noopener\">500 aplicaci\u00f3n de estudios de vida<\/a> o en <a href=\"https:\/\/www.ministrybooks.org\/\" target=\"_blank\" rel=\"noopener\">ministeriolibros.org<\/a>. Las ediciones impresas de los Estudios de vida est\u00e1n disponibles para su compra en Living Stream Ministry. <a href=\"https:\/\/www.livingstream.com\/en\/36-life-study-of-the-bible\" target=\"_blank\" rel=\"noopener\">librer\u00eda en l\u00ednea<\/a>. Los estudios de vida tambi\u00e9n est\u00e1n disponibles como libros electr\u00f3nicos en Apple Books, Google Play, Amazon, Barnes and Noble y Kobo.\n<p>&nbsp;<\/p>\n<strong>P: \u00bfQu\u00e9 debo hacer una vez que haya le\u00eddo 500 mensajes de estudio-vida? <\/strong><br \/>\nR: Si bien este proyecto se enfoca en alcanzar el hito de 500 estudios de vida, recomendamos enf\u00e1ticamente a todos que eventualmente lean el libro completo. <em>Estudio-vida de la Biblia<\/em>, que contiene 1.984 mensajes en total. Por este motivo, hemos agregado hitos adicionales de 750, 1000, 1250, 1500, 1750 y 1984 en la aplicaci\u00f3n m\u00f3vil. Estos hitos aparecer\u00e1n una vez que haya alcanzado el hito 500.\n<p>&nbsp;<\/p>\n<strong>P: \u00bfQu\u00e9 correos electr\u00f3nicos recibo si me uno a la lista de correo?<\/strong><br \/>\nR: Recibir\u00e1 actualizaciones y anuncios peri\u00f3dicos.\n<p>&nbsp;<\/p>\n<strong>P: \u00bfQu\u00e9 hace la aplicaci\u00f3n m\u00f3vil?<\/strong><br \/>\nR: La aplicaci\u00f3n m\u00f3vil permite a los usuarios crear horarios de lectura personalizados, hacer sus lecturas en la aplicaci\u00f3n y realizar un seguimiento de su progreso hacia (y m\u00e1s all\u00e1) 500 mensajes de estudio de vida. En versiones futuras de la aplicaci\u00f3n, tambi\u00e9n habr\u00e1 una funci\u00f3n de grupo que permitir\u00e1 a los usuarios interactuar entre s\u00ed en grupos para alentarse mutuamente.\n<p>&nbsp;<\/p>\n<strong>P: \u00bfC\u00f3mo reporto errores o env\u00edo comentarios?<\/strong><br \/>\nR: Puede informar errores y\/o dar su opini\u00f3n sobre <a href=\"https:\/\/500lifestudies.canny.io\" target=\"_blank\" rel=\"noopener\">https:\/\/500lifestudies.canny.io<\/a>\u00a0o envi\u00e1ndonos un correo electr\u00f3nico a <a href=\"mailto:info@500lifestudies.org\">info@500lifestudies.org<\/a>.\n<p>&nbsp;<\/p>","protected":false},"excerpt":{"rendered":"<p>Preguntas frecuentes Si tiene preguntas adicionales que no se enumeran a continuaci\u00f3n, cont\u00e1ctenos aqu\u00ed. P: \u00bfQu\u00e9 es un Estudio-vida? R: Estudio-vida de la Biblia, una obra monumental y cl\u00e1sica de Witness Lee, es una exposici\u00f3n libro por libro de toda la Biblia desde la perspectiva de la econom\u00eda neotestamentaria de Dios. A diferencia de una Biblia tradicional...<\/p>","protected":false},"author":103,"featured_media":0,"parent":0,"menu_order":0,"comment_status":"closed","ping_status":"closed","template":"","meta":{"inline_featured_image":false,"_monsterinsights_skip_tracking":false,"_monsterinsights_sitenote_active":false,"_monsterinsights_sitenote_note":"","_monsterinsights_sitenote_category":0,"footnotes":""},"class_list":["post-1498","page","type-page","status-publish","hentry"],"_links":{"self":[{"href":"https:\/\/500lifestudies.org\/es\/wp-json\/wp\/v2\/pages\/1498","targetHints":{"allow":["GET"]}}],"collection":[{"href":"https:\/\/500lifestudies.org\/es\/wp-json\/wp\/v2\/pages"}],"about":[{"href":"https:\/\/500lifestudies.org\/es\/wp-json\/wp\/v2\/types\/page"}],"author":[{"embeddable":true,"href":"https:\/\/500lifestudies.org\/es\/wp-json\/wp\/v2\/users\/103"}],"replies":[{"embeddable":true,"href":"https:\/\/500lifestudies.org\/es\/wp-json\/wp\/v2\/comments?post=1498"}],"version-history":[{"count":0,"href":"https:\/\/500lifestudies.org\/es\/wp-json\/wp\/v2\/pages\/1498\/revisions"}],"wp:attachment":[{"href":"https:\/\/500lifestudies.org\/es\/wp-json\/wp\/v2\/media?parent=1498"}],"curies":[{"name":"wp","href":"https:\/\/api.w.org\/{rel}","templated":true}]}}