{"id":1448,"date":"2022-01-09T17:21:23","date_gmt":"2022-01-09T17:21:23","guid":{"rendered":"https:\/\/500lifestudies.org\/?page_id=1448"},"modified":"2023-11-22T23:06:40","modified_gmt":"2023-11-22T23:06:40","slug":"cronologia","status":"publish","type":"page","link":"https:\/\/500lifestudies.org\/es\/cronologia\/","title":{"rendered":"Cronolog\u00eda"},"content":{"rendered":"<h1>\n\t\tCronolog\u00eda\n\t<\/h1>\n\t<p>La siguiente es la secuencia hist\u00f3rica por a\u00f1o de cuando se dieron los mensajes del Estudio-vida.<\/p>\n<h2>\n\t\t1970\n\t<\/h2>\n\t<ul>\n<li class=\"translation-block\">1971: Ezequiel (compilado de <em>Las visiones de Ezequiel<\/em> )<\/li>\n<li>1974-1978: G\u00e9nesis<\/li>\n<li>1974: Romanos<\/li>\n<li>1975: Juan<\/li>\n<li>1975: Hebreos<\/li>\n<li>1976: Revelaci\u00f3n<\/li>\n<li>1977: Mateo<\/li>\n<li>1978: Efesios<\/li>\n<li>1979-1982: \u00c9xodo<\/li>\n<li>1979: Colosenses<\/li>\n<li>1979: G\u00e1latas<\/li>\n<\/ul>\n<h2>\n\t\t1980\n\t<\/h2>\n\t<ul>\n<li>1980: Filipenses<\/li>\n<li>1980: 1 y 2 Timoteo, Tito y Filem\u00f3n<\/li>\n<li>1981: 1 Corintios<\/li>\n<li>1981-1982: 2 Corintios<\/li>\n<li>1982: 1 y 2 Tesalonicenses<\/li>\n<li>1982: 1 y 2 Pedro y Judas<\/li>\n<li>1983: 1, 2, 3 Juan<\/li>\n<li>1983: Marcos, Jacobo<\/li>\n<li>1984: Lucas<\/li>\n<li>1984: Hechos<\/li>\n<li>1988: Lev\u00edtico<\/li>\n<li>1989: N\u00fameros<\/li>\n<\/ul>\n<h2>\n\t\t1990\n\t<\/h2>\n\t<ul>\n<li>1990: Deuteronomio<\/li>\n<li>1990: Isa\u00edas<\/li>\n<li>1991: Daniel, Zacar\u00edas<\/li>\n<li>1991: Jerem\u00edas, Lamentaciones<\/li>\n<li>1992-1993: Salmos<\/li>\n<li>1992: Profetas menores<\/li>\n<li>1992: Job<\/li>\n<li>1993: Josu\u00e9, Jueces, Rut<\/li>\n<li>1993: 1 y 2 Samuel<\/li>\n<li>1994: 1 y 2 Reyes<\/li>\n<li>1994: 1 y 2 Cr\u00f3nicas, Esdras, Nehem\u00edas, Ester<\/li>\n<li>1995: Proverbios, Eclesiast\u00e9s, Cantar de los Cantares<\/li>\n<\/ul>","protected":false},"excerpt":{"rendered":"<p>Cronolog\u00eda La siguiente es la secuencia hist\u00f3rica por a\u00f1o en que se dieron los mensajes del Estudio-vida. D\u00e9cada de 1970 1971: Ezequiel (compilado de Las visiones de Ezequiel) 1974-1978: G\u00e9nesis 1974: Romanos 1975: Juan 1975: Hebreos 1976: Apocalipsis 1977: Mateo 1978: Efesios 1979-1982: \u00c9xodo 1979: Colosenses 1979: s 1980 1980: Filipenses 1980: 1 y 2 Timoteo, Tito y\u2026<\/p>","protected":false},"author":64,"featured_media":0,"parent":0,"menu_order":0,"comment_status":"closed","ping_status":"closed","template":"","meta":{"inline_featured_image":false,"_monsterinsights_skip_tracking":false,"_monsterinsights_sitenote_active":false,"_monsterinsights_sitenote_note":"","_monsterinsights_sitenote_category":0,"footnotes":""},"class_list":["post-1448","page","type-page","status-publish","hentry"],"_links":{"self":[{"href":"https:\/\/500lifestudies.org\/es\/wp-json\/wp\/v2\/pages\/1448","targetHints":{"allow":["GET"]}}],"collection":[{"href":"https:\/\/500lifestudies.org\/es\/wp-json\/wp\/v2\/pages"}],"about":[{"href":"https:\/\/500lifestudies.org\/es\/wp-json\/wp\/v2\/types\/page"}],"author":[{"embeddable":true,"href":"https:\/\/500lifestudies.org\/es\/wp-json\/wp\/v2\/users\/64"}],"replies":[{"embeddable":true,"href":"https:\/\/500lifestudies.org\/es\/wp-json\/wp\/v2\/comments?post=1448"}],"version-history":[{"count":0,"href":"https:\/\/500lifestudies.org\/es\/wp-json\/wp\/v2\/pages\/1448\/revisions"}],"wp:attachment":[{"href":"https:\/\/500lifestudies.org\/es\/wp-json\/wp\/v2\/media?parent=1448"}],"curies":[{"name":"wp","href":"https:\/\/api.w.org\/{rel}","templated":true}]}}