{"id":1280,"date":"2021-12-08T16:46:38","date_gmt":"2021-12-08T16:46:38","guid":{"rendered":"https:\/\/500lifestudies.org\/?page_id=1280"},"modified":"2021-12-08T16:57:42","modified_gmt":"2021-12-08T16:57:42","slug":"inscribirse","status":"publish","type":"page","link":"https:\/\/500lifestudies.org\/es\/inscribirse\/","title":{"rendered":"Inscribirse"},"content":{"rendered":"<h2>\n\t\tACTUALIZACIONES POR CORREO ELECTR\u00d3NICO\n\t<\/h2>\n\t<p>Reg\u00edstrese para recibir actualizaciones peri\u00f3dicas y testimonios alentadores.<\/p>\n<h2>\n\t\tdescarga de la aplicaci\u00f3n\n\t<\/h2>\n\t<p>Descarga la aplicaci\u00f3n de seguimiento de progreso para tu tel\u00e9fono disponible para iOS y Android.\u00a0<a href=\"https:\/\/500lifestudies.org\/es\/phone-app\/\">M\u00e1s informaci\u00f3n<\/a><\/p>\n\t\t\t<a href=\"\" target=\"_self\" role=\"button\" rel=\"noopener\">\n\t\t\t\t\t\t\tDescargar para iOS\n\t\t\t\t\t<\/a>\n\t\t\t<a href=\"\" target=\"_self\" role=\"button\" rel=\"noopener\">\n\t\t\t\t\t\t\tDescargar para Android\n\t\t\t\t\t<\/a>","protected":false},"excerpt":{"rendered":"<p>ACTUALIZACIONES POR CORREO ELECTR\u00d3NICO. Suscr\u00edbete para recibir actualizaciones peri\u00f3dicas y testimonios alentadores. Descarga la aplicaci\u00f3n de seguimiento de progreso para tu tel\u00e9fono, disponible para iOS y Android. M\u00e1s informaci\u00f3n. Descarga para iOS. Descarga para Android.<\/p>","protected":false},"author":103,"featured_media":0,"parent":0,"menu_order":0,"comment_status":"closed","ping_status":"closed","template":"","meta":{"inline_featured_image":false,"_monsterinsights_skip_tracking":false,"_monsterinsights_sitenote_active":false,"_monsterinsights_sitenote_note":"","_monsterinsights_sitenote_category":0,"footnotes":""},"class_list":["post-1280","page","type-page","status-publish","hentry"],"_links":{"self":[{"href":"https:\/\/500lifestudies.org\/es\/wp-json\/wp\/v2\/pages\/1280","targetHints":{"allow":["GET"]}}],"collection":[{"href":"https:\/\/500lifestudies.org\/es\/wp-json\/wp\/v2\/pages"}],"about":[{"href":"https:\/\/500lifestudies.org\/es\/wp-json\/wp\/v2\/types\/page"}],"author":[{"embeddable":true,"href":"https:\/\/500lifestudies.org\/es\/wp-json\/wp\/v2\/users\/103"}],"replies":[{"embeddable":true,"href":"https:\/\/500lifestudies.org\/es\/wp-json\/wp\/v2\/comments?post=1280"}],"version-history":[{"count":0,"href":"https:\/\/500lifestudies.org\/es\/wp-json\/wp\/v2\/pages\/1280\/revisions"}],"wp:attachment":[{"href":"https:\/\/500lifestudies.org\/es\/wp-json\/wp\/v2\/media?parent=1280"}],"curies":[{"name":"wp","href":"https:\/\/api.w.org\/{rel}","templated":true}]}}