{"id":1258,"date":"2021-12-08T03:16:04","date_gmt":"2021-12-08T03:16:04","guid":{"rendered":"https:\/\/500lifestudies.org\/?page_id=1258"},"modified":"2024-11-07T11:05:50","modified_gmt":"2024-11-07T11:05:50","slug":"aplicacion-movil","status":"publish","type":"page","link":"https:\/\/500lifestudies.org\/es\/aplicacion-movil\/","title":{"rendered":"Aplicaci\u00f3n movil"},"content":{"rendered":"<h1>\n\t\tAplicaci\u00f3n movil\n\t<\/h1>\n\t<p>\u00a1Disponible para iOS y Android!<\/p>\n\t\t\t<a href=\"#download\" target=\"_self\" rel=\"noopener\">\n\t\t\t\t\t\t\tDESCARGAR\n\t\t\t\t\t<\/a>\n<h2>\n\t\tHaga horarios\n\t<\/h2>\n\t<p>Cree uno o m\u00e1s horarios de lectura que se adapten a su capacidad y tiempo de lectura. Considere comenzar poco a poco para lograr una mejor consistencia.<\/p>\n<p><em>\u201c\u00bfQui\u00e9n menospreci\u00f3 el d\u00eda de las cosas peque\u00f1as?\u201d<\/em> (Zacar\u00edas 4:10a)<\/p>\n\t\t<h2>\n\t\tLea en la aplicaci\u00f3n\n\t<\/h2>\n\t<p class=\"translation-block\">Lea en la aplicaci\u00f3n a trav\u00e9s de un lector simple o de la integraci\u00f3n de <a href=\"https:\/\/www.ministrybooks.org\/\" target=\"_blank\" rel=\"noopener\">Ministrybooks.org<\/a> (disponible de forma gratuita o con una suscripci\u00f3n de pago).<\/p>\n<p><em>\u201cY leyeron en el libro, en la ley de Dios, interpretando y dando el sentido, para que entendieran la lectura\u201d.<\/em> (Nehem\u00edas 8:8)<\/p>\n\t\t<h2>\n\t\tRevise el progreso\n\t<\/h2>\n\t<p>Visualice su progreso a medida que avanza para alcanzar sus objetivos y gane insignias de metas alcanzadas en el camino.<\/p>\n<p><em>\u201cNunca olvides la carrera entre la liebre y la tortuga. La tortuga gana la carrera. Si seguimos avanzando lentamente, ganaremos la carrera\u201d.<\/em> (Witness Lee, <em>Capacitaci\u00f3n de ancianos, Libro 3: La forma de llevar a cabo la visi\u00f3n,<\/em> Cap\u00edtulo 13)<\/p>\n\t<h2>DESCARGUE LA APLICACI\u00d3N<\/h2>\n\t<p>Descargue la aplicaci\u00f3n 500 Estudios-vida en su dispositivo m\u00f3vil. Disponible de forma gratuita para iOS y Android.<\/p>\n\t\t\t\t<img decoding=\"async\" src=\"http:\/\/500lifestudies.org\/wp-content\/uploads\/2021\/07\/magnets_1.svg\" alt=\"imanes_1\" title=\"imanes_1\" itemprop=\"image\"\/>","protected":false},"excerpt":{"rendered":"<p>Aplicaci\u00f3n m\u00f3vil \u00a1Disponible para iOS y Android! DESCARGAR crear horarios Cree uno o m\u00e1s horarios de lectura que se adapten a su capacidad y tiempo de lectura. Considere comenzar poco a poco para lograr una mejor consistencia. \u201c\u00bfQui\u00e9n menospreci\u00f3 el d\u00eda de las cosas peque\u00f1as?\u201d (Zac. 4:10a) Leer en la aplicaci\u00f3n Acceda a su lectura directamente en la aplicaci\u00f3n a trav\u00e9s de...<\/p>","protected":false},"author":103,"featured_media":0,"parent":0,"menu_order":0,"comment_status":"closed","ping_status":"closed","template":"","meta":{"inline_featured_image":false,"_monsterinsights_skip_tracking":false,"_monsterinsights_sitenote_active":false,"_monsterinsights_sitenote_note":"","_monsterinsights_sitenote_category":0,"footnotes":""},"class_list":["post-1258","page","type-page","status-publish","hentry"],"_links":{"self":[{"href":"https:\/\/500lifestudies.org\/es\/wp-json\/wp\/v2\/pages\/1258","targetHints":{"allow":["GET"]}}],"collection":[{"href":"https:\/\/500lifestudies.org\/es\/wp-json\/wp\/v2\/pages"}],"about":[{"href":"https:\/\/500lifestudies.org\/es\/wp-json\/wp\/v2\/types\/page"}],"author":[{"embeddable":true,"href":"https:\/\/500lifestudies.org\/es\/wp-json\/wp\/v2\/users\/103"}],"replies":[{"embeddable":true,"href":"https:\/\/500lifestudies.org\/es\/wp-json\/wp\/v2\/comments?post=1258"}],"version-history":[{"count":0,"href":"https:\/\/500lifestudies.org\/es\/wp-json\/wp\/v2\/pages\/1258\/revisions"}],"wp:attachment":[{"href":"https:\/\/500lifestudies.org\/es\/wp-json\/wp\/v2\/media?parent=1258"}],"curies":[{"name":"wp","href":"https:\/\/api.w.org\/{rel}","templated":true}]}}